{"id":71291,"date":"2021-02-21T19:13:06","date_gmt":"2021-02-21T19:13:06","guid":{"rendered":"https:\/\/www.autonvaraosahaku.fi\/?product=sasic-4001540-tukivarren-hela"},"modified":"2021-02-21T19:13:10","modified_gmt":"2021-02-21T19:13:10","slug":"sasic-4001540-tukivarren-hela","status":"publish","type":"product","link":"https:\/\/www.autonvaraosahaku.fi\/?product=sasic-4001540-tukivarren-hela","title":{"rendered":"SASIC 4001540 Tukivarren hela"},"content":{"rendered":"<p>Asennuspuoli: etuakseli molemminpuoleinen, Alla; Kiinnitysmalli: Kumimetallilaakeri; Ohjausmalli: Kolmiotukivarsi (KA\/LA), Kolmiotukivarsi (KA\/LA); Sis\u00e4l\u00e4pimitta [mm]: 12; Ulkol\u00e4pimitta [mm]: 45,5; Pituus, sis\u00e4 (mm): 46; Pituus, ulko (mm): 29,5; OE-numerolle: 8200651161; RENAULT: CLIO II BB0\/1\/2_, CB0\/1\/2_,KANGOO KC0\/1_,KANGOO Express FC0\/1_,CLIO II Kasten SB0\/1\/2_,THALIA I LB0\/1\/2_,THALIA II LU1\/2_; 7700419066, 7700419236, 7700419249, 7700424399, 7700424459, 8200651161, 8200651162, 8200711554<\/p>\n","protected":false},"excerpt":{"rendered":"<p>SASIC Tukivarren Hela 4001540  RENAULT,CLIO II BB0\/1\/2_, CB0\/1\/2_,KANGOO KC0\/1_,KANGOO Express FC0\/1_,CLIO II Kasten SB0\/1\/2_,THALIA I LB0\/1\/2_<\/p>\n","protected":false},"featured_media":0,"template":"","meta":{"site-sidebar-layout":"default","site-content-layout":"default","ast-global-header-display":"","ast-main-header-display":"","ast-hfb-above-header-display":"","ast-hfb-below-header-display":"","ast-hfb-mobile-header-display":"","site-post-title":"","ast-breadcrumbs-content":"","ast-featured-img":"","footer-sml-layout":"","theme-transparent-header-meta":"","adv-header-id-meta":"","stick-header-meta":"","header-above-stick-meta":"","header-main-stick-meta":"","header-below-stick-meta":""},"pwb-brand":[110],"product_cat":[115],"product_tag":[],"class_list":{"0":"post-71291","1":"product","2":"type-product","3":"status-publish","5":"pwb-brand-sasic","6":"product_cat-tukivarren-hela","7":"desktop-align-left","8":"tablet-align-left","9":"mobile-align-left","11":"first","12":"instock","13":"product-type-external"},"brands":[{"id":110,"name":"SASIC","slug":"sasic"}],"_links":{"self":[{"href":"https:\/\/www.autonvaraosahaku.fi\/index.php?rest_route=\/wp\/v2\/product\/71291","targetHints":{"allow":["GET"]}}],"collection":[{"href":"https:\/\/www.autonvaraosahaku.fi\/index.php?rest_route=\/wp\/v2\/product"}],"about":[{"href":"https:\/\/www.autonvaraosahaku.fi\/index.php?rest_route=\/wp\/v2\/types\/product"}],"wp:attachment":[{"href":"https:\/\/www.autonvaraosahaku.fi\/index.php?rest_route=%2Fwp%2Fv2%2Fmedia&parent=71291"}],"wp:term":[{"taxonomy":"pwb-brand","embeddable":true,"href":"https:\/\/www.autonvaraosahaku.fi\/index.php?rest_route=%2Fwp%2Fv2%2Fpwb-brand&post=71291"},{"taxonomy":"product_cat","embeddable":true,"href":"https:\/\/www.autonvaraosahaku.fi\/index.php?rest_route=%2Fwp%2Fv2%2Fproduct_cat&post=71291"},{"taxonomy":"product_tag","embeddable":true,"href":"https:\/\/www.autonvaraosahaku.fi\/index.php?rest_route=%2Fwp%2Fv2%2Fproduct_tag&post=71291"}],"curies":[{"name":"wp","href":"https:\/\/api.w.org\/{rel}","templated":true}]}}