{"id":71333,"date":"2021-02-21T19:13:26","date_gmt":"2021-02-21T19:13:26","guid":{"rendered":"https:\/\/www.autonvaraosahaku.fi\/?product=hengst-filter-h209w-oljynsuodatin"},"modified":"2021-02-21T19:13:26","modified_gmt":"2021-02-21T19:13:26","slug":"hengst-filter-h209w-oljynsuodatin","status":"publish","type":"product","link":"https:\/\/www.autonvaraosahaku.fi\/?product=hengst-filter-h209w-oljynsuodatin","title":{"rendered":"HENGST FILTER H209W \u00d6ljynsuodatin"},"content":{"rendered":"<p>Suodatintyyppi: Ruuvattava suodatin; Ulkol\u00e4pimitta [mm]: 102,0; Tiivisteen l\u00e4pimitta [mm]: 72,0; Liitinkierre: M26x1,5; Korkeus (mm): 127,5; Valmistusvuosi alkaen: 06\/1986; MAZDA: E-SERIE Kasten SR2,B-SERIE UF,MPV I LV,B-SERIE Pritsche\/Fahrgestell UF; KIA: CARNIVAL I UP; HYUNDAI: TERRACAN HP,GALLOPER II JK-01,H-1 Kasten,H-1 \/ STAREX,H100 Bus P,H100 Kasten,H100 Pritsche\/Fahrgestell,PORTER Pick-up; FORD: FOCUS II DA_,FUSION Stufenheck CD3; MITSUBISHI: PAJERO III V7_W, V6_W,L 200 K7_T, K6_T,L 200 KB_T, KA_T,PAJERO II V3_W, V2_W, V4_W,L 300 Bus P0_W, P1_W, P2_W,PAJERO SPORT K90,PAJERO I L04_G, L14_G,PAJERO CLASSIC V2_W,SPACE RUNNER N1_W, N2_W,L 400 \/ SPACE GEAR Bus PD_W, PC_W, PA_V, PB_V,COLT III C5_A,GALLOPER JK-01,L 300 Pritsche\/Fahrgestell L03_P,LANCER V Station Wagon CB_W, CD_W,GALANT IV E3_A,LANCER V CB\/D_A,L 200 Pritsche\/Fahrgestell KA_T, KB_T,SPACE WAGON N3_W, N4_W,GALANT IV Stufenheck E3_A,PAJERO SPORT VAN K90,LANCER IV C6_A, C7_A,PAJERO III Gel\u00e4ndewagen offen V6_W, V7_W,L 300 Kasten P0_W, P1_W,PAJERO I Canvas Top L04_G,L 200 K3_T, K2_T, K1_T, K0_T,GALANT V Stufenheck E5_A, E7_A, E8_A,GALANT V E5_A, E7_A, E8_A,PAJERO II Canvas Top V2_W, V4_W,COLT II C1_A,LANCER III Station Wagon C1_V, C3_V,GALANT III E1_A,L 400 Kasten PD_W, PC_W, PB_V, PA_W, PA_V,LANCER IV Stufenheck C6_A,PAJERO SPORT II KH_, KG_,L 300 Pritsche\/Fahrgestell P1_T,LANCER III C1_A, C6_A,DELICA; E5TZ6731A, 2630042000, 2630042010, 2630042020, OVS0114302, VSY114302, VSY114302A, VSY114302B, VSY314302, 1230A045, 1230A114, 1230A186, MD069782, MD184086, MD326489, MZ690071, PC121101, 1560178010<\/p>\n","protected":false},"excerpt":{"rendered":"<p>HENGST FILTER \u00d6ljynsuodatin H209W  MAZDA,KIA,HYUNDAI,E-SERIE Kasten SR2,B-SERIE UF,MPV I LV,B-SERIE Pritsche\/Fahrgestell UF,CARNIVAL I UP,TERRACAN HP<\/p>\n","protected":false},"featured_media":0,"template":"","meta":{"site-sidebar-layout":"default","site-content-layout":"default","ast-global-header-display":"","ast-main-header-display":"","ast-hfb-above-header-display":"","ast-hfb-below-header-display":"","ast-hfb-mobile-header-display":"","site-post-title":"","ast-breadcrumbs-content":"","ast-featured-img":"","footer-sml-layout":"","theme-transparent-header-meta":"","adv-header-id-meta":"","stick-header-meta":"","header-above-stick-meta":"","header-main-stick-meta":"","header-below-stick-meta":""},"pwb-brand":[336],"product_cat":[30],"product_tag":[],"class_list":{"0":"post-71333","1":"product","2":"type-product","3":"status-publish","5":"pwb-brand-hengst-filter","6":"product_cat-oljynsuodatin","7":"desktop-align-left","8":"tablet-align-left","9":"mobile-align-left","11":"first","12":"instock","13":"product-type-external"},"brands":[{"id":336,"name":"HENGST FILTER","slug":"hengst-filter"}],"_links":{"self":[{"href":"https:\/\/www.autonvaraosahaku.fi\/index.php?rest_route=\/wp\/v2\/product\/71333","targetHints":{"allow":["GET"]}}],"collection":[{"href":"https:\/\/www.autonvaraosahaku.fi\/index.php?rest_route=\/wp\/v2\/product"}],"about":[{"href":"https:\/\/www.autonvaraosahaku.fi\/index.php?rest_route=\/wp\/v2\/types\/product"}],"wp:attachment":[{"href":"https:\/\/www.autonvaraosahaku.fi\/index.php?rest_route=%2Fwp%2Fv2%2Fmedia&parent=71333"}],"wp:term":[{"taxonomy":"pwb-brand","embeddable":true,"href":"https:\/\/www.autonvaraosahaku.fi\/index.php?rest_route=%2Fwp%2Fv2%2Fpwb-brand&post=71333"},{"taxonomy":"product_cat","embeddable":true,"href":"https:\/\/www.autonvaraosahaku.fi\/index.php?rest_route=%2Fwp%2Fv2%2Fproduct_cat&post=71333"},{"taxonomy":"product_tag","embeddable":true,"href":"https:\/\/www.autonvaraosahaku.fi\/index.php?rest_route=%2Fwp%2Fv2%2Fproduct_tag&post=71333"}],"curies":[{"name":"wp","href":"https:\/\/api.w.org\/{rel}","templated":true}]}}