{"id":71342,"date":"2021-02-21T19:13:26","date_gmt":"2021-02-21T19:13:26","guid":{"rendered":"https:\/\/www.autonvaraosahaku.fi\/?product=trw-gdb3332dte-jarrupalat"},"modified":"2021-02-21T19:13:28","modified_gmt":"2021-02-21T19:13:28","slug":"trw-gdb3332dte-jarrupalat","status":"publish","type":"product","link":"https:\/\/www.autonvaraosahaku.fi\/?product=trw-gdb3332dte-jarrupalat","title":{"rendered":"TRW GDB3332DTE Jarrupalat"},"content":{"rendered":"<p>Valmistaja rajaus: TRW; Kulumisenilmaisimen liitos: Ei kulumisenilmaisimelle; Pituus (mm): 116,4; Korkeus (mm): 52,5; Paksuus [mm]: 17,3; Korvaava tuote\/korvaava tiedote 2: Jarrusatulan ruuveilla; Lis\u00e4tarvike\/lis\u00e4tieto: Tarvikkeilla; Jarrut: V\u00e4h\u00e4np\u00f6ly\u00e4v\u00e4t jarrupalat\/-hihnat, my\u00f6s reijitetyille jarrulevyille; Tarkistuskilpi: E9 90R-02A1062\/0754; M\u00e4\u00e4r\u00e4yksikk\u00f6: Akselisarja; Tuotelinja: DTEC COTEC; Tuning: 1; Asennuspuoli: Vorderachse; LADA: VESTA,VESTA SW; NISSAN: MICRA III K12,NOTE E11,MICRA C+C K12; DACIA: DUSTER,LOGAN MCV KS_,LODGY,DOKKER,DOKKER Express,LOGAN EXPRESS FS_,LOGAN Pick-up US_,DUSTER Kasten; RENAULT: CLIO III BR0\/1, CR0\/1,MODUS \/ GRAND MODUS F\/JP0_,CLIO IV,KANGOO \/ GRAND KANGOO KW0\/1_,CLIO Grandtour KR0\/1_,CAPTUR,KANGOO Express FW0\/1_,CLIO Grandtour IV,KANGOO BE BOP KW0\/1_,CLIO III Kasten SB_, SR_,DUSTER,LOGAN I Kombi KS_,MEGANE IV B9A\/M_,MEGANE IV Grandtour K9A\/M_,LOGAN EXPRESS,CLIO IV Kasten,LOGAN II Kombi; 410608481R, 7701208422, 8671016692, 410608481R, 41060AX625, D1060AX60A, D1060AX61A, D1060AX61F, D1060BH40A, 410604076R, 410608481R, 7701208422, 8671016692; Jarrupalasarja,Jarrupala, Levyjarru<\/p>\n","protected":false},"excerpt":{"rendered":"<p>TRW Jarrupalat GDB3332DTE Jarrupalasarja,Jarrupala, Levyjarru LADA,NISSAN,DACIA,VESTA,VESTA SW,MICRA III K12,NOTE E11,MICRA C+C K12,DUSTER<\/p>\n","protected":false},"featured_media":0,"template":"","meta":{"site-sidebar-layout":"default","site-content-layout":"default","ast-global-header-display":"","ast-main-header-display":"","ast-hfb-above-header-display":"","ast-hfb-below-header-display":"","ast-hfb-mobile-header-display":"","site-post-title":"","ast-breadcrumbs-content":"","ast-featured-img":"","footer-sml-layout":"","theme-transparent-header-meta":"","adv-header-id-meta":"","stick-header-meta":"","header-above-stick-meta":"","header-main-stick-meta":"","header-below-stick-meta":""},"pwb-brand":[332],"product_cat":[100],"product_tag":[],"class_list":{"0":"post-71342","1":"product","2":"type-product","3":"status-publish","5":"pwb-brand-trw","6":"product_cat-jarrupalat","7":"desktop-align-left","8":"tablet-align-left","9":"mobile-align-left","11":"first","12":"instock","13":"product-type-external"},"brands":[{"id":332,"name":"TRW","slug":"trw"}],"_links":{"self":[{"href":"https:\/\/www.autonvaraosahaku.fi\/index.php?rest_route=\/wp\/v2\/product\/71342","targetHints":{"allow":["GET"]}}],"collection":[{"href":"https:\/\/www.autonvaraosahaku.fi\/index.php?rest_route=\/wp\/v2\/product"}],"about":[{"href":"https:\/\/www.autonvaraosahaku.fi\/index.php?rest_route=\/wp\/v2\/types\/product"}],"wp:attachment":[{"href":"https:\/\/www.autonvaraosahaku.fi\/index.php?rest_route=%2Fwp%2Fv2%2Fmedia&parent=71342"}],"wp:term":[{"taxonomy":"pwb-brand","embeddable":true,"href":"https:\/\/www.autonvaraosahaku.fi\/index.php?rest_route=%2Fwp%2Fv2%2Fpwb-brand&post=71342"},{"taxonomy":"product_cat","embeddable":true,"href":"https:\/\/www.autonvaraosahaku.fi\/index.php?rest_route=%2Fwp%2Fv2%2Fproduct_cat&post=71342"},{"taxonomy":"product_tag","embeddable":true,"href":"https:\/\/www.autonvaraosahaku.fi\/index.php?rest_route=%2Fwp%2Fv2%2Fproduct_tag&post=71342"}],"curies":[{"name":"wp","href":"https:\/\/api.w.org\/{rel}","templated":true}]}}