{"id":71373,"date":"2021-02-21T19:13:39","date_gmt":"2021-02-21T19:13:39","guid":{"rendered":"https:\/\/www.autonvaraosahaku.fi\/?product=monroe-g8196-iskunvaimennin"},"modified":"2021-02-21T19:13:40","modified_gmt":"2021-02-21T19:13:40","slug":"monroe-g8196-iskunvaimennin","status":"publish","type":"product","link":"https:\/\/www.autonvaraosahaku.fi\/?product=monroe-g8196-iskunvaimennin","title":{"rendered":"MONROE G8196 Iskunvaimennin"},"content":{"rendered":"<p>Iskunvaimennin tyyppi: Kaasupaine; Iskunvaimennin malli: Joustintuki; Iskunvaimennusj\u00e4rjestelm\u00e4: Kaksiputki; Paino [kg]: 5,100; Reik\u00e4-\u00d8 [mm]: 32; suurin pituus [mm]: 550; v\u00e4h. pituus [mm]: 384; parilliset tuotenumerot: G8195; Pakkauspituus [cm]: 57,5; Pakkausleveys [cm]: 20,3; Pakkauskorkeus [mm]: 20,3; Tullitariffinumero: 87088035; Tappil\u00e4pimitta [mm]: 22; Asennuspuoli: Vorderachse; CHEVROLET: ORLANDO J309,CRUZE J300,CRUZE Station Wagon J308,CRUZE Schr\u00e4gheck J305; OPEL: ASTRA J Sports Tourer,ASTRA J,ZAFIRA TOURER C P12,ASTRA J Stufenheck; VAUXHALL: ZAFIRA Mk III P12,ASTRA Mk VI J,ASTRA Mk VI J Sedan,ASTRA Mk VI J Estate; 13261196, 13307870, 13329593, 13329595, 13329597, 13331986, 13331988, 13337807, 13347296, 13347298, 13402938, 13412716, 13412718, 13412720, 13412722, 13310091, 13310093, 13310099, 13310101, 13333973, 13333975, 13333976, 13333977, 13333979, 13338915, 13338917, 13338919, 13338923, 13338925, 13354011, 13354013, 13354015, 13354025, 13354027, 13354028, 13354029, 13354031, 13354035, 13354037, 13354039, 13368503, 13368505, 13368507, 13368509, 13412591, 13412595, 13412597, 13412609, 13412610, 13412611, 13419911, 13419913, 13419915, 13419921, 13473991, 13473993, 13474003, 13474021, 13474023, 13474025, 13474031, 344477, 344483, 344485, 344593, 344595, 344597, 344598, 344599, 344601, 344620, 344622, 344624, 344629, 344702, 344712, 344713, 344714, 344716, 344743, 344745, 344747, 344753, 344755, 344757, 344766, 344768, 344770, 344772, 344915, 344917, 344935, 344937, 344991, 344995, 344996, 344997, 345001, 345003, 345005, 345011, 345115, 345128, 345133, 345144, 345148, 345150, 345156, 13310091, 13&#8230;; Iskarit,Iskunvaimennin<\/p>\n","protected":false},"excerpt":{"rendered":"<p>MONROE Iskunvaimentimet MONROE ORIGINAL (Gas Technology) G8196 Iskarit,Iskunvaimennin CHEVROLET,OPEL,VAUXHALL,ORLANDO J309,CRUZE J300<\/p>\n","protected":false},"featured_media":0,"template":"","meta":{"site-sidebar-layout":"default","site-content-layout":"default","ast-global-header-display":"","ast-main-header-display":"","ast-hfb-above-header-display":"","ast-hfb-below-header-display":"","ast-hfb-mobile-header-display":"","site-post-title":"","ast-breadcrumbs-content":"","ast-featured-img":"","footer-sml-layout":"","theme-transparent-header-meta":"","adv-header-id-meta":"","stick-header-meta":"","header-above-stick-meta":"","header-main-stick-meta":"","header-below-stick-meta":""},"pwb-brand":[79],"product_cat":[80],"product_tag":[],"class_list":{"0":"post-71373","1":"product","2":"type-product","3":"status-publish","5":"pwb-brand-monroe","6":"product_cat-iskunvaimennin","7":"desktop-align-left","8":"tablet-align-left","9":"mobile-align-left","11":"first","12":"instock","13":"product-type-external"},"brands":[{"id":79,"name":"MONROE","slug":"monroe"}],"_links":{"self":[{"href":"https:\/\/www.autonvaraosahaku.fi\/index.php?rest_route=\/wp\/v2\/product\/71373","targetHints":{"allow":["GET"]}}],"collection":[{"href":"https:\/\/www.autonvaraosahaku.fi\/index.php?rest_route=\/wp\/v2\/product"}],"about":[{"href":"https:\/\/www.autonvaraosahaku.fi\/index.php?rest_route=\/wp\/v2\/types\/product"}],"wp:attachment":[{"href":"https:\/\/www.autonvaraosahaku.fi\/index.php?rest_route=%2Fwp%2Fv2%2Fmedia&parent=71373"}],"wp:term":[{"taxonomy":"pwb-brand","embeddable":true,"href":"https:\/\/www.autonvaraosahaku.fi\/index.php?rest_route=%2Fwp%2Fv2%2Fpwb-brand&post=71373"},{"taxonomy":"product_cat","embeddable":true,"href":"https:\/\/www.autonvaraosahaku.fi\/index.php?rest_route=%2Fwp%2Fv2%2Fproduct_cat&post=71373"},{"taxonomy":"product_tag","embeddable":true,"href":"https:\/\/www.autonvaraosahaku.fi\/index.php?rest_route=%2Fwp%2Fv2%2Fproduct_tag&post=71373"}],"curies":[{"name":"wp","href":"https:\/\/api.w.org\/{rel}","templated":true}]}}