{"id":71380,"date":"2021-02-21T19:13:39","date_gmt":"2021-02-21T19:13:39","guid":{"rendered":"https:\/\/www.autonvaraosahaku.fi\/?product=hjs-82-22-4306-pakoputken-asennussarja"},"modified":"2021-02-21T19:13:42","modified_gmt":"2021-02-21T19:13:42","slug":"hjs-82-22-4306-pakoputken-asennussarja","status":"publish","type":"product","link":"https:\/\/www.autonvaraosahaku.fi\/?product=hjs-82-22-4306-pakoputken-asennussarja","title":{"rendered":"HJS 82 22 4306 Pakoputken asennussarja"},"content":{"rendered":"<p>Pakoputkisto: takavaimentimelle; Vain jnk. yhteydess\u00e4: OE-Schalld\u00e4mpfer; Materiaali: Ruostumaton ter\u00e4s; Moottorinumero: 8HP\/ 8HR (DV4C); OPEL: CROSSLAND X; CITRO\u00cbN: C3 Picasso,C4 CACTUS,C3 III SX,C3 AIRCROSS II; PEUGEOT: 207 WA_, WC_,207 CC WD_,207 SW WK_,208,2008; 1611427680, 173087, 1730AC, 1730AF, 9818337180, 9818337780, PSA4385, 3645856, 1607707080, 1609233380, 1611427680, 1611427880, 1613967980, 173077, 173078, 173079, 173080, 173082, 173083, 173084, 173085, 173086, 173087, 173088, 173089, 1730AA, 1730AC, 1730AE, 1730AF, 1730KT, 1730T5, 9818337180, 9818337780, PSA4385, PSA4399; Pakoputken Kannatinkumi,Pidike, Vaimennin<\/p>\n","protected":false},"excerpt":{"rendered":"<p>HJS Pakoputken Kannatin 82 22 4306 Pakoputken Kannatinkumi,Pidike, Vaimennin OPEL,CITRO\u00cbN,PEUGEOT,CROSSLAND X,C3 Picasso,C4 CACTUS,C3 III SX<\/p>\n","protected":false},"featured_media":0,"template":"","meta":{"site-sidebar-layout":"default","site-content-layout":"default","ast-global-header-display":"","ast-main-header-display":"","ast-hfb-above-header-display":"","ast-hfb-below-header-display":"","ast-hfb-mobile-header-display":"","site-post-title":"","ast-breadcrumbs-content":"","ast-featured-img":"","footer-sml-layout":"","theme-transparent-header-meta":"","adv-header-id-meta":"","stick-header-meta":"","header-above-stick-meta":"","header-main-stick-meta":"","header-below-stick-meta":""},"pwb-brand":[344],"product_cat":[101],"product_tag":[],"class_list":{"0":"post-71380","1":"product","2":"type-product","3":"status-publish","5":"pwb-brand-hjs","6":"product_cat-pakoputken-asennussarja","7":"desktop-align-left","8":"tablet-align-left","9":"mobile-align-left","11":"first","12":"instock","13":"product-type-external"},"brands":[{"id":344,"name":"HJS","slug":"hjs"}],"_links":{"self":[{"href":"https:\/\/www.autonvaraosahaku.fi\/index.php?rest_route=\/wp\/v2\/product\/71380","targetHints":{"allow":["GET"]}}],"collection":[{"href":"https:\/\/www.autonvaraosahaku.fi\/index.php?rest_route=\/wp\/v2\/product"}],"about":[{"href":"https:\/\/www.autonvaraosahaku.fi\/index.php?rest_route=\/wp\/v2\/types\/product"}],"wp:attachment":[{"href":"https:\/\/www.autonvaraosahaku.fi\/index.php?rest_route=%2Fwp%2Fv2%2Fmedia&parent=71380"}],"wp:term":[{"taxonomy":"pwb-brand","embeddable":true,"href":"https:\/\/www.autonvaraosahaku.fi\/index.php?rest_route=%2Fwp%2Fv2%2Fpwb-brand&post=71380"},{"taxonomy":"product_cat","embeddable":true,"href":"https:\/\/www.autonvaraosahaku.fi\/index.php?rest_route=%2Fwp%2Fv2%2Fproduct_cat&post=71380"},{"taxonomy":"product_tag","embeddable":true,"href":"https:\/\/www.autonvaraosahaku.fi\/index.php?rest_route=%2Fwp%2Fv2%2Fproduct_tag&post=71380"}],"curies":[{"name":"wp","href":"https:\/\/api.w.org\/{rel}","templated":true}]}}