{"id":71382,"date":"2021-02-21T19:13:39","date_gmt":"2021-02-21T19:13:39","guid":{"rendered":"https:\/\/www.autonvaraosahaku.fi\/?product=ridex-1180s0149-jousijalan-tukilaakeri"},"modified":"2021-02-21T19:13:42","modified_gmt":"2021-02-21T19:13:42","slug":"ridex-1180s0149-jousijalan-tukilaakeri","status":"publish","type":"product","link":"https:\/\/www.autonvaraosahaku.fi\/?product=ridex-1180s0149-jousijalan-tukilaakeri","title":{"rendered":"RIDEX 1180S0149 Jousijalan tukilaakeri"},"content":{"rendered":"<p>Korvaava tuote\/korvaava tiedote 2: laakerilla; Asennuspuoli: Vorderachse; DAEWOO: NEXIA KLETN,NEXIA Stufenheck KLETN,CIELO Stufenheck; OPEL: KADETT E CC 33_, 34_, 43_, 44_,KADETT E Cabriolet 43B_,KADETT E 39_, 49_,KADETT E Caravan 35_, 36_, 45_, 46_,KADETT E Kasten 37_, 47_,KADETT E Combo 38_, 48_; VAUXHALL: ASTRA Mk II CC; 0344509, 90184756, 344509, 90184756, 0344509, 344509; Iskarin Yl\u00e4p\u00e4\u00e4,Iskunvaimentimen Yl\u00e4p\u00e4\u00e4<\/p>\n","protected":false},"excerpt":{"rendered":"<p>RIDEX Jousijalan Tukilaakeri 1180S0149 Iskarin Yl\u00e4p\u00e4\u00e4,Iskunvaimentimen Yl\u00e4p\u00e4\u00e4 DAEWOO,OPEL,VAUXHALL,NEXIA KLETN,NEXIA Stufenheck KLETN,CIELO Stufenheck<\/p>\n","protected":false},"featured_media":0,"template":"","meta":{"site-sidebar-layout":"default","site-content-layout":"default","ast-global-header-display":"","ast-main-header-display":"","ast-hfb-above-header-display":"","ast-hfb-below-header-display":"","ast-hfb-mobile-header-display":"","site-post-title":"","ast-breadcrumbs-content":"","ast-featured-img":"","footer-sml-layout":"","theme-transparent-header-meta":"","adv-header-id-meta":"","stick-header-meta":"","header-above-stick-meta":"","header-main-stick-meta":"","header-below-stick-meta":""},"pwb-brand":[157],"product_cat":[45],"product_tag":[],"class_list":{"0":"post-71382","1":"product","2":"type-product","3":"status-publish","5":"pwb-brand-ridex","6":"product_cat-jousijalan-tukilaakeri","7":"desktop-align-left","8":"tablet-align-left","9":"mobile-align-left","11":"first","12":"instock","13":"product-type-external"},"brands":[{"id":157,"name":"RIDEX","slug":"ridex"}],"_links":{"self":[{"href":"https:\/\/www.autonvaraosahaku.fi\/index.php?rest_route=\/wp\/v2\/product\/71382","targetHints":{"allow":["GET"]}}],"collection":[{"href":"https:\/\/www.autonvaraosahaku.fi\/index.php?rest_route=\/wp\/v2\/product"}],"about":[{"href":"https:\/\/www.autonvaraosahaku.fi\/index.php?rest_route=\/wp\/v2\/types\/product"}],"wp:attachment":[{"href":"https:\/\/www.autonvaraosahaku.fi\/index.php?rest_route=%2Fwp%2Fv2%2Fmedia&parent=71382"}],"wp:term":[{"taxonomy":"pwb-brand","embeddable":true,"href":"https:\/\/www.autonvaraosahaku.fi\/index.php?rest_route=%2Fwp%2Fv2%2Fpwb-brand&post=71382"},{"taxonomy":"product_cat","embeddable":true,"href":"https:\/\/www.autonvaraosahaku.fi\/index.php?rest_route=%2Fwp%2Fv2%2Fproduct_cat&post=71382"},{"taxonomy":"product_tag","embeddable":true,"href":"https:\/\/www.autonvaraosahaku.fi\/index.php?rest_route=%2Fwp%2Fv2%2Fproduct_tag&post=71382"}],"curies":[{"name":"wp","href":"https:\/\/api.w.org\/{rel}","templated":true}]}}