{"id":71397,"date":"2021-02-21T19:13:46","date_gmt":"2021-02-21T19:13:46","guid":{"rendered":"https:\/\/www.autonvaraosahaku.fi\/?product=jp-group-1591800100-hehkutulppa"},"modified":"2021-02-21T19:13:47","modified_gmt":"2021-02-21T19:13:47","slug":"jp-group-1591800100-hehkutulppa","status":"publish","type":"product","link":"https:\/\/www.autonvaraosahaku.fi\/?product=jp-group-1591800100-hehkutulppa","title":{"rendered":"JP GROUP 1591800100 Hehkutulppa"},"content":{"rendered":"<p>J\u00e4nnite (V): 11,5; Kierremitta: M10 x 1; Kokonaispituus (mm): 147; Asennussyvyys (mm): 35, 35; Avainv\u00e4li: 10, 10; Liittimet: M4, M4; Hehkutulppatyyppi: j\u00e4lkihehkutuksenkest\u00e4v\u00e4; Moottorinumero: D5BA; FORD: MONDEO III Kombi BWY,S-MAX WA6,GALAXY WA6,MONDEO III B5Y,TRANSIT MK-7 Kasten,MONDEO III Stufenheck B4Y,TRANSIT MK-7 Bus,TRANSIT Kasten FA_ _,TRANSIT Bus FD_ _, FB_ _, FS_ _, FZ_ _, FC_ _,TRANSIT MK-7 Pritsche\/Fahrgestell,TRANSIT Pritsche\/Fahrgestell FM_ _, FN_ _,TRANSIT TOURNEO FB; FIAT: DUCATO Kasten 250,DUCATO Pritsche\/Fahrgestell 250,DUCATO Bus 250; PEUGEOT: BOXER Kasten,BOXER Bus,BOXER Pritsche\/Fahrgestell; CITRO\u00cbN: JUMPER Kasten,JUMPER Bus,JUMPER Pritsche\/Fahrgestell; LAND ROVER: DEFENDER Station Wagon LD; JAGUAR: X-TYPE CF1; 9659279280, 596089, 5960G2, 9659279280, 1096527, 1309471, 1459460, 1C1O6M090AA, 4612191, 7C166M090AA, XS7U6M090BA, XS7U6M090BB, C2S40053, JD61164, 9659279280, LR004377, 596088, 5960G2<\/p>\n","protected":false},"excerpt":{"rendered":"<p>JP GROUP Hehkutulppa JP Group 1591800100  FORD,FIAT,PEUGEOT,MONDEO III Kombi BWY,S-MAX WA6,GALAXY WA6,MONDEO III B5Y,TRANSIT MK-7 Kasten<\/p>\n","protected":false},"featured_media":0,"template":"","meta":{"site-sidebar-layout":"default","site-content-layout":"default","ast-global-header-display":"","ast-main-header-display":"","ast-hfb-above-header-display":"","ast-hfb-below-header-display":"","ast-hfb-mobile-header-display":"","site-post-title":"","ast-breadcrumbs-content":"","ast-featured-img":"","footer-sml-layout":"","theme-transparent-header-meta":"","adv-header-id-meta":"","stick-header-meta":"","header-above-stick-meta":"","header-main-stick-meta":"","header-below-stick-meta":""},"pwb-brand":[131],"product_cat":[52],"product_tag":[],"class_list":{"0":"post-71397","1":"product","2":"type-product","3":"status-publish","5":"pwb-brand-jp-group","6":"product_cat-hehkutulppa","7":"desktop-align-left","8":"tablet-align-left","9":"mobile-align-left","11":"first","12":"instock","13":"product-type-external"},"brands":[{"id":131,"name":"JP GROUP","slug":"jp-group"}],"_links":{"self":[{"href":"https:\/\/www.autonvaraosahaku.fi\/index.php?rest_route=\/wp\/v2\/product\/71397","targetHints":{"allow":["GET"]}}],"collection":[{"href":"https:\/\/www.autonvaraosahaku.fi\/index.php?rest_route=\/wp\/v2\/product"}],"about":[{"href":"https:\/\/www.autonvaraosahaku.fi\/index.php?rest_route=\/wp\/v2\/types\/product"}],"wp:attachment":[{"href":"https:\/\/www.autonvaraosahaku.fi\/index.php?rest_route=%2Fwp%2Fv2%2Fmedia&parent=71397"}],"wp:term":[{"taxonomy":"pwb-brand","embeddable":true,"href":"https:\/\/www.autonvaraosahaku.fi\/index.php?rest_route=%2Fwp%2Fv2%2Fpwb-brand&post=71397"},{"taxonomy":"product_cat","embeddable":true,"href":"https:\/\/www.autonvaraosahaku.fi\/index.php?rest_route=%2Fwp%2Fv2%2Fproduct_cat&post=71397"},{"taxonomy":"product_tag","embeddable":true,"href":"https:\/\/www.autonvaraosahaku.fi\/index.php?rest_route=%2Fwp%2Fv2%2Fproduct_tag&post=71397"}],"curies":[{"name":"wp","href":"https:\/\/api.w.org\/{rel}","templated":true}]}}