{"id":71400,"date":"2021-02-21T19:13:46","date_gmt":"2021-02-21T19:13:46","guid":{"rendered":"https:\/\/www.autonvaraosahaku.fi\/?product=valeo-845064-kytkinpaketti"},"modified":"2021-02-21T19:13:47","modified_gmt":"2021-02-21T19:13:47","slug":"valeo-845064-kytkinpaketti","status":"publish","type":"product","link":"https:\/\/www.autonvaraosahaku.fi\/?product=valeo-845064-kytkinpaketti","title":{"rendered":"VALEO 845064 Kytkinpaketti"},"content":{"rendered":"<p>Uusi osa: ; Korvaava tuote\/korvaava tiedote 2: Vauhtipy\u00f6r\u00e4ll\u00e4, Kytkinlevyll\u00e4; Kytkin: Muunto kaksimassavauhtipy\u00f6r\u00e4st\u00e4 yksimassavauhtipy\u00f6r\u00e4\u00e4n; Kiristysmomentti: 44; Lis\u00e4tarvike\/lis\u00e4tieto: Painelevyll\u00e4, Irroitusmekanismilla; Ulkol\u00e4pimitta [mm]: 220; Ty\u00f6nt\u00f6voima [N]: 4200; Ulkol\u00e4pimitta 1 [mm]: 220; Hammasluku: 14; Paino [kg]: 13,79; Tuotelinja: KIT4P &#8211; CONVERSION KIT (CSC); Vaihteistomalli: Schaltgetriebe; OPEL: CORSA D,CORSA C F08, F68,MERIVA,TIGRA TwinTop,COMBO Kasten\/Kombi,COMBO Tour,CORSA D Van,CORSA C Kasten F08, W5L; VAUXHALL: CORSA Mk III D L_8,CORSA Mk II C W5L, F08,MERIVA Mk I A,CORSAVAN Mk II C,CORSAVAN Mk III D,TIGRA Convertible,COMBO Mk II C Kasten\/Kombi F25; 55565842, 616218, 616364, 55565842, 55568171; Kytkinsarja<\/p>\n","protected":false},"excerpt":{"rendered":"<p>VALEO Kytkinpaketti 845064 Kytkinsarja OPEL,VAUXHALL,CORSA D,CORSA C F08, F68,MERIVA,TIGRA TwinTop,COMBO Kasten\/Kombi,COMBO Tour,CORSA D Van<\/p>\n","protected":false},"featured_media":0,"template":"","meta":{"site-sidebar-layout":"default","site-content-layout":"default","ast-global-header-display":"","ast-main-header-display":"","ast-hfb-above-header-display":"","ast-hfb-below-header-display":"","ast-hfb-mobile-header-display":"","site-post-title":"","ast-breadcrumbs-content":"","ast-featured-img":"","footer-sml-layout":"","theme-transparent-header-meta":"","adv-header-id-meta":"","stick-header-meta":"","header-above-stick-meta":"","header-main-stick-meta":"","header-below-stick-meta":""},"pwb-brand":[28],"product_cat":[21],"product_tag":[],"class_list":{"0":"post-71400","1":"product","2":"type-product","3":"status-publish","5":"pwb-brand-valeo","6":"product_cat-kytkinpaketti","7":"desktop-align-left","8":"tablet-align-left","9":"mobile-align-left","11":"first","12":"instock","13":"product-type-external"},"brands":[{"id":28,"name":"VALEO","slug":"valeo"}],"_links":{"self":[{"href":"https:\/\/www.autonvaraosahaku.fi\/index.php?rest_route=\/wp\/v2\/product\/71400","targetHints":{"allow":["GET"]}}],"collection":[{"href":"https:\/\/www.autonvaraosahaku.fi\/index.php?rest_route=\/wp\/v2\/product"}],"about":[{"href":"https:\/\/www.autonvaraosahaku.fi\/index.php?rest_route=\/wp\/v2\/types\/product"}],"wp:attachment":[{"href":"https:\/\/www.autonvaraosahaku.fi\/index.php?rest_route=%2Fwp%2Fv2%2Fmedia&parent=71400"}],"wp:term":[{"taxonomy":"pwb-brand","embeddable":true,"href":"https:\/\/www.autonvaraosahaku.fi\/index.php?rest_route=%2Fwp%2Fv2%2Fpwb-brand&post=71400"},{"taxonomy":"product_cat","embeddable":true,"href":"https:\/\/www.autonvaraosahaku.fi\/index.php?rest_route=%2Fwp%2Fv2%2Fproduct_cat&post=71400"},{"taxonomy":"product_tag","embeddable":true,"href":"https:\/\/www.autonvaraosahaku.fi\/index.php?rest_route=%2Fwp%2Fv2%2Fproduct_tag&post=71400"}],"curies":[{"name":"wp","href":"https:\/\/api.w.org\/{rel}","templated":true}]}}