{"id":71407,"date":"2021-02-21T19:13:46","date_gmt":"2021-02-21T19:13:46","guid":{"rendered":"https:\/\/www.autonvaraosahaku.fi\/?product=jp-group-1243300110-vetonivel"},"modified":"2021-02-21T19:13:49","modified_gmt":"2021-02-21T19:13:49","slug":"jp-group-1243300110-vetonivel","status":"publish","type":"product","link":"https:\/\/www.autonvaraosahaku.fi\/?product=jp-group-1243300110-vetonivel","title":{"rendered":"JP GROUP 1243300110 Vetonivel"},"content":{"rendered":"<p>Asennuspuoli: Etuakseli, Py\u00f6r\u00e4n puoli; Nivelmalli: Vakionopeusnivel; Sis\u00e4hammastus, py\u00f6r\u00e4npuoli: 28; Ulkohammastus, py\u00f6r\u00e4npuoli: 22; Hammasluku, ABS-keh\u00e4: 29; Valmistusvuosi alkaen: 02\/1997; OPEL: CORSA C F08, F68,CORSA B 73_, 78_, 79_,CORSA C Kasten F08, W5L; VAUXHALL: CORSA Mk II C W5L, F08,CORSA Mk I B,CORSAVAN Mk II C; 0374053, 0374368, 374053, 374368; Nivelsarja, Vetoakseli<\/p>\n","protected":false},"excerpt":{"rendered":"<p>JP GROUP Vetonivel JP Group 1243300110 Nivelsarja, Vetoakseli OPEL,VAUXHALL,CORSA C F08, F68,CORSA B 73_, 78_, 79_,CORSA C Kasten F08, W5L<\/p>\n","protected":false},"featured_media":0,"template":"","meta":{"site-sidebar-layout":"default","site-content-layout":"default","ast-global-header-display":"","ast-main-header-display":"","ast-hfb-above-header-display":"","ast-hfb-below-header-display":"","ast-hfb-mobile-header-display":"","site-post-title":"","ast-breadcrumbs-content":"","ast-featured-img":"","footer-sml-layout":"","theme-transparent-header-meta":"","adv-header-id-meta":"","stick-header-meta":"","header-above-stick-meta":"","header-main-stick-meta":"","header-below-stick-meta":""},"pwb-brand":[131],"product_cat":[175],"product_tag":[],"class_list":{"0":"post-71407","1":"product","2":"type-product","3":"status-publish","5":"pwb-brand-jp-group","6":"product_cat-vetonivel","7":"desktop-align-left","8":"tablet-align-left","9":"mobile-align-left","11":"first","12":"instock","13":"product-type-external"},"brands":[{"id":131,"name":"JP GROUP","slug":"jp-group"}],"_links":{"self":[{"href":"https:\/\/www.autonvaraosahaku.fi\/index.php?rest_route=\/wp\/v2\/product\/71407","targetHints":{"allow":["GET"]}}],"collection":[{"href":"https:\/\/www.autonvaraosahaku.fi\/index.php?rest_route=\/wp\/v2\/product"}],"about":[{"href":"https:\/\/www.autonvaraosahaku.fi\/index.php?rest_route=\/wp\/v2\/types\/product"}],"wp:attachment":[{"href":"https:\/\/www.autonvaraosahaku.fi\/index.php?rest_route=%2Fwp%2Fv2%2Fmedia&parent=71407"}],"wp:term":[{"taxonomy":"pwb-brand","embeddable":true,"href":"https:\/\/www.autonvaraosahaku.fi\/index.php?rest_route=%2Fwp%2Fv2%2Fpwb-brand&post=71407"},{"taxonomy":"product_cat","embeddable":true,"href":"https:\/\/www.autonvaraosahaku.fi\/index.php?rest_route=%2Fwp%2Fv2%2Fproduct_cat&post=71407"},{"taxonomy":"product_tag","embeddable":true,"href":"https:\/\/www.autonvaraosahaku.fi\/index.php?rest_route=%2Fwp%2Fv2%2Fproduct_tag&post=71407"}],"curies":[{"name":"wp","href":"https:\/\/api.w.org\/{rel}","templated":true}]}}