{"id":71450,"date":"2021-02-21T19:13:59","date_gmt":"2021-02-21T19:13:59","guid":{"rendered":"https:\/\/www.autonvaraosahaku.fi\/?product=ashika-63-00-009-vetonivelen-suojakumi"},"modified":"2021-02-21T19:14:04","modified_gmt":"2021-02-21T19:14:04","slug":"ashika-63-00-009-vetonivelen-suojakumi","status":"publish","type":"product","link":"https:\/\/www.autonvaraosahaku.fi\/?product=ashika-63-00-009-vetonivelen-suojakumi","title":{"rendered":"ASHIKA 63-00-009 Vetonivelen suojakumi"},"content":{"rendered":"<p>L\u00e4pimitta 1 [mm]: 23; L\u00e4pimitta 2 [mm]: 96; Korkeus (mm): 93; Asennuspuoli: Py\u00f6r\u00e4n puoli; Valmistusvuoteen: 09\/1987; NISSAN: ALMERA TINO V10,PRIMERA P11,PRIMERA P12,TERRANO II R20,PRIMERA Traveller WP11,PRIMERA Hatchback P11,PRIMERA Hatchback P12,PICK UP D22,PATHFINDER R50,PICK UP D21,MAXIMA QX A33,TERRANO I WD21,MAXIMA QX A32,VANETTE Bus C22,BLUEBIRD T72 , T12,BLUEBIRD Hatchback T72, T12,MAXIMA II J30,BLUEBIRD Station Wagon WU11,BLUEBIRD U11,PRAIRIE M10, NM10,VANETTE Kasten C22,BLUEBIRD 910,MAXIMA Station Wagon; HONDA: PRELUDE V BB,ACCORD IV CB,ACCORD IV Aerodeck CB; SSANGYONG: MUSSO FJ,KORANDO KJ; 44018S30C01, 44018SS0N00, 44018SS0N01, 44333SM1A02, 44333SM1A03, 44333SM4003, 44333SM4013, 44333SM4023, 44333SM4300, 3971231G25, 3971231G2J<\/p>\n","protected":false},"excerpt":{"rendered":"<p>ASHIKA Paljekumisarja, Vetoakseli 63-00-009  NISSAN,HONDA,SSANGYONG,ALMERA TINO V10,PRIMERA P11,PRIMERA P12,TERRANO II R20,PRIMERA Traveller WP11<\/p>\n","protected":false},"featured_media":0,"template":"","meta":{"site-sidebar-layout":"default","site-content-layout":"default","ast-global-header-display":"","ast-main-header-display":"","ast-hfb-above-header-display":"","ast-hfb-below-header-display":"","ast-hfb-mobile-header-display":"","site-post-title":"","ast-breadcrumbs-content":"","ast-featured-img":"","footer-sml-layout":"","theme-transparent-header-meta":"","adv-header-id-meta":"","stick-header-meta":"","header-above-stick-meta":"","header-main-stick-meta":"","header-below-stick-meta":""},"pwb-brand":[102],"product_cat":[42],"product_tag":[],"class_list":{"0":"post-71450","1":"product","2":"type-product","3":"status-publish","5":"pwb-brand-ashika","6":"product_cat-vetonivelen-suojakumi","7":"desktop-align-left","8":"tablet-align-left","9":"mobile-align-left","11":"first","12":"instock","13":"product-type-external"},"brands":[{"id":102,"name":"ASHIKA","slug":"ashika"}],"_links":{"self":[{"href":"https:\/\/www.autonvaraosahaku.fi\/index.php?rest_route=\/wp\/v2\/product\/71450","targetHints":{"allow":["GET"]}}],"collection":[{"href":"https:\/\/www.autonvaraosahaku.fi\/index.php?rest_route=\/wp\/v2\/product"}],"about":[{"href":"https:\/\/www.autonvaraosahaku.fi\/index.php?rest_route=\/wp\/v2\/types\/product"}],"wp:attachment":[{"href":"https:\/\/www.autonvaraosahaku.fi\/index.php?rest_route=%2Fwp%2Fv2%2Fmedia&parent=71450"}],"wp:term":[{"taxonomy":"pwb-brand","embeddable":true,"href":"https:\/\/www.autonvaraosahaku.fi\/index.php?rest_route=%2Fwp%2Fv2%2Fpwb-brand&post=71450"},{"taxonomy":"product_cat","embeddable":true,"href":"https:\/\/www.autonvaraosahaku.fi\/index.php?rest_route=%2Fwp%2Fv2%2Fproduct_cat&post=71450"},{"taxonomy":"product_tag","embeddable":true,"href":"https:\/\/www.autonvaraosahaku.fi\/index.php?rest_route=%2Fwp%2Fv2%2Fproduct_tag&post=71450"}],"curies":[{"name":"wp","href":"https:\/\/api.w.org\/{rel}","templated":true}]}}