{"id":71464,"date":"2021-02-21T19:14:06","date_gmt":"2021-02-21T19:14:06","guid":{"rendered":"https:\/\/www.autonvaraosahaku.fi\/?product=metzger-0900184-abs-keha"},"modified":"2021-02-21T19:14:11","modified_gmt":"2021-02-21T19:14:11","slug":"metzger-0900184-abs-keha","status":"publish","type":"product","link":"https:\/\/www.autonvaraosahaku.fi\/?product=metzger-0900184-abs-keha","title":{"rendered":"METZGER 0900184 ABS keh\u00e4"},"content":{"rendered":"<p>Asennuspuoli: Etuakseli, Vorderachse beidseitig; Valmistaja rajaus: ABS-Ring magnetisch; Ulkol\u00e4pimitta [mm]: 68,1; Sis\u00e4l\u00e4pimitta [mm]: 46,5; Leveys (mm): 9,5; MERCEDES-BENZ: C-CLASS W203,C-CLASS W204,C-CLASS T-Model S204,C-CLASS T-Model S203,C-CLASS Coupe CL203,SLK R171,CLK C209,E-CLASS Coupe C207,CLK Cabriolet A209,C-CLASS Coupe C204,SLK R172,E-CLASS Cabriolet A207,CLC-CLASS CL203; 0239973147, 2033300060, A0239973147, A2033300060; ABS Hammaskeh\u00e4,ABS Rengas,Anturirengas, ABS<\/p>\n","protected":false},"excerpt":{"rendered":"<p>METZGER ABS Keh\u00e4 0900184 ABS Hammaskeh\u00e4,ABS Rengas MERCEDES-BENZ,C-CLASS W203,C-CLASS W204,C-CLASS T-Model S204,C-CLASS T-Model S203<\/p>\n","protected":false},"featured_media":0,"template":"","meta":{"site-sidebar-layout":"default","site-content-layout":"default","ast-global-header-display":"","ast-main-header-display":"","ast-hfb-above-header-display":"","ast-hfb-below-header-display":"","ast-hfb-mobile-header-display":"","site-post-title":"","ast-breadcrumbs-content":"","ast-featured-img":"","footer-sml-layout":"","theme-transparent-header-meta":"","adv-header-id-meta":"","stick-header-meta":"","header-above-stick-meta":"","header-main-stick-meta":"","header-below-stick-meta":""},"pwb-brand":[69],"product_cat":[273],"product_tag":[],"class_list":{"0":"post-71464","1":"product","2":"type-product","3":"status-publish","5":"pwb-brand-metzger","6":"product_cat-abs-keha","7":"desktop-align-left","8":"tablet-align-left","9":"mobile-align-left","11":"first","12":"instock","13":"product-type-external"},"brands":[{"id":69,"name":"METZGER","slug":"metzger"}],"_links":{"self":[{"href":"https:\/\/www.autonvaraosahaku.fi\/index.php?rest_route=\/wp\/v2\/product\/71464","targetHints":{"allow":["GET"]}}],"collection":[{"href":"https:\/\/www.autonvaraosahaku.fi\/index.php?rest_route=\/wp\/v2\/product"}],"about":[{"href":"https:\/\/www.autonvaraosahaku.fi\/index.php?rest_route=\/wp\/v2\/types\/product"}],"wp:attachment":[{"href":"https:\/\/www.autonvaraosahaku.fi\/index.php?rest_route=%2Fwp%2Fv2%2Fmedia&parent=71464"}],"wp:term":[{"taxonomy":"pwb-brand","embeddable":true,"href":"https:\/\/www.autonvaraosahaku.fi\/index.php?rest_route=%2Fwp%2Fv2%2Fpwb-brand&post=71464"},{"taxonomy":"product_cat","embeddable":true,"href":"https:\/\/www.autonvaraosahaku.fi\/index.php?rest_route=%2Fwp%2Fv2%2Fproduct_cat&post=71464"},{"taxonomy":"product_tag","embeddable":true,"href":"https:\/\/www.autonvaraosahaku.fi\/index.php?rest_route=%2Fwp%2Fv2%2Fproduct_tag&post=71464"}],"curies":[{"name":"wp","href":"https:\/\/api.w.org\/{rel}","templated":true}]}}