{"id":71495,"date":"2021-02-21T19:14:28","date_gmt":"2021-02-21T19:14:28","guid":{"rendered":"https:\/\/www.autonvaraosahaku.fi\/?product=ridex-193b0110-vetonivelen-suojakumi"},"modified":"2021-02-21T19:14:28","modified_gmt":"2021-02-21T19:14:28","slug":"ridex-193b0110-vetonivelen-suojakumi","status":"publish","type":"product","link":"https:\/\/www.autonvaraosahaku.fi\/?product=ridex-193b0110-vetonivelen-suojakumi","title":{"rendered":"RIDEX 193B0110 Vetonivelen suojakumi"},"content":{"rendered":"<p>Sis\u00e4l\u00e4pimitta 1 [mm]: 21; Sis\u00e4l\u00e4pimitta 2 [mm]: 74; Korkeus (mm): 96; HONDA: CIVIC VI Hatchback EJ, EK,CIVIC VI Fastback MA, MB,CRX III EH, EG,CIVIC IV Hatchback EC, ED, EE,CIVIC VI Stufenheck EJ, EK,CIVIC VI Coupe EJ, EM1,CIVIC V Coupe EJ,CIVIC IV Stufenheck ED; ROVER: 25 RF,200 RF,45 Stufenheck RT,45 RT,400 RT,CABRIOLET XW,400 Hatchback RT,STREETWISE,400 Tourer XW,COUPE; MG: MGF RD,MG TF,MG ZR,MG ZS,MG ZS Hatchback; 44017S04J00, 44017SR3000, 44018S04J01, 44018SR3000, 44018SR3900, 44018SR3901, 44315SF4J22, 44333SD9003, G03722530, G56022530, G56822530, MB526905, MB620056, TDR000140, TDR000190; Vetoakselin Suojakumi,Paljekumi, Vetoakseli<\/p>\n","protected":false},"excerpt":{"rendered":"<p>RIDEX Vetonivelen Suojakumi 193B0110 Vetoakselin Suojakumi,Paljekumi, Vetoakseli HONDA,ROVER,MG,CIVIC VI Hatchback EJ, EK,CIVIC VI Fastback MA, MB<\/p>\n","protected":false},"featured_media":0,"template":"","meta":{"site-sidebar-layout":"default","site-content-layout":"default","ast-global-header-display":"","ast-main-header-display":"","ast-hfb-above-header-display":"","ast-hfb-below-header-display":"","ast-hfb-mobile-header-display":"","site-post-title":"","ast-breadcrumbs-content":"","ast-featured-img":"","footer-sml-layout":"","theme-transparent-header-meta":"","adv-header-id-meta":"","stick-header-meta":"","header-above-stick-meta":"","header-main-stick-meta":"","header-below-stick-meta":""},"pwb-brand":[157],"product_cat":[42],"product_tag":[],"class_list":{"0":"post-71495","1":"product","2":"type-product","3":"status-publish","5":"pwb-brand-ridex","6":"product_cat-vetonivelen-suojakumi","7":"desktop-align-left","8":"tablet-align-left","9":"mobile-align-left","11":"first","12":"instock","13":"product-type-external"},"brands":[{"id":157,"name":"RIDEX","slug":"ridex"}],"_links":{"self":[{"href":"https:\/\/www.autonvaraosahaku.fi\/index.php?rest_route=\/wp\/v2\/product\/71495","targetHints":{"allow":["GET"]}}],"collection":[{"href":"https:\/\/www.autonvaraosahaku.fi\/index.php?rest_route=\/wp\/v2\/product"}],"about":[{"href":"https:\/\/www.autonvaraosahaku.fi\/index.php?rest_route=\/wp\/v2\/types\/product"}],"wp:attachment":[{"href":"https:\/\/www.autonvaraosahaku.fi\/index.php?rest_route=%2Fwp%2Fv2%2Fmedia&parent=71495"}],"wp:term":[{"taxonomy":"pwb-brand","embeddable":true,"href":"https:\/\/www.autonvaraosahaku.fi\/index.php?rest_route=%2Fwp%2Fv2%2Fpwb-brand&post=71495"},{"taxonomy":"product_cat","embeddable":true,"href":"https:\/\/www.autonvaraosahaku.fi\/index.php?rest_route=%2Fwp%2Fv2%2Fproduct_cat&post=71495"},{"taxonomy":"product_tag","embeddable":true,"href":"https:\/\/www.autonvaraosahaku.fi\/index.php?rest_route=%2Fwp%2Fv2%2Fproduct_tag&post=71495"}],"curies":[{"name":"wp","href":"https:\/\/api.w.org\/{rel}","templated":true}]}}