{"id":71497,"date":"2021-02-21T19:14:28","date_gmt":"2021-02-21T19:14:28","guid":{"rendered":"https:\/\/www.autonvaraosahaku.fi\/?product=ridex-193b0119-vetonivelen-suojakumi"},"modified":"2021-02-21T19:14:29","modified_gmt":"2021-02-21T19:14:29","slug":"ridex-193b0119-vetonivelen-suojakumi","status":"publish","type":"product","link":"https:\/\/www.autonvaraosahaku.fi\/?product=ridex-193b0119-vetonivelen-suojakumi","title":{"rendered":"RIDEX 193B0119 Vetonivelen suojakumi"},"content":{"rendered":"<p>Asennuspuoli: Py\u00f6r\u00e4n puoli; Sis\u00e4l\u00e4pimitta 1 [mm]: 22,0; Sis\u00e4l\u00e4pimitta 2 [mm]: 90,0; Korkeus (mm): 96,0; MAZDA: 626 IV Hatchback GE,323 III Hatchback BF,MX-6 GE,626 III GD,626 III Hatchback GD,626 III Coupe GD,626 III Station Wagon GV,323 III Station Wagon BW; IVECO: DAILY IV Pritsche\/Fahrgestell; NISSAN: ALMERA TINO V10,ALMERA II Hatchback N16,TERRANO II R20,ALMERA Mk II N16,PICK UP 720; HONDA: ACCORD V CE, CF,PRELUDE IV BB,PRELUDE III BA,ACCORD IV CB,ACCORD V Aerodeck CE,ACCORD V CC, CD,ACCORD V Coupe CD,ACCORD IV Aerodeck CB,ACCORD IV Coupe CB, CC,LEGEND I Coupe KA3,CIVIC II Shuttle EE,LEGEND I HS, KA; HYUNDAI: SANTA F\u00c9 I SM,TRAJET FO,SONATA IV EF,XG XG; DAIHATSU: FOURTRAK F7, F8,ROCKY Soft Top F7, F8; OPEL: FRONTERA A Sport 5_SUD2,FRONTERA A 5_MWL4,CAMPO TF_,MONTEREY A UBS_; FORD: MAVERICK UDS, UNS; TOYOTA: HILUX VI Pick-up _N1_,HILUX V Pick-up LN_, KZN1_, VZN1_,4 RUNNER RN10_, VZN13_, VZN10_, RN13_,HIACE IV Bus LH1_,HIACE IV Kasten LXH1_, RZH1_, LH1_,4 RUNNER KZN18_, VZN18_, RZN18_,HIACE III Wagon LH1_, RZH1_,HILUX IV Pick-up _N5_, _N6_,CAMRY _V2_,COROLLA _E9_,HILUX Gel\u00e4ndewagen geschlossen RZN1_, LN1_; MITSUBISHI: L 300 Bus LO3_P\/G, L0_2P,PAJERO I Canvas Top L04_G,GALANT III E1_A,SPACE WAGON D0_V\/W; 0443884604, 44323SD4003, 44323SD4300, 44323SD4900, 44323SD4901, 8943130800, 894313105, 8943131050, 94313105, G05322530, G05322530A, G06322530, G06322530A, G57022530, G57022530A, G57022530B, GR0122530B, GS70V9050, GS70V9050A, M01022530, MB0HV9002F, MB160657, MB526400, MB526447, 23222GA111, 23222GA112, 3924150W00, 3924150W25, 3974116E28, 0442835010, 0443835021, 0443835022, 3924150W00, 44323S04003, 44323SD4901, 443812100, 443884604; Vetoakselin Suojakumi,Paljekumi, Vetoakseli<\/p>\n","protected":false},"excerpt":{"rendered":"<p>RIDEX Vetonivelen Suojakumi 193B0119 Vetoakselin Suojakumi,Paljekumi, Vetoakseli MAZDA,IVECO,NISSAN,626 IV Hatchback GE,323 III Hatchback BF,MX-6 GE<\/p>\n","protected":false},"featured_media":0,"template":"","meta":{"site-sidebar-layout":"default","site-content-layout":"default","ast-global-header-display":"","ast-main-header-display":"","ast-hfb-above-header-display":"","ast-hfb-below-header-display":"","ast-hfb-mobile-header-display":"","site-post-title":"","ast-breadcrumbs-content":"","ast-featured-img":"","footer-sml-layout":"","theme-transparent-header-meta":"","adv-header-id-meta":"","stick-header-meta":"","header-above-stick-meta":"","header-main-stick-meta":"","header-below-stick-meta":""},"pwb-brand":[157],"product_cat":[42],"product_tag":[],"class_list":{"0":"post-71497","1":"product","2":"type-product","3":"status-publish","5":"pwb-brand-ridex","6":"product_cat-vetonivelen-suojakumi","7":"desktop-align-left","8":"tablet-align-left","9":"mobile-align-left","11":"first","12":"instock","13":"product-type-external"},"brands":[{"id":157,"name":"RIDEX","slug":"ridex"}],"_links":{"self":[{"href":"https:\/\/www.autonvaraosahaku.fi\/index.php?rest_route=\/wp\/v2\/product\/71497","targetHints":{"allow":["GET"]}}],"collection":[{"href":"https:\/\/www.autonvaraosahaku.fi\/index.php?rest_route=\/wp\/v2\/product"}],"about":[{"href":"https:\/\/www.autonvaraosahaku.fi\/index.php?rest_route=\/wp\/v2\/types\/product"}],"wp:attachment":[{"href":"https:\/\/www.autonvaraosahaku.fi\/index.php?rest_route=%2Fwp%2Fv2%2Fmedia&parent=71497"}],"wp:term":[{"taxonomy":"pwb-brand","embeddable":true,"href":"https:\/\/www.autonvaraosahaku.fi\/index.php?rest_route=%2Fwp%2Fv2%2Fpwb-brand&post=71497"},{"taxonomy":"product_cat","embeddable":true,"href":"https:\/\/www.autonvaraosahaku.fi\/index.php?rest_route=%2Fwp%2Fv2%2Fproduct_cat&post=71497"},{"taxonomy":"product_tag","embeddable":true,"href":"https:\/\/www.autonvaraosahaku.fi\/index.php?rest_route=%2Fwp%2Fv2%2Fproduct_tag&post=71497"}],"curies":[{"name":"wp","href":"https:\/\/api.w.org\/{rel}","templated":true}]}}