{"id":71512,"date":"2021-02-21T19:14:28","date_gmt":"2021-02-21T19:14:28","guid":{"rendered":"https:\/\/www.autonvaraosahaku.fi\/?product=ridex-258m0016-jarrupaasylinteri"},"modified":"2021-02-21T19:14:33","modified_gmt":"2021-02-21T19:14:33","slug":"ridex-258m0016-jarrupaasylinteri","status":"publish","type":"product","link":"https:\/\/www.autonvaraosahaku.fi\/?product=ridex-258m0016-jarrupaasylinteri","title":{"rendered":"RIDEX 258M0016 Jarrup\u00e4\u00e4sylinteri"},"content":{"rendered":"<p>Kierre 1: M10x1; Liittimi\u00e4: 3; L\u00e4pimitta 1 [mm]: 23,8; Valmistusvuosi alkaen: 03\/1976; VOLVO: 940 II Kombi 945,940 Kombi 945,740 Kombi 745,740 744,940 944,760 704, 764,960 Kombi 965,760 Kombi 704, 765,940 II 944,960 964,780; MERCEDES-BENZ: SL R107,Stufenheck W123,S-CLASS W126,COUPE C123,S-CLASS W116,S-CLASS Coupe C126,KOMBI Kombi S123,SL Coupe C107; 0034306001, 0034307801, 0034308901, 0034309901, 0044300901, 0044302301, 0044302501, 34306001, 44300901, 44302301, 44302501, A0034306001, A0034307801, A0034308901, A0034309901, A0044300901, A0044302301, A0044302501, 1329740, 13297403<\/p>\n","protected":false},"excerpt":{"rendered":"<p>RIDEX Jarrup\u00e4\u00e4sylinteri 258M0016  VOLVO,MERCEDES-BENZ,940 II Kombi 945,940 Kombi 945,740 Kombi 745,740 744,940 944,760 704, 764,960 Kombi 965<\/p>\n","protected":false},"featured_media":0,"template":"","meta":{"site-sidebar-layout":"default","site-content-layout":"default","ast-global-header-display":"","ast-main-header-display":"","ast-hfb-above-header-display":"","ast-hfb-below-header-display":"","ast-hfb-mobile-header-display":"","site-post-title":"","ast-breadcrumbs-content":"","ast-featured-img":"","footer-sml-layout":"","theme-transparent-header-meta":"","adv-header-id-meta":"","stick-header-meta":"","header-above-stick-meta":"","header-main-stick-meta":"","header-below-stick-meta":""},"pwb-brand":[157],"product_cat":[276],"product_tag":[],"class_list":{"0":"post-71512","1":"product","2":"type-product","3":"status-publish","5":"pwb-brand-ridex","6":"product_cat-jarrupaasylinteri","7":"desktop-align-left","8":"tablet-align-left","9":"mobile-align-left","11":"first","12":"instock","13":"product-type-external"},"brands":[{"id":157,"name":"RIDEX","slug":"ridex"}],"_links":{"self":[{"href":"https:\/\/www.autonvaraosahaku.fi\/index.php?rest_route=\/wp\/v2\/product\/71512","targetHints":{"allow":["GET"]}}],"collection":[{"href":"https:\/\/www.autonvaraosahaku.fi\/index.php?rest_route=\/wp\/v2\/product"}],"about":[{"href":"https:\/\/www.autonvaraosahaku.fi\/index.php?rest_route=\/wp\/v2\/types\/product"}],"wp:attachment":[{"href":"https:\/\/www.autonvaraosahaku.fi\/index.php?rest_route=%2Fwp%2Fv2%2Fmedia&parent=71512"}],"wp:term":[{"taxonomy":"pwb-brand","embeddable":true,"href":"https:\/\/www.autonvaraosahaku.fi\/index.php?rest_route=%2Fwp%2Fv2%2Fpwb-brand&post=71512"},{"taxonomy":"product_cat","embeddable":true,"href":"https:\/\/www.autonvaraosahaku.fi\/index.php?rest_route=%2Fwp%2Fv2%2Fproduct_cat&post=71512"},{"taxonomy":"product_tag","embeddable":true,"href":"https:\/\/www.autonvaraosahaku.fi\/index.php?rest_route=%2Fwp%2Fv2%2Fproduct_tag&post=71512"}],"curies":[{"name":"wp","href":"https:\/\/api.w.org\/{rel}","templated":true}]}}