{"id":71520,"date":"2021-02-21T19:14:36","date_gmt":"2021-02-21T19:14:36","guid":{"rendered":"https:\/\/www.autonvaraosahaku.fi\/?product=ridex-83b0219-jarruletku"},"modified":"2021-02-21T19:14:38","modified_gmt":"2021-02-21T19:14:38","slug":"ridex-83b0219-jarruletku","status":"publish","type":"product","link":"https:\/\/www.autonvaraosahaku.fi\/?product=ridex-83b0219-jarruletku","title":{"rendered":"RIDEX 83B0219 Jarruletku"},"content":{"rendered":"<p>Pituus (mm): 200; Laipan sis\u00e4l\u00e4pimitta [mm]: 10; Korvaava tuote\/korvaava tiedote 2: ilman reik\u00e4ruuvia; Sis\u00e4kierre (mm): M10x1; Avainv\u00e4li: 15; Valmistusvuosi alkaen: 04\/1998; OPEL: ZAFIRA A F75_,ASTRA G CC F48_, F08_,ASTRA G Caravan F35_,ASTRA G Cabriolet F67,ASTRA G Coupe F07_,ASTRA G Stufenheck F69_,ASTRA G Kasten F70,ASTRA G CLASSIC Caravan F35,ASTRA G CLASSIC T98,ASTRA G CLASSIC Stufenheck T98; VAUXHALL: ZAFIRA Mk I A F75,ASTRA Mk IV G CC,ASTRA Mk IV G Sedan,ASTRAVAN Mk IV G,ASTRA Mk IV G Coupe F67,ASTRA Mk IV G Convertible,ASTRA Mk IV G Estate; 5562079, 90498331, 5562079, 90498331<\/p>\n","protected":false},"excerpt":{"rendered":"<p>RIDEX Jarruletku 83B0219  OPEL,VAUXHALL,ZAFIRA A F75_,ASTRA G CC F48_, F08_,ASTRA G Caravan F35_,ASTRA G Cabriolet F67,ASTRA G Coupe F07_<\/p>\n","protected":false},"featured_media":0,"template":"","meta":{"site-sidebar-layout":"default","site-content-layout":"default","ast-global-header-display":"","ast-main-header-display":"","ast-hfb-above-header-display":"","ast-hfb-below-header-display":"","ast-hfb-mobile-header-display":"","site-post-title":"","ast-breadcrumbs-content":"","ast-featured-img":"","footer-sml-layout":"","theme-transparent-header-meta":"","adv-header-id-meta":"","stick-header-meta":"","header-above-stick-meta":"","header-main-stick-meta":"","header-below-stick-meta":""},"pwb-brand":[157],"product_cat":[70],"product_tag":[],"class_list":{"0":"post-71520","1":"product","2":"type-product","3":"status-publish","5":"pwb-brand-ridex","6":"product_cat-jarruletku","7":"desktop-align-left","8":"tablet-align-left","9":"mobile-align-left","11":"first","12":"instock","13":"product-type-external"},"brands":[{"id":157,"name":"RIDEX","slug":"ridex"}],"_links":{"self":[{"href":"https:\/\/www.autonvaraosahaku.fi\/index.php?rest_route=\/wp\/v2\/product\/71520","targetHints":{"allow":["GET"]}}],"collection":[{"href":"https:\/\/www.autonvaraosahaku.fi\/index.php?rest_route=\/wp\/v2\/product"}],"about":[{"href":"https:\/\/www.autonvaraosahaku.fi\/index.php?rest_route=\/wp\/v2\/types\/product"}],"wp:attachment":[{"href":"https:\/\/www.autonvaraosahaku.fi\/index.php?rest_route=%2Fwp%2Fv2%2Fmedia&parent=71520"}],"wp:term":[{"taxonomy":"pwb-brand","embeddable":true,"href":"https:\/\/www.autonvaraosahaku.fi\/index.php?rest_route=%2Fwp%2Fv2%2Fpwb-brand&post=71520"},{"taxonomy":"product_cat","embeddable":true,"href":"https:\/\/www.autonvaraosahaku.fi\/index.php?rest_route=%2Fwp%2Fv2%2Fproduct_cat&post=71520"},{"taxonomy":"product_tag","embeddable":true,"href":"https:\/\/www.autonvaraosahaku.fi\/index.php?rest_route=%2Fwp%2Fv2%2Fproduct_tag&post=71520"}],"curies":[{"name":"wp","href":"https:\/\/api.w.org\/{rel}","templated":true}]}}