{"id":71540,"date":"2021-02-21T19:14:43","date_gmt":"2021-02-21T19:14:43","guid":{"rendered":"https:\/\/www.autonvaraosahaku.fi\/?product=ridex-2669i0019-lammityslaitteen-puhallin"},"modified":"2021-02-21T19:14:46","modified_gmt":"2021-02-21T19:14:46","slug":"ridex-2669i0019-lammityslaitteen-puhallin","status":"publish","type":"product","link":"https:\/\/www.autonvaraosahaku.fi\/?product=ridex-2669i0019-lammityslaitteen-puhallin","title":{"rendered":"RIDEX 2669I0019 L\u00e4mmityslaitteen puhallin"},"content":{"rendered":"<p>Kotelomalli: Kopalla; Py\u00f6rimissuunta: Py\u00f6rimissuunta vastap\u00e4iv\u00e4\u00e4n; J\u00e4nnite (V): 12; Nimellisteho (W): 192; Varustelumahdollisuudet: 3400; L\u00e4pimitta 1\/l\u00e4pimitta 2 [mm]: 145; Virta (A): 16; Puhallinsiipen lukum\u00e4\u00e4r\u00e4: 48; Lis\u00e4tarvike\/lis\u00e4tieto: ilman integroitua s\u00e4\u00e4dint\u00e4; Muoto: kahdeksakulmainen; Napojen m\u00e4\u00e4r\u00e4: 2; Vasen \/ oikea liikenne: f\u00fcr Linkslenker; VW: TRANSPORTER IV Bus 70XB, 70XC, 7DB, 7DW,PASSAT Variant 3A5, 35I,TRANSPORTER IV Kasten 70XA,PASSAT 3A2, 35I,TRANSPORTER IV Pritsche\/Fahrgestell 70XD; SEAT: TOLEDO I 1L; 176820021, 191820021, 701820021, 357820021, 176820021, 191820021, 357820021, 701820021, 893820021; Sis\u00e4tilan Puhallin,Sis\u00e4tilapuhallin<\/p>\n","protected":false},"excerpt":{"rendered":"<p>RIDEX L\u00e4mmityslaitteen Puhallin 2669I0019 Sis\u00e4tilan Puhallin,Sis\u00e4tilapuhallin VW,SEAT,TRANSPORTER IV Bus 70XB, 70XC, 7DB, 7DW,PASSAT Variant 3A5, 35I<\/p>\n","protected":false},"featured_media":0,"template":"","meta":{"site-sidebar-layout":"default","site-content-layout":"default","ast-global-header-display":"","ast-main-header-display":"","ast-hfb-above-header-display":"","ast-hfb-below-header-display":"","ast-hfb-mobile-header-display":"","site-post-title":"","ast-breadcrumbs-content":"","ast-featured-img":"","footer-sml-layout":"","theme-transparent-header-meta":"","adv-header-id-meta":"","stick-header-meta":"","header-above-stick-meta":"","header-main-stick-meta":"","header-below-stick-meta":""},"pwb-brand":[157],"product_cat":[86],"product_tag":[],"class_list":{"0":"post-71540","1":"product","2":"type-product","3":"status-publish","5":"pwb-brand-ridex","6":"product_cat-lammityslaitteen-puhallin","7":"desktop-align-left","8":"tablet-align-left","9":"mobile-align-left","11":"first","12":"instock","13":"product-type-external"},"brands":[{"id":157,"name":"RIDEX","slug":"ridex"}],"_links":{"self":[{"href":"https:\/\/www.autonvaraosahaku.fi\/index.php?rest_route=\/wp\/v2\/product\/71540","targetHints":{"allow":["GET"]}}],"collection":[{"href":"https:\/\/www.autonvaraosahaku.fi\/index.php?rest_route=\/wp\/v2\/product"}],"about":[{"href":"https:\/\/www.autonvaraosahaku.fi\/index.php?rest_route=\/wp\/v2\/types\/product"}],"wp:attachment":[{"href":"https:\/\/www.autonvaraosahaku.fi\/index.php?rest_route=%2Fwp%2Fv2%2Fmedia&parent=71540"}],"wp:term":[{"taxonomy":"pwb-brand","embeddable":true,"href":"https:\/\/www.autonvaraosahaku.fi\/index.php?rest_route=%2Fwp%2Fv2%2Fpwb-brand&post=71540"},{"taxonomy":"product_cat","embeddable":true,"href":"https:\/\/www.autonvaraosahaku.fi\/index.php?rest_route=%2Fwp%2Fv2%2Fproduct_cat&post=71540"},{"taxonomy":"product_tag","embeddable":true,"href":"https:\/\/www.autonvaraosahaku.fi\/index.php?rest_route=%2Fwp%2Fv2%2Fproduct_tag&post=71540"}],"curies":[{"name":"wp","href":"https:\/\/api.w.org\/{rel}","templated":true}]}}