{"id":71565,"date":"2021-02-21T19:14:51","date_gmt":"2021-02-21T19:14:51","guid":{"rendered":"https:\/\/www.autonvaraosahaku.fi\/?product=textar-tpm0006-muut-luokat"},"modified":"2021-02-21T19:14:55","modified_gmt":"2021-02-21T19:14:55","slug":"textar-tpm0006-muut-luokat","status":"publish","type":"product","link":"https:\/\/www.autonvaraosahaku.fi\/?product=textar-tpm0006-muut-luokat","title":{"rendered":"TEXTAR TPM0006 Muut luokat"},"content":{"rendered":"<p>Pituus (mm): 16,1; Kierremitta: M8x1,25; Materiaali: Ter\u00e4s; Pinta: Kromi-(VI)-vapaa passivointi; Ruuvikanta\/mutteriprofiili: Kuusiokolo, sis\u00e4; M\u00e4\u00e4r\u00e4: 2; saatavana yleistarvikkeena katso tuote-nro.: TPM1000; Teknisten tietojen numero: 96981 0006 0 2; Asennuspuoli: Vorderachse; MAZDA: 6 Station Wagon GY,6 Kombi GH,PREMACY CP,CX-7 ER,6 Hatchback GG,6 GG,6 Schr\u00e4gheck GH,626 V Hatchback GF,6 GH,626 V GF,626 V Station Wagon GW,626 IV Hatchback GE,2 Stufenheck DE,XEDOS 6 CA,626 IV GE,FAMILIA V BG8,RX 7 II FC,MX-6 GE,626 III Station Wagon GV,RX 7 III FD,RX 7 II Cabriolet,2 DL, DJ,CX-3 DK,MX-6 GD,2 Stufenheck DL, DJ; KIA: CARNIVAL II GQ; FORD USA: PROBE II ECP; MERCEDES-BENZ: M-CLASS W163; 1513408, W505741S442, 998310816, 007991008041, A007991008041, N007991008041<\/p>\n","protected":false},"excerpt":{"rendered":"<p>TEXTAR Ruuvi, Jarrulevy TPM0006  MAZDA,KIA,FORD USA,6 Station Wagon GY,6 Kombi GH,PREMACY CP,CX-7 ER,6 Hatchback GG,6 GG,6 Schr\u00e4gheck GH<\/p>\n","protected":false},"featured_media":0,"template":"","meta":{"site-sidebar-layout":"default","site-content-layout":"default","ast-global-header-display":"","ast-main-header-display":"","ast-hfb-above-header-display":"","ast-hfb-below-header-display":"","ast-hfb-mobile-header-display":"","site-post-title":"","ast-breadcrumbs-content":"","ast-featured-img":"","footer-sml-layout":"","theme-transparent-header-meta":"","adv-header-id-meta":"","stick-header-meta":"","header-above-stick-meta":"","header-main-stick-meta":"","header-below-stick-meta":""},"pwb-brand":[288],"product_cat":[37],"product_tag":[],"class_list":{"0":"post-71565","1":"product","2":"type-product","3":"status-publish","5":"pwb-brand-textar","6":"product_cat-muut-luokat","7":"desktop-align-left","8":"tablet-align-left","9":"mobile-align-left","11":"first","12":"instock","13":"product-type-external"},"brands":[{"id":288,"name":"TEXTAR","slug":"textar"}],"_links":{"self":[{"href":"https:\/\/www.autonvaraosahaku.fi\/index.php?rest_route=\/wp\/v2\/product\/71565","targetHints":{"allow":["GET"]}}],"collection":[{"href":"https:\/\/www.autonvaraosahaku.fi\/index.php?rest_route=\/wp\/v2\/product"}],"about":[{"href":"https:\/\/www.autonvaraosahaku.fi\/index.php?rest_route=\/wp\/v2\/types\/product"}],"wp:attachment":[{"href":"https:\/\/www.autonvaraosahaku.fi\/index.php?rest_route=%2Fwp%2Fv2%2Fmedia&parent=71565"}],"wp:term":[{"taxonomy":"pwb-brand","embeddable":true,"href":"https:\/\/www.autonvaraosahaku.fi\/index.php?rest_route=%2Fwp%2Fv2%2Fpwb-brand&post=71565"},{"taxonomy":"product_cat","embeddable":true,"href":"https:\/\/www.autonvaraosahaku.fi\/index.php?rest_route=%2Fwp%2Fv2%2Fproduct_cat&post=71565"},{"taxonomy":"product_tag","embeddable":true,"href":"https:\/\/www.autonvaraosahaku.fi\/index.php?rest_route=%2Fwp%2Fv2%2Fproduct_tag&post=71565"}],"curies":[{"name":"wp","href":"https:\/\/api.w.org\/{rel}","templated":true}]}}