{"id":71598,"date":"2021-02-21T19:15:07","date_gmt":"2021-02-21T19:15:07","guid":{"rendered":"https:\/\/www.autonvaraosahaku.fi\/?product=reinz-81-37186-00-nokka-akselin-tiiviste"},"modified":"2021-02-21T19:15:08","modified_gmt":"2021-02-21T19:15:08","slug":"reinz-81-37186-00-nokka-akselin-tiiviste","status":"publish","type":"product","link":"https:\/\/www.autonvaraosahaku.fi\/?product=reinz-81-37186-00-nokka-akselin-tiiviste","title":{"rendered":"REINZ 81-37186-00 Nokka akselin tiiviste"},"content":{"rendered":"<p>Materiaali: FPM (fluori-kumi); Sis\u00e4l\u00e4pimitta [mm]: 45; Ulkol\u00e4pimitta [mm]: 65; Leveys (mm): 7; Akselitiivisteen malli: A SL; Rihlamalli: Oikea kierre; Tarvittava kappalem\u00e4\u00e4r\u00e4: 2; CHEVROLET: EPICA KL1_,EPICA Stufenheck US; DAEWOO: TOSCA; VOLVO: V40 Kombi VW,V70 II SW,XC90 I,V70 I LV,S60 I,850 Kombi LW,S80 I TS, XY,XC70 CROSS COUNTRY,S40 I VS,C70 I Cabriolet,C70 I Coupe,850 LS,S70 LS; FORD: MONDEO IV Turnier BA7,FOCUS II DA_,S-MAX WA6,KUGA I,MONDEO IV BA7,MONDEO IV Stufenheck BA7; 96307764, 1439886, 9440651; Akselitiiviste, Nokka-Akseli<\/p>\n","protected":false},"excerpt":{"rendered":"<p>REINZ Nokka Akselin Tiiviste 81-37186-00 Akselitiiviste, Nokka-Akseli CHEVROLET,DAEWOO,VOLVO,EPICA KL1_,EPICA Stufenheck US,TOSCA,V40 Kombi VW<\/p>\n","protected":false},"featured_media":0,"template":"","meta":{"site-sidebar-layout":"default","site-content-layout":"default","ast-global-header-display":"","ast-main-header-display":"","ast-hfb-above-header-display":"","ast-hfb-below-header-display":"","ast-hfb-mobile-header-display":"","site-post-title":"","ast-breadcrumbs-content":"","ast-featured-img":"","footer-sml-layout":"","theme-transparent-header-meta":"","adv-header-id-meta":"","stick-header-meta":"","header-above-stick-meta":"","header-main-stick-meta":"","header-below-stick-meta":""},"pwb-brand":[138],"product_cat":[122],"product_tag":[],"class_list":{"0":"post-71598","1":"product","2":"type-product","3":"status-publish","5":"pwb-brand-reinz","6":"product_cat-nokka-akselin-tiiviste","7":"desktop-align-left","8":"tablet-align-left","9":"mobile-align-left","11":"first","12":"instock","13":"product-type-external"},"brands":[{"id":138,"name":"REINZ","slug":"reinz"}],"_links":{"self":[{"href":"https:\/\/www.autonvaraosahaku.fi\/index.php?rest_route=\/wp\/v2\/product\/71598","targetHints":{"allow":["GET"]}}],"collection":[{"href":"https:\/\/www.autonvaraosahaku.fi\/index.php?rest_route=\/wp\/v2\/product"}],"about":[{"href":"https:\/\/www.autonvaraosahaku.fi\/index.php?rest_route=\/wp\/v2\/types\/product"}],"wp:attachment":[{"href":"https:\/\/www.autonvaraosahaku.fi\/index.php?rest_route=%2Fwp%2Fv2%2Fmedia&parent=71598"}],"wp:term":[{"taxonomy":"pwb-brand","embeddable":true,"href":"https:\/\/www.autonvaraosahaku.fi\/index.php?rest_route=%2Fwp%2Fv2%2Fpwb-brand&post=71598"},{"taxonomy":"product_cat","embeddable":true,"href":"https:\/\/www.autonvaraosahaku.fi\/index.php?rest_route=%2Fwp%2Fv2%2Fproduct_cat&post=71598"},{"taxonomy":"product_tag","embeddable":true,"href":"https:\/\/www.autonvaraosahaku.fi\/index.php?rest_route=%2Fwp%2Fv2%2Fproduct_tag&post=71598"}],"curies":[{"name":"wp","href":"https:\/\/api.w.org\/{rel}","templated":true}]}}