{"id":71616,"date":"2021-02-21T19:15:14","date_gmt":"2021-02-21T19:15:14","guid":{"rendered":"https:\/\/www.autonvaraosahaku.fi\/?product=skf-vkja-3019-vetonivel"},"modified":"2021-02-21T19:15:15","modified_gmt":"2021-02-21T19:15:15","slug":"skf-vkja-3019-vetonivel","status":"publish","type":"product","link":"https:\/\/www.autonvaraosahaku.fi\/?product=skf-vkja-3019-vetonivel","title":{"rendered":"SKF VKJA 3019 Vetonivel"},"content":{"rendered":"<p>Kierremitta: M14x1,5; Ulkohammastus, py\u00f6r\u00e4npuoli: 33; Sis\u00e4hammastus, py\u00f6r\u00e4npuoli: 30; Tiivisteen l\u00e4pimitta [mm]: 53; Hammasluku, ABS-keh\u00e4: 45; Ulkol\u00e4pimitta [mm]: 90; Mekaanisesti ty\u00f6stetty: Sokkauralla sis\u00e4osassa (sis\u00e4p.); Alustanumerosta: 89-J-373 599; AUDI: A4 8D2, B5,A4 Avant 8D5, B5,80 8C, B4,80 89, 89Q, 8A, B3,80 Avant 8C, B4,COUPE 89, 8B,90 89, 89Q, 8A, B3,90 81, 85, B2; 893498099MX, 8A0498099, 8A0498099X, 893407305N, 893498099M, 893498099MX, 895407305B, 895498099A, 895498099H, 8A0498099, 8A0498099X; Nivelsarja, Vetoakseli<\/p>\n","protected":false},"excerpt":{"rendered":"<p>SKF Vetonivel VKJA 3019 Nivelsarja, Vetoakseli AUDI,A4 8D2, B5,A4 Avant 8D5, B5,80 8C, B4,80 89, 89Q, 8A, B3,80 Avant 8C, B4,COUPE 89, 8B<\/p>\n","protected":false},"featured_media":0,"template":"","meta":{"site-sidebar-layout":"default","site-content-layout":"default","ast-global-header-display":"","ast-main-header-display":"","ast-hfb-above-header-display":"","ast-hfb-below-header-display":"","ast-hfb-mobile-header-display":"","site-post-title":"","ast-breadcrumbs-content":"","ast-featured-img":"","footer-sml-layout":"","theme-transparent-header-meta":"","adv-header-id-meta":"","stick-header-meta":"","header-above-stick-meta":"","header-main-stick-meta":"","header-below-stick-meta":""},"pwb-brand":[237],"product_cat":[175],"product_tag":[],"class_list":{"0":"post-71616","1":"product","2":"type-product","3":"status-publish","5":"pwb-brand-skf","6":"product_cat-vetonivel","7":"desktop-align-left","8":"tablet-align-left","9":"mobile-align-left","11":"first","12":"instock","13":"product-type-external"},"brands":[{"id":237,"name":"SKF","slug":"skf"}],"_links":{"self":[{"href":"https:\/\/www.autonvaraosahaku.fi\/index.php?rest_route=\/wp\/v2\/product\/71616","targetHints":{"allow":["GET"]}}],"collection":[{"href":"https:\/\/www.autonvaraosahaku.fi\/index.php?rest_route=\/wp\/v2\/product"}],"about":[{"href":"https:\/\/www.autonvaraosahaku.fi\/index.php?rest_route=\/wp\/v2\/types\/product"}],"wp:attachment":[{"href":"https:\/\/www.autonvaraosahaku.fi\/index.php?rest_route=%2Fwp%2Fv2%2Fmedia&parent=71616"}],"wp:term":[{"taxonomy":"pwb-brand","embeddable":true,"href":"https:\/\/www.autonvaraosahaku.fi\/index.php?rest_route=%2Fwp%2Fv2%2Fpwb-brand&post=71616"},{"taxonomy":"product_cat","embeddable":true,"href":"https:\/\/www.autonvaraosahaku.fi\/index.php?rest_route=%2Fwp%2Fv2%2Fproduct_cat&post=71616"},{"taxonomy":"product_tag","embeddable":true,"href":"https:\/\/www.autonvaraosahaku.fi\/index.php?rest_route=%2Fwp%2Fv2%2Fproduct_tag&post=71616"}],"curies":[{"name":"wp","href":"https:\/\/api.w.org\/{rel}","templated":true}]}}