{"id":71618,"date":"2021-02-21T19:15:14","date_gmt":"2021-02-21T19:15:14","guid":{"rendered":"https:\/\/www.autonvaraosahaku.fi\/?product=luk-624-3417-00-kytkinpaketti"},"modified":"2021-02-21T19:15:15","modified_gmt":"2021-02-21T19:15:15","slug":"luk-624-3417-00-kytkinpaketti","status":"publish","type":"product","link":"https:\/\/www.autonvaraosahaku.fi\/?product=luk-624-3417-00-kytkinpaketti","title":{"rendered":"LuK 624 3417 00 Kytkinpaketti"},"content":{"rendered":"<p>L\u00e4pimitta [mm]: 240; Korvaava tuote\/korvaava tiedote 2: irroitinlaakerilla, irroitinlaakerilla, Erikoisty\u00f6kalu tarpeen asennuksessa, Tarkasta 2-massavauhtipy\u00f6r\u00e4 ja uusi tarvitaessa.; J\u00e4lkis\u00e4\u00e4t\u00f6: Automaattisella s\u00e4\u00e4d\u00f6ll\u00e4, Automaattisella s\u00e4\u00e4d\u00f6ll\u00e4; Moottorinumero: DW10CTED4; FIAT: SCUDO 270_,SCUDO Kasten 270_,SCUDO Pritsche\/Fahrgestell 270_; CITRO\u00cbN: C5 III Break TD_,C4 Picasso I UD_,C4 Grand Picasso I UA_,C8 EA_, EB_,C5 III RD_,C4 II B7,JUMPY,JUMPY Kasten,DS4,DS5; PEUGEOT: 407 SW 6E_,308 SW,807 E,308 4A_, 4C_,5008,508 SW,407 6D_,3008,RCZ,308 CC,508,407 Coupe 6C_,EXPERT Tepee VF3V_,EXPERT Kasten VF3A_, VF3U_, VF3X_,EXPERT Pritsche\/Fahrgestell; 1611271480, 1611271880, 204172, 2041A9, 2051R4, 2052P6, 1611271480, 1611271880, 9467638080, 9647162280, 9675835180, 1611271480, 1611271880, 204172, 2041A9, 2051R4, 2052P6, 9647162280; Kytkinsarja<\/p>\n","protected":false},"excerpt":{"rendered":"<p>LuK Kytkinpaketti 624 3417 00 Kytkinsarja FIAT,CITRO\u00cbN,PEUGEOT,SCUDO 270_,SCUDO Kasten 270_,SCUDO Pritsche\/Fahrgestell 270_,C5 III Break TD_<\/p>\n","protected":false},"featured_media":0,"template":"","meta":{"site-sidebar-layout":"default","site-content-layout":"default","ast-global-header-display":"","ast-main-header-display":"","ast-hfb-above-header-display":"","ast-hfb-below-header-display":"","ast-hfb-mobile-header-display":"","site-post-title":"","ast-breadcrumbs-content":"","ast-featured-img":"","footer-sml-layout":"","theme-transparent-header-meta":"","adv-header-id-meta":"","stick-header-meta":"","header-above-stick-meta":"","header-main-stick-meta":"","header-below-stick-meta":""},"pwb-brand":[20],"product_cat":[21],"product_tag":[],"class_list":{"0":"post-71618","1":"product","2":"type-product","3":"status-publish","5":"pwb-brand-luk","6":"product_cat-kytkinpaketti","7":"desktop-align-left","8":"tablet-align-left","9":"mobile-align-left","11":"first","12":"instock","13":"product-type-external"},"brands":[{"id":20,"name":"LuK","slug":"luk"}],"_links":{"self":[{"href":"https:\/\/www.autonvaraosahaku.fi\/index.php?rest_route=\/wp\/v2\/product\/71618","targetHints":{"allow":["GET"]}}],"collection":[{"href":"https:\/\/www.autonvaraosahaku.fi\/index.php?rest_route=\/wp\/v2\/product"}],"about":[{"href":"https:\/\/www.autonvaraosahaku.fi\/index.php?rest_route=\/wp\/v2\/types\/product"}],"wp:attachment":[{"href":"https:\/\/www.autonvaraosahaku.fi\/index.php?rest_route=%2Fwp%2Fv2%2Fmedia&parent=71618"}],"wp:term":[{"taxonomy":"pwb-brand","embeddable":true,"href":"https:\/\/www.autonvaraosahaku.fi\/index.php?rest_route=%2Fwp%2Fv2%2Fpwb-brand&post=71618"},{"taxonomy":"product_cat","embeddable":true,"href":"https:\/\/www.autonvaraosahaku.fi\/index.php?rest_route=%2Fwp%2Fv2%2Fproduct_cat&post=71618"},{"taxonomy":"product_tag","embeddable":true,"href":"https:\/\/www.autonvaraosahaku.fi\/index.php?rest_route=%2Fwp%2Fv2%2Fproduct_tag&post=71618"}],"curies":[{"name":"wp","href":"https:\/\/api.w.org\/{rel}","templated":true}]}}