{"id":71627,"date":"2021-02-21T19:15:14","date_gmt":"2021-02-21T19:15:14","guid":{"rendered":"https:\/\/www.autonvaraosahaku.fi\/?product=elwis-royal-8455542-nokka-akselin-tiiviste"},"modified":"2021-02-21T19:15:18","modified_gmt":"2021-02-21T19:15:18","slug":"elwis-royal-8455542-nokka-akselin-tiiviste","status":"publish","type":"product","link":"https:\/\/www.autonvaraosahaku.fi\/?product=elwis-royal-8455542-nokka-akselin-tiiviste","title":{"rendered":"ELWIS ROYAL 8455542 Nokka akselin tiiviste"},"content":{"rendered":"<p>Tarvittava kappalem\u00e4\u00e4r\u00e4: 1; Leveys (mm): 7; Materiaali: NBR (nitriili-butadi-kumi); Sis\u00e4l\u00e4pimitta [mm]: 30; Ulkol\u00e4pimitta [mm]: 47; VOLVO: V40 Kombi VW,V70 II SW,V50 MW,XC90 I,V70 I LV,S60 I,850 Kombi LW,C30,S80 I TS, XY,S40 II MS,XC70 CROSS COUNTRY,S40 I VS,C70 II Cabriolet,C70 I Cabriolet,C70 I Coupe,850 LS,960 II Kombi 965,S70 LS,960 II 964,V90 Kombi,960 Kombi 965,960 964,S90; 3514943, 9443310, 94433109; Akselitiiviste, Nokka-Akseli<\/p>\n","protected":false},"excerpt":{"rendered":"<p>ELWIS ROYAL Nokka Akselin Tiiviste 8455542 Akselitiiviste, Nokka-Akseli VOLVO,V40 Kombi VW,V70 II SW,V50 MW,XC90 I,V70 I LV,S60 I,850 Kombi LW,C30<\/p>\n","protected":false},"featured_media":0,"template":"","meta":{"site-sidebar-layout":"default","site-content-layout":"default","ast-global-header-display":"","ast-main-header-display":"","ast-hfb-above-header-display":"","ast-hfb-below-header-display":"","ast-hfb-mobile-header-display":"","site-post-title":"","ast-breadcrumbs-content":"","ast-featured-img":"","footer-sml-layout":"","theme-transparent-header-meta":"","adv-header-id-meta":"","stick-header-meta":"","header-above-stick-meta":"","header-main-stick-meta":"","header-below-stick-meta":""},"pwb-brand":[120],"product_cat":[122],"product_tag":[],"class_list":{"0":"post-71627","1":"product","2":"type-product","3":"status-publish","5":"pwb-brand-elwis-royal","6":"product_cat-nokka-akselin-tiiviste","7":"desktop-align-left","8":"tablet-align-left","9":"mobile-align-left","11":"first","12":"instock","13":"product-type-external"},"brands":[{"id":120,"name":"ELWIS ROYAL","slug":"elwis-royal"}],"_links":{"self":[{"href":"https:\/\/www.autonvaraosahaku.fi\/index.php?rest_route=\/wp\/v2\/product\/71627","targetHints":{"allow":["GET"]}}],"collection":[{"href":"https:\/\/www.autonvaraosahaku.fi\/index.php?rest_route=\/wp\/v2\/product"}],"about":[{"href":"https:\/\/www.autonvaraosahaku.fi\/index.php?rest_route=\/wp\/v2\/types\/product"}],"wp:attachment":[{"href":"https:\/\/www.autonvaraosahaku.fi\/index.php?rest_route=%2Fwp%2Fv2%2Fmedia&parent=71627"}],"wp:term":[{"taxonomy":"pwb-brand","embeddable":true,"href":"https:\/\/www.autonvaraosahaku.fi\/index.php?rest_route=%2Fwp%2Fv2%2Fpwb-brand&post=71627"},{"taxonomy":"product_cat","embeddable":true,"href":"https:\/\/www.autonvaraosahaku.fi\/index.php?rest_route=%2Fwp%2Fv2%2Fproduct_cat&post=71627"},{"taxonomy":"product_tag","embeddable":true,"href":"https:\/\/www.autonvaraosahaku.fi\/index.php?rest_route=%2Fwp%2Fv2%2Fproduct_tag&post=71627"}],"curies":[{"name":"wp","href":"https:\/\/api.w.org\/{rel}","templated":true}]}}