{"id":71636,"date":"2021-02-21T19:15:21","date_gmt":"2021-02-21T19:15:21","guid":{"rendered":"https:\/\/www.autonvaraosahaku.fi\/?product=mahle-original-kl-446-polttoainesuodatin"},"modified":"2021-02-21T19:15:23","modified_gmt":"2021-02-21T19:15:23","slug":"mahle-original-kl-446-polttoainesuodatin","status":"publish","type":"product","link":"https:\/\/www.autonvaraosahaku.fi\/?product=mahle-original-kl-446-polttoainesuodatin","title":{"rendered":"MAHLE ORIGINAL KL 446 Polttoainesuodatin"},"content":{"rendered":"<p>Suodatintyyppi: Letkusuodatin, ohne Anschluss f\u00fcr Wassersensor; Kopan l\u00e4pimitta (mm): 80,5; Korkeus 1 (mm): 118,0; Korkeus (mm): 187,0; L\u00e4pimitta 2 [mm]: 9,89; L\u00e4pimitta 3 [mm]: 7,89, 7,89; KIA: CARNIVAL II GQ,CARNIVAL \/ GRAND CARNIVAL III VQ,K2900,BONGO Pritsche\/Fahrgestell; JAGUAR: X-TYPE CF1,X-TYPE Estate; SSANGYONG: REXTON GAB_,KYRON,REXTON W,RODIUS,ACTYON SPORTS I QJ,ACTYON I; HYUNDAI: TERRACAN HP; FORD: MONDEO III Kombi BWY,FOCUS Kombi DNW,FOCUS DAW, DBW,MONDEO III B5Y,MONDEO III Stufenheck B4Y,FOCUS Stufenheck DFW,TRANSIT CONNECT P65_, P70_, P80_,TOURNEO CONNECT; TATA (TELCO): SAFARI 42_FD,XENON Pick-up; 1132631, 1137026, 1230645, 1480561, 1532171, 1709787, 1S419155AB, 1S419155AC, 2042987, 2T149155CA, 2T149155CB, 2T149B072CA, 3S719155B1A, 3S719155B1B, 3S719155BA, 3S7J9155AA, 4442434, 4598591, 5292808, AT169155AA, LS419155AC, REFG315, 0K52A23570, 31390H1951, 31390H1952, 31390H1970, 31395H1950, 31395H1952, 31940, C2S27643, 0K52A13480, 0K52A23570A, 31390H1970, 31395H1950, 31395H1952, OK52A23570A, 6650921101, 6650921301<\/p>\n","protected":false},"excerpt":{"rendered":"<p>MAHLE ORIGINAL Polttoainesuodatin KL 446  KIA,JAGUAR,SSANGYONG,CARNIVAL II GQ,CARNIVAL \/ GRAND CARNIVAL III VQ,K2900,BONGO Pritsche\/Fahrgestell<\/p>\n","protected":false},"featured_media":0,"template":"","meta":{"site-sidebar-layout":"default","site-content-layout":"default","ast-global-header-display":"","ast-main-header-display":"","ast-hfb-above-header-display":"","ast-hfb-below-header-display":"","ast-hfb-mobile-header-display":"","site-post-title":"","ast-breadcrumbs-content":"","ast-featured-img":"","footer-sml-layout":"","theme-transparent-header-meta":"","adv-header-id-meta":"","stick-header-meta":"","header-above-stick-meta":"","header-main-stick-meta":"","header-below-stick-meta":""},"pwb-brand":[153],"product_cat":[29],"product_tag":[],"class_list":{"0":"post-71636","1":"product","2":"type-product","3":"status-publish","5":"pwb-brand-mahle-original","6":"product_cat-polttoainesuodatin","7":"desktop-align-left","8":"tablet-align-left","9":"mobile-align-left","11":"first","12":"instock","13":"product-type-external"},"brands":[{"id":153,"name":"MAHLE ORIGINAL","slug":"mahle-original"}],"_links":{"self":[{"href":"https:\/\/www.autonvaraosahaku.fi\/index.php?rest_route=\/wp\/v2\/product\/71636","targetHints":{"allow":["GET"]}}],"collection":[{"href":"https:\/\/www.autonvaraosahaku.fi\/index.php?rest_route=\/wp\/v2\/product"}],"about":[{"href":"https:\/\/www.autonvaraosahaku.fi\/index.php?rest_route=\/wp\/v2\/types\/product"}],"wp:attachment":[{"href":"https:\/\/www.autonvaraosahaku.fi\/index.php?rest_route=%2Fwp%2Fv2%2Fmedia&parent=71636"}],"wp:term":[{"taxonomy":"pwb-brand","embeddable":true,"href":"https:\/\/www.autonvaraosahaku.fi\/index.php?rest_route=%2Fwp%2Fv2%2Fpwb-brand&post=71636"},{"taxonomy":"product_cat","embeddable":true,"href":"https:\/\/www.autonvaraosahaku.fi\/index.php?rest_route=%2Fwp%2Fv2%2Fproduct_cat&post=71636"},{"taxonomy":"product_tag","embeddable":true,"href":"https:\/\/www.autonvaraosahaku.fi\/index.php?rest_route=%2Fwp%2Fv2%2Fproduct_tag&post=71636"}],"curies":[{"name":"wp","href":"https:\/\/api.w.org\/{rel}","templated":true}]}}