{"id":71637,"date":"2021-02-21T19:15:21","date_gmt":"2021-02-21T19:15:21","guid":{"rendered":"https:\/\/www.autonvaraosahaku.fi\/?product=mahle-original-kl-196-polttoainesuodatin"},"modified":"2021-02-21T19:15:23","modified_gmt":"2021-02-21T19:15:23","slug":"mahle-original-kl-196-polttoainesuodatin","status":"publish","type":"product","link":"https:\/\/www.autonvaraosahaku.fi\/?product=mahle-original-kl-196-polttoainesuodatin","title":{"rendered":"MAHLE ORIGINAL KL 196 Polttoainesuodatin"},"content":{"rendered":"<p>Suodatintyyppi: Letkusuodatin; L\u00e4pimitta [mm]: 85,7; Kopan l\u00e4pimitta (mm): 80,5; Korkeus 1 (mm): 88,0; Korkeus (mm): 165,0; L\u00e4pimitta 2 [mm]: 7,89; L\u00e4pimitta 3 [mm]: 7,89; Paino [g]: 0,73; Korkeus (tuumaa): 6,69; Leveys (tuumaa): 3,54; Pituus (tuumaa): 3,54; Valmistusvuosi alkaen: 07\/2000; VOLVO: V40 Kombi VW,V70 II SW,XC90 I,V70 I LV,S60 I,V70 III BW,S80 I TS, XY,XC70 CROSS COUNTRY,S40 I VS,S60 II,C70 I Cabriolet,C70 I Coupe; 30620512, 306205120<\/p>\n","protected":false},"excerpt":{"rendered":"<p>MAHLE ORIGINAL Polttoainesuodatin KL 196  VOLVO,V40 Kombi VW,V70 II SW,XC90 I,V70 I LV,S60 I,V70 III BW,S80 I TS, XY,XC70 CROSS COUNTRY,S40 I VS<\/p>\n","protected":false},"featured_media":0,"template":"","meta":{"site-sidebar-layout":"default","site-content-layout":"default","ast-global-header-display":"","ast-main-header-display":"","ast-hfb-above-header-display":"","ast-hfb-below-header-display":"","ast-hfb-mobile-header-display":"","site-post-title":"","ast-breadcrumbs-content":"","ast-featured-img":"","footer-sml-layout":"","theme-transparent-header-meta":"","adv-header-id-meta":"","stick-header-meta":"","header-above-stick-meta":"","header-main-stick-meta":"","header-below-stick-meta":""},"pwb-brand":[153],"product_cat":[29],"product_tag":[],"class_list":{"0":"post-71637","1":"product","2":"type-product","3":"status-publish","5":"pwb-brand-mahle-original","6":"product_cat-polttoainesuodatin","7":"desktop-align-left","8":"tablet-align-left","9":"mobile-align-left","11":"first","12":"instock","13":"product-type-external"},"brands":[{"id":153,"name":"MAHLE ORIGINAL","slug":"mahle-original"}],"_links":{"self":[{"href":"https:\/\/www.autonvaraosahaku.fi\/index.php?rest_route=\/wp\/v2\/product\/71637","targetHints":{"allow":["GET"]}}],"collection":[{"href":"https:\/\/www.autonvaraosahaku.fi\/index.php?rest_route=\/wp\/v2\/product"}],"about":[{"href":"https:\/\/www.autonvaraosahaku.fi\/index.php?rest_route=\/wp\/v2\/types\/product"}],"wp:attachment":[{"href":"https:\/\/www.autonvaraosahaku.fi\/index.php?rest_route=%2Fwp%2Fv2%2Fmedia&parent=71637"}],"wp:term":[{"taxonomy":"pwb-brand","embeddable":true,"href":"https:\/\/www.autonvaraosahaku.fi\/index.php?rest_route=%2Fwp%2Fv2%2Fpwb-brand&post=71637"},{"taxonomy":"product_cat","embeddable":true,"href":"https:\/\/www.autonvaraosahaku.fi\/index.php?rest_route=%2Fwp%2Fv2%2Fproduct_cat&post=71637"},{"taxonomy":"product_tag","embeddable":true,"href":"https:\/\/www.autonvaraosahaku.fi\/index.php?rest_route=%2Fwp%2Fv2%2Fproduct_tag&post=71637"}],"curies":[{"name":"wp","href":"https:\/\/api.w.org\/{rel}","templated":true}]}}