{"id":71639,"date":"2021-02-21T19:15:21","date_gmt":"2021-02-21T19:15:21","guid":{"rendered":"https:\/\/www.autonvaraosahaku.fi\/?product=hella-5dr-004-241-151-laturin-jannitteensaadin"},"modified":"2021-02-21T19:15:25","modified_gmt":"2021-02-21T19:15:25","slug":"hella-5dr-004-241-151-laturin-jannitteensaadin","status":"publish","type":"product","link":"https:\/\/www.autonvaraosahaku.fi\/?product=hella-5dr-004-241-151-laturin-jannitteensaadin","title":{"rendered":"HELLA 5DR 004 241-151 Laturin j\u00e4nnitteens\u00e4\u00e4din"},"content":{"rendered":"<p>Valmistaja rajaus: Bosch; Nimellisj\u00e4nnite (V): 12; K\u00e4ytt\u00f6j\u00e4nnite [V]: 14,1; Valmistusvuosi alkaen: 05\/1978; VW: GOLF I Cabriolet 155,TRANSPORTER III Bus,KAEFER,SCIROCCO 53B,LT 28-35 I Kasten 281-363,GOLF I 17,LT 28-35 I Bus 281-363,KAEFER Cabriolet 15,PASSAT Variant 32B,PASSAT 32B,POLO 86,SCIROCCO 53,ILTIS 183,JETTA I 16,PASSAT 32,LT 40-55 I Kasten 291-512,DERBY 86,PASSAT Variant 33,SANTANA 32B; AUDI: 80 81, 85, B2,COUPE 81, 85,QUATTRO 85,80 80, 82, B1,100 C1,100 Coupe C1,100 43, C2,200 43,50 86,100 Avant 43, C2; BMW: 6 E24,3 E21,7 E23,5 E12; SEAT: MARBELLA 28,IBIZA I 021A,MARBELLA Kasten 028A,MALAGA 023A,RONDA 022A; VOLVO: 240 P242, P244; SAAB: 900 I Combi Coupe,99,99 Combi Coupe; ROVER: MINI,MINI Cabriolet XN; MERCEDES-BENZ: SL R107,Stufenheck W123,S-CLASS W126,G-CLASS W460,COUPE C123,S-CLASS W116,KOMBI Kombi S123,T1 Bus 601,SL Coupe C107,T1 Pritsche\/Fahrgestell 601; OPEL: CORSA A CC 93_, 94_, 98_, 99_,KADETT C Coupe,MANTA B 58_, 59_,VECTRA A CC 88_, 89_,KADETT B,MONZA A 22_,KADETT C,ASCONA B 81_, 86_, 87_, 88_,ASCONA C 81_, 86_, 87_, 88_,REKORD E 17_-19_, 11_, 14_, 16_,SENATOR B 29_,SENATOR A 29_,CORSA A TR 91_, 92_, 96_, 97_,KADETT D 31_-34_, 41_-44_,KADETT B Coupe,ASCONA C CC 84_, 89_,REKORD D,MANTA B CC 53_, 55_,KADETT C City,COMMODORE B Coupe,COMMODORE C 14_, 19_,COMMODORE B,REKORD E Caravan 61_, 66_, 67_,KADETT D 32_,37_,39, _42,REKORD D Coupe,KADETT C Caravan,KADETT B Caravan,KADETT D Caravan 35_, 36_, 45_, 46_,COMMODORE C Caravan 61,REKORD D Caravan; LANCIA: DELTA I 831AB0,A 112,BETA  H.P.E. 828BF,BETA 828_B_,TREVI 828DB; 11913050610, 119130506100, 11913050613, 119130506132, 42490291, 4474755, 4475269, 4475296, 4701484, 4731653, 701656, 70165600000, 701656000000, 7073503, 7074261, 7075469, 82302913, 9927829, 9933186, 9934791, 9936532, 9940343, 9943793, 9950085, 0003894469, 0003899291, 028903803A, 049903803B, 049903803C, 049903803E, 049903803F, 052903803, 053903803, 059903803B, 059903803C, 063903803, 070903803A, 1029038031, 124132, 289038031, 3259038031, 409038033, 711705, NG98102329, 12311268073, 12311268387, 12311286073, 12311356063, 12311459286, 12311710732, 1268073, 1268387, 1286073, 1356063, 1459286, 1710732, 244332, 692061, 42490291, 4474755, 4475269, 4475296, 4701484, 4731653, 7073503, 7074261, 7075469, 82302913, 9927829, 9933186, 9934791, 9936532, 9940343, 9943793, 9950085, 42490291, 4474755, 4475269, 4475296, 4701484, 4731653, 7073503, 7074261, 7075469, 82302913, 9927829, 9933186, 9934791, 9936532, 9940343, 9943793, 9950085, 1447502, 1477502, 289038031, 325903803, 5011364, 5012444, 5013273, 60&#8230;; Laturin S\u00e4\u00e4din,J\u00e4nniteens\u00e4\u00e4din<\/p>\n","protected":false},"excerpt":{"rendered":"<p>HELLA Laturin J\u00e4nnitteens\u00e4\u00e4din 5DR 004 241-151 Laturin S\u00e4\u00e4din,J\u00e4nniteens\u00e4\u00e4din VW,AUDI,BMW,GOLF I Cabriolet 155,TRANSPORTER III Bus,KAEFER,SCIROCCO 53B<\/p>\n","protected":false},"featured_media":0,"template":"","meta":{"site-sidebar-layout":"default","site-content-layout":"default","ast-global-header-display":"","ast-main-header-display":"","ast-hfb-above-header-display":"","ast-hfb-below-header-display":"","ast-hfb-mobile-header-display":"","site-post-title":"","ast-breadcrumbs-content":"","ast-featured-img":"","footer-sml-layout":"","theme-transparent-header-meta":"","adv-header-id-meta":"","stick-header-meta":"","header-above-stick-meta":"","header-main-stick-meta":"","header-below-stick-meta":""},"pwb-brand":[24],"product_cat":[420],"product_tag":[],"class_list":{"0":"post-71639","1":"product","2":"type-product","3":"status-publish","5":"pwb-brand-hella","6":"product_cat-laturin-jannitteensaadin","7":"desktop-align-left","8":"tablet-align-left","9":"mobile-align-left","11":"first","12":"instock","13":"product-type-external"},"brands":[{"id":24,"name":"HELLA","slug":"hella"}],"_links":{"self":[{"href":"https:\/\/www.autonvaraosahaku.fi\/index.php?rest_route=\/wp\/v2\/product\/71639","targetHints":{"allow":["GET"]}}],"collection":[{"href":"https:\/\/www.autonvaraosahaku.fi\/index.php?rest_route=\/wp\/v2\/product"}],"about":[{"href":"https:\/\/www.autonvaraosahaku.fi\/index.php?rest_route=\/wp\/v2\/types\/product"}],"wp:attachment":[{"href":"https:\/\/www.autonvaraosahaku.fi\/index.php?rest_route=%2Fwp%2Fv2%2Fmedia&parent=71639"}],"wp:term":[{"taxonomy":"pwb-brand","embeddable":true,"href":"https:\/\/www.autonvaraosahaku.fi\/index.php?rest_route=%2Fwp%2Fv2%2Fpwb-brand&post=71639"},{"taxonomy":"product_cat","embeddable":true,"href":"https:\/\/www.autonvaraosahaku.fi\/index.php?rest_route=%2Fwp%2Fv2%2Fproduct_cat&post=71639"},{"taxonomy":"product_tag","embeddable":true,"href":"https:\/\/www.autonvaraosahaku.fi\/index.php?rest_route=%2Fwp%2Fv2%2Fproduct_tag&post=71639"}],"curies":[{"name":"wp","href":"https:\/\/api.w.org\/{rel}","templated":true}]}}