{"id":71651,"date":"2021-02-21T19:15:21","date_gmt":"2021-02-21T19:15:21","guid":{"rendered":"https:\/\/www.autonvaraosahaku.fi\/?product=vemo-v25-79-0006-lammityslaitteen-puhaltimen-vastus"},"modified":"2021-02-21T19:15:31","modified_gmt":"2021-02-21T19:15:31","slug":"vemo-v25-79-0006-lammityslaitteen-puhaltimen-vastus","status":"publish","type":"product","link":"https:\/\/www.autonvaraosahaku.fi\/?product=vemo-v25-79-0006-lammityslaitteen-puhaltimen-vastus","title":{"rendered":"VEMO V25-79-0006 L\u00e4mmityslaitteen puhaltimen vastus"},"content":{"rendered":"<p>Liittimi\u00e4: 4; Tarvittava kappalem\u00e4\u00e4r\u00e4: 1; Varusteet: Autoihin, joissa ilmastointi; Paino [kg]: 0,043; Pakkausleveys [cm]: 4,9; Pakkauskorkeus [mm]: 9,2; Pakkaussyvyys [cm]: 9; lis\u00e4tieto: Original VEMO Quality; Moottorinumero: 2.0 TDCI; FORD: FIESTA V JH_, JD_,FOCUS II Kombi DA_,FIESTA VI,MONDEO IV Turnier BA7,FOCUS II DA_,S-MAX WA6,FOCUS C-MAX,GALAXY WA6,KUGA I,FUSION JU_,C-MAX DM2,MONDEO IV BA7,FIESTA Stufenheck JA8 JR8,FOCUS II Stufenheck DA_,FOCUS II Cabriolet,MONDEO IV Stufenheck BA7,FIESTA V Van,FIESTA VI Van; 1206927, 1253185, 1253188, 1325972, 1855157, 2S6H18B647AC, 3M5H18B647AB, 3M5H18B647AC, 3M5H18B647AD<\/p>\n","protected":false},"excerpt":{"rendered":"<p>VEMO S\u00e4\u00e4din, Sis\u00e4valaistus V25-79-0006  FORD,FIESTA V JH_, JD_,FOCUS II Kombi DA_,FIESTA VI,MONDEO IV Turnier BA7,FOCUS II DA_,S-MAX WA6,FOCUS C-MAX<\/p>\n","protected":false},"featured_media":0,"template":"","meta":{"site-sidebar-layout":"default","site-content-layout":"default","ast-global-header-display":"","ast-main-header-display":"","ast-hfb-above-header-display":"","ast-hfb-below-header-display":"","ast-hfb-mobile-header-display":"","site-post-title":"","ast-breadcrumbs-content":"","ast-featured-img":"","footer-sml-layout":"","theme-transparent-header-meta":"","adv-header-id-meta":"","stick-header-meta":"","header-above-stick-meta":"","header-main-stick-meta":"","header-below-stick-meta":""},"pwb-brand":[168],"product_cat":[134],"product_tag":[],"class_list":{"0":"post-71651","1":"product","2":"type-product","3":"status-publish","5":"pwb-brand-vemo","6":"product_cat-lammityslaitteen-puhaltimen-vastus","7":"desktop-align-left","8":"tablet-align-left","9":"mobile-align-left","11":"first","12":"instock","13":"product-type-external"},"brands":[{"id":168,"name":"VEMO","slug":"vemo"}],"_links":{"self":[{"href":"https:\/\/www.autonvaraosahaku.fi\/index.php?rest_route=\/wp\/v2\/product\/71651","targetHints":{"allow":["GET"]}}],"collection":[{"href":"https:\/\/www.autonvaraosahaku.fi\/index.php?rest_route=\/wp\/v2\/product"}],"about":[{"href":"https:\/\/www.autonvaraosahaku.fi\/index.php?rest_route=\/wp\/v2\/types\/product"}],"wp:attachment":[{"href":"https:\/\/www.autonvaraosahaku.fi\/index.php?rest_route=%2Fwp%2Fv2%2Fmedia&parent=71651"}],"wp:term":[{"taxonomy":"pwb-brand","embeddable":true,"href":"https:\/\/www.autonvaraosahaku.fi\/index.php?rest_route=%2Fwp%2Fv2%2Fpwb-brand&post=71651"},{"taxonomy":"product_cat","embeddable":true,"href":"https:\/\/www.autonvaraosahaku.fi\/index.php?rest_route=%2Fwp%2Fv2%2Fproduct_cat&post=71651"},{"taxonomy":"product_tag","embeddable":true,"href":"https:\/\/www.autonvaraosahaku.fi\/index.php?rest_route=%2Fwp%2Fv2%2Fproduct_tag&post=71651"}],"curies":[{"name":"wp","href":"https:\/\/api.w.org\/{rel}","templated":true}]}}