{"id":71668,"date":"2021-02-21T19:15:33","date_gmt":"2021-02-21T19:15:33","guid":{"rendered":"https:\/\/www.autonvaraosahaku.fi\/?product=hella-6zl-003-259-201-oljynpaineanturi"},"modified":"2021-02-21T19:15:37","modified_gmt":"2021-02-21T19:15:37","slug":"hella-6zl-003-259-201-oljynpaineanturi","status":"publish","type":"product","link":"https:\/\/www.autonvaraosahaku.fi\/?product=hella-6zl-003-259-201-oljynpaineanturi","title":{"rendered":"HELLA 6ZL 003 259-201 \u00d6ljynpaineanturi"},"content":{"rendered":"<p>Kytkent\u00e4paine alkaen [bar]: 0,5; Kytkinpaine enint. [bar]: 0,75; Nimellisj\u00e4nnite (V): 12; Liittimi\u00e4: 1; V\u00e4ri vastaa alkuper\u00e4isosaa: Musta; Kierremitta: M14x1,5; Yhdistelm\u00e4kytkintoiminto: Avaaja; Avainv\u00e4li: 24; Virta (A): 0,25; Valmistusvuosi alkaen: 09\/1986; SEAT: IBIZA I 021A,MALAGA 023A,RONDA 022A; LADA: NIVA 2121,1200-1600,1200-1500 Kombi,SAMARA 2108, 2109, 2115, 2113, 2114,TOSCANA 2107,SAMARA Stufenheck 21099, 2115; LANCIA: DELTA I 831AB0,THEMA 834,DEDRA 835,Y10 156,DEDRA SW 835,BETA  H.P.E. 828BF,THEMA SW 834,BETA 828_B_,PRISMA 831AB0,TREVI 828DB; FIAT: DUCATO Kasten 290,DUCATO Pritsche\/Fahrgestell 290,DUCATO Kasten 280,DUCATO Pritsche\/Fahrgestell 280,PANDA 141A_,124 Spider,DUCATO Panorama 280,126,UNO 146A\/E,DUCATO Panorama 290,127,FIORINO Kasten 146,TIPO 160,128 Coupe,CROMA 154,128,PANDA Van 141_,125,TEMPRA 159,131,124 Coupe,RITMO I 138A,124,TEMPRA S.W. 159,132,FIORINO 147,REGATA 138,ARGENTA 132A,124 Familiare,RITMO Cabriolet,127 Panorama,128 Familiare,131 Familiare\/Panorama,FIORINO Pick up 147,REGATA Weekend 138,DUNA 146 B,DUNA Weekend 146 B; ZASTAVA: 101 1100; 4414599, 4414599; \u00d6ljynpainekytkin<\/p>\n","protected":false},"excerpt":{"rendered":"<p>HELLA \u00d6ljynpaineanturi 6ZL 003 259-201 \u00d6ljynpainekytkin SEAT,LADA,LANCIA,IBIZA I 021A,MALAGA 023A,RONDA 022A,NIVA 2121,1200-1600,1200-1500 Kombi<\/p>\n","protected":false},"featured_media":0,"template":"","meta":{"site-sidebar-layout":"default","site-content-layout":"default","ast-global-header-display":"","ast-main-header-display":"","ast-hfb-above-header-display":"","ast-hfb-below-header-display":"","ast-hfb-mobile-header-display":"","site-post-title":"","ast-breadcrumbs-content":"","ast-featured-img":"","footer-sml-layout":"","theme-transparent-header-meta":"","adv-header-id-meta":"","stick-header-meta":"","header-above-stick-meta":"","header-main-stick-meta":"","header-below-stick-meta":""},"pwb-brand":[24],"product_cat":[235],"product_tag":[],"class_list":{"0":"post-71668","1":"product","2":"type-product","3":"status-publish","5":"pwb-brand-hella","6":"product_cat-oljynpaineanturi","7":"desktop-align-left","8":"tablet-align-left","9":"mobile-align-left","11":"first","12":"instock","13":"product-type-external"},"brands":[{"id":24,"name":"HELLA","slug":"hella"}],"_links":{"self":[{"href":"https:\/\/www.autonvaraosahaku.fi\/index.php?rest_route=\/wp\/v2\/product\/71668","targetHints":{"allow":["GET"]}}],"collection":[{"href":"https:\/\/www.autonvaraosahaku.fi\/index.php?rest_route=\/wp\/v2\/product"}],"about":[{"href":"https:\/\/www.autonvaraosahaku.fi\/index.php?rest_route=\/wp\/v2\/types\/product"}],"wp:attachment":[{"href":"https:\/\/www.autonvaraosahaku.fi\/index.php?rest_route=%2Fwp%2Fv2%2Fmedia&parent=71668"}],"wp:term":[{"taxonomy":"pwb-brand","embeddable":true,"href":"https:\/\/www.autonvaraosahaku.fi\/index.php?rest_route=%2Fwp%2Fv2%2Fpwb-brand&post=71668"},{"taxonomy":"product_cat","embeddable":true,"href":"https:\/\/www.autonvaraosahaku.fi\/index.php?rest_route=%2Fwp%2Fv2%2Fproduct_cat&post=71668"},{"taxonomy":"product_tag","embeddable":true,"href":"https:\/\/www.autonvaraosahaku.fi\/index.php?rest_route=%2Fwp%2Fv2%2Fproduct_tag&post=71668"}],"curies":[{"name":"wp","href":"https:\/\/api.w.org\/{rel}","templated":true}]}}