{"id":71696,"date":"2021-02-21T19:15:47","date_gmt":"2021-02-21T19:15:47","guid":{"rendered":"https:\/\/www.autonvaraosahaku.fi\/?product=elring-069-440-venttiilinvarren-kumit"},"modified":"2021-02-21T19:15:48","modified_gmt":"2021-02-21T19:15:48","slug":"elring-069-440-venttiilinvarren-kumit","status":"publish","type":"product","link":"https:\/\/www.autonvaraosahaku.fi\/?product=elring-069-440-venttiilinvarren-kumit","title":{"rendered":"ELRING 069.440 Venttiilinvarren kumit"},"content":{"rendered":"<p>Venttiilinvarren l\u00e4pimitta [mm]: 7, 7; Korkeus (mm): 9; Ulkol\u00e4pimitta [mm]: 14,7; Sis\u00e4l\u00e4pimitta [mm]: 11,8; Materiaali: FPM (fluori-kumi); Asennuspuoli: Einlassseite; DAIHATSU: TERIOS J1,HIJET Kasten S85,FEROZA Soft Top F300,SPORTRAK F300,GRAN MOVE G3,FOURTRAK F7, F8,CHARADE IV G200, G202,CHARADE III G100, G101, G102,APPLAUSE II A101,APPLAUSE I A101, A111,HIJET Bus S85,CHARADE IV Stufenheck G203,HIJET Pick-up,CHARADE III Stufenheck G102; SUZUKI: JIMNY FJ,SAMURAI SJ,SWIFT II Schr\u00e4gheck EA, MA,VITARA ET, TA,VITARA Cabrio ET, TA,SJ 413,LJ 80,BALENO EG,BALENO Schr\u00e4gheck EG,SJ 410 Cabrio,SJ 410,JIMNY SJ, JA, JB,ALTO HA11,SWIFT I AA,SWIFT Cabriolet SF413,SWIFT II Stufenheck AH, AJ,CARRY Kasten FD,SUPER CARRY Bus ED,ALTO,ALTO SS80,CARRY Kasten SK410,CARRY Kasten ST90V,CARRY Pick-up,SAMURAI Gel\u00e4ndewagen offen SJ,ALTO CM11, CL11, CP11, CN11, CP21, CN21, CM21, CL21, CS22,,CARRY Kasten,SUPER CARRY Kasten ED; PIAGGIO: PORTER Pritsche\/Fahrgestell,PORTER Kasten; SANTANA: SAMURAI; 462100790201, 9004812011000, B11007022D, 4290963, 640993, 90485653, 91120288, 0928907005, 0928907007, 9004812011<\/p>\n","protected":false},"excerpt":{"rendered":"<p>ELRING Tiiviste, Venttiilivarsi 069.440  DAIHATSU,SUZUKI,PIAGGIO,TERIOS J1,HIJET Kasten S85,FEROZA Soft Top F300,SPORTRAK F300,GRAN MOVE G3<\/p>\n","protected":false},"featured_media":0,"template":"","meta":{"site-sidebar-layout":"default","site-content-layout":"default","ast-global-header-display":"","ast-main-header-display":"","ast-hfb-above-header-display":"","ast-hfb-below-header-display":"","ast-hfb-mobile-header-display":"","site-post-title":"","ast-breadcrumbs-content":"","ast-featured-img":"","footer-sml-layout":"","theme-transparent-header-meta":"","adv-header-id-meta":"","stick-header-meta":"","header-above-stick-meta":"","header-main-stick-meta":"","header-below-stick-meta":""},"pwb-brand":[26],"product_cat":[170],"product_tag":[],"class_list":{"0":"post-71696","1":"product","2":"type-product","3":"status-publish","5":"pwb-brand-elring","6":"product_cat-venttiilinvarren-kumit","7":"desktop-align-left","8":"tablet-align-left","9":"mobile-align-left","11":"first","12":"instock","13":"product-type-external"},"brands":[{"id":26,"name":"ELRING","slug":"elring"}],"_links":{"self":[{"href":"https:\/\/www.autonvaraosahaku.fi\/index.php?rest_route=\/wp\/v2\/product\/71696","targetHints":{"allow":["GET"]}}],"collection":[{"href":"https:\/\/www.autonvaraosahaku.fi\/index.php?rest_route=\/wp\/v2\/product"}],"about":[{"href":"https:\/\/www.autonvaraosahaku.fi\/index.php?rest_route=\/wp\/v2\/types\/product"}],"wp:attachment":[{"href":"https:\/\/www.autonvaraosahaku.fi\/index.php?rest_route=%2Fwp%2Fv2%2Fmedia&parent=71696"}],"wp:term":[{"taxonomy":"pwb-brand","embeddable":true,"href":"https:\/\/www.autonvaraosahaku.fi\/index.php?rest_route=%2Fwp%2Fv2%2Fpwb-brand&post=71696"},{"taxonomy":"product_cat","embeddable":true,"href":"https:\/\/www.autonvaraosahaku.fi\/index.php?rest_route=%2Fwp%2Fv2%2Fproduct_cat&post=71696"},{"taxonomy":"product_tag","embeddable":true,"href":"https:\/\/www.autonvaraosahaku.fi\/index.php?rest_route=%2Fwp%2Fv2%2Fproduct_tag&post=71696"}],"curies":[{"name":"wp","href":"https:\/\/api.w.org\/{rel}","templated":true}]}}