{"id":71716,"date":"2021-02-21T19:15:57","date_gmt":"2021-02-21T19:15:57","guid":{"rendered":"https:\/\/www.autonvaraosahaku.fi\/?product=elring-646-550-pakosarjan-tiivisteet"},"modified":"2021-02-21T19:15:58","modified_gmt":"2021-02-21T19:15:58","slug":"elring-646-550-pakosarjan-tiivisteet","status":"publish","type":"product","link":"https:\/\/www.autonvaraosahaku.fi\/?product=elring-646-550-pakosarjan-tiivisteet","title":{"rendered":"ELRING 646.550 Pakosarjan tiivisteet"},"content":{"rendered":"<p>Asennuspuoli: Sylinterikansi; Tarvittava kappalem\u00e4\u00e4r\u00e4: 1; FORD: SIERRA GBG, GB4,SIERRA Schr\u00e4gheck GBC, GBG,TRANSIT Kasten T_ _,TRANSIT Bus V_ _,SCORPIO I GAE, GGE,TRANSIT Bus T_ _,TRANSIT Bus MK-4 E_ _,CAPRI III GECP,SIERRA Schr\u00e4gheck GBC,ESCORT II ATH,TRANSIT MK-4 Pritsche\/Fahrgestell E_ _,SCORPIO I Stufenheck GGE,ESCORT I AFH, ATH,TRANSIT Kasten V_ _,TRANSIT Pritsche\/Fahrgestell V_ _,TRANSIT MK-4 Kasten E_ _,SIERRA Kombi BNG,GRANADA GU,TRANSIT Pritsche\/Fahrgestell T_ _,CAPRI II GECP,SIERRA Kombi BNC,GRANADA Kombi GNU,GRANADA GGTL, GGFL,GRANADA Kombi GGNL,P 100 II,TAUNUS GBFK; 1472929, 6909666, 71HM9448AA, 92HM9448AA, 92HM9448BA; Tiiviste, Pakosarja<\/p>\n","protected":false},"excerpt":{"rendered":"<p>ELRING Pakosarjan Tiivisteet 646.550 Tiiviste, Pakosarja FORD,SIERRA GBG, GB4,SIERRA Schr\u00e4gheck GBC, GBG,TRANSIT Kasten T_ _,TRANSIT Bus V_ _<\/p>\n","protected":false},"featured_media":0,"template":"","meta":{"site-sidebar-layout":"default","site-content-layout":"default","ast-global-header-display":"","ast-main-header-display":"","ast-hfb-above-header-display":"","ast-hfb-below-header-display":"","ast-hfb-mobile-header-display":"","site-post-title":"","ast-breadcrumbs-content":"","ast-featured-img":"","footer-sml-layout":"","theme-transparent-header-meta":"","adv-header-id-meta":"","stick-header-meta":"","header-above-stick-meta":"","header-main-stick-meta":"","header-below-stick-meta":""},"pwb-brand":[26],"product_cat":[123],"product_tag":[],"class_list":{"0":"post-71716","1":"product","2":"type-product","3":"status-publish","5":"pwb-brand-elring","6":"product_cat-pakosarjan-tiivisteet","7":"desktop-align-left","8":"tablet-align-left","9":"mobile-align-left","11":"first","12":"instock","13":"product-type-external"},"brands":[{"id":26,"name":"ELRING","slug":"elring"}],"_links":{"self":[{"href":"https:\/\/www.autonvaraosahaku.fi\/index.php?rest_route=\/wp\/v2\/product\/71716","targetHints":{"allow":["GET"]}}],"collection":[{"href":"https:\/\/www.autonvaraosahaku.fi\/index.php?rest_route=\/wp\/v2\/product"}],"about":[{"href":"https:\/\/www.autonvaraosahaku.fi\/index.php?rest_route=\/wp\/v2\/types\/product"}],"wp:attachment":[{"href":"https:\/\/www.autonvaraosahaku.fi\/index.php?rest_route=%2Fwp%2Fv2%2Fmedia&parent=71716"}],"wp:term":[{"taxonomy":"pwb-brand","embeddable":true,"href":"https:\/\/www.autonvaraosahaku.fi\/index.php?rest_route=%2Fwp%2Fv2%2Fpwb-brand&post=71716"},{"taxonomy":"product_cat","embeddable":true,"href":"https:\/\/www.autonvaraosahaku.fi\/index.php?rest_route=%2Fwp%2Fv2%2Fproduct_cat&post=71716"},{"taxonomy":"product_tag","embeddable":true,"href":"https:\/\/www.autonvaraosahaku.fi\/index.php?rest_route=%2Fwp%2Fv2%2Fproduct_tag&post=71716"}],"curies":[{"name":"wp","href":"https:\/\/api.w.org\/{rel}","templated":true}]}}