{"id":71844,"date":"2021-02-21T19:16:49","date_gmt":"2021-02-21T19:16:49","guid":{"rendered":"https:\/\/www.autonvaraosahaku.fi\/?product=corteco-19026317b-tiivisteet"},"modified":"2021-02-21T19:16:56","modified_gmt":"2021-02-21T19:16:56","slug":"corteco-19026317b-tiivisteet","status":"publish","type":"product","link":"https:\/\/www.autonvaraosahaku.fi\/?product=corteco-19026317b-tiivisteet","title":{"rendered":"CORTECO 19026317B Tiivisteet"},"content":{"rendered":"<p>Sis\u00e4l\u00e4pimitta 1 [mm]: 40; Ulkol\u00e4pimitta 1 [mm]: 63; Korkeus 1 (mm): 8,6; Materiaali: FPM (fluori-kumi); Suojavaippa: Suojakumilla; Rihlamalli: Vaihdettava kierre; Asennuspuoli: Vorderachse; RENAULT: ESPACE IV JK0\/1_,LAGUNA II BG0\/1_,VEL SATIS BJ0_,AVANTIME DE0_; PEUGEOT: 307 SW 3H,307 CC 3B,407 SW 6E_,307 3A\/C,308 SW,208,807 E,308 4A_, 4C_,5008,307 Break 3E,508 SW,607 9D, 9U,407 6D_,3008,RCZ,308 CC,2008,508,407 Coupe 6C_,EXPERT Tepee VF3V_,EXPERT Kasten VF3A_, VF3U_, VF3X_,307 Stufenheck,308 II,301,308 SW II,EXPERT Pritsche\/Fahrgestell,3008 SUV,EXPERT Kasten,5008 II,TRAVELLER,208 Kasten; CITRO\u00cbN: C5 III Break TD_,C4 Picasso I UD_,C4 Grand Picasso I UA_,C8 EA_, EB_,C4 I LC_,DS3,C5 II Break RE_,C5 III RD_,C4 Coupe LA_,C4 II B7,C5 II RC_,JUMPY,C6 TD_,JUMPY Kasten,C4 Grand Picasso II,C4 Picasso II,DS4,DS5,C4 Stufenheck L,DS3 Cabriolet,C-ELYSEE,C4 CACTUS,SPACETOURER,C3 III SX,C3 AIRCROSS II,C4 Stufenheck N,JUMPY Pritsche\/Fahrgestell; MINI: MINI R56,MINI R50, R53,MINI Cabriolet R52; ALFA ROMEO: 166 936; LANCIA: THESIS 841AX; 77363290, 77364448, 312163, 77363290, 77364448, 24277560915, 312163, 7701062425<\/p>\n","protected":false},"excerpt":{"rendered":"<p>CORTECO Akselitiiviste, Tasauspy\u00f6r\u00e4st\u00f6 19026317B  RENAULT,PEUGEOT,CITRO\u00cbN,ESPACE IV JK0\/1_,LAGUNA II BG0\/1_,VEL SATIS BJ0_,AVANTIME DE0_,307 SW 3H<\/p>\n","protected":false},"featured_media":0,"template":"","meta":{"site-sidebar-layout":"default","site-content-layout":"default","ast-global-header-display":"","ast-main-header-display":"","ast-hfb-above-header-display":"","ast-hfb-below-header-display":"","ast-hfb-mobile-header-display":"","site-post-title":"","ast-breadcrumbs-content":"","ast-featured-img":"","footer-sml-layout":"","theme-transparent-header-meta":"","adv-header-id-meta":"","stick-header-meta":"","header-above-stick-meta":"","header-main-stick-meta":"","header-below-stick-meta":""},"pwb-brand":[53],"product_cat":[27],"product_tag":[],"class_list":{"0":"post-71844","1":"product","2":"type-product","3":"status-publish","5":"pwb-brand-corteco","6":"product_cat-tiivisteet","7":"desktop-align-left","8":"tablet-align-left","9":"mobile-align-left","11":"first","12":"instock","13":"product-type-external"},"brands":[{"id":53,"name":"CORTECO","slug":"corteco"}],"_links":{"self":[{"href":"https:\/\/www.autonvaraosahaku.fi\/index.php?rest_route=\/wp\/v2\/product\/71844","targetHints":{"allow":["GET"]}}],"collection":[{"href":"https:\/\/www.autonvaraosahaku.fi\/index.php?rest_route=\/wp\/v2\/product"}],"about":[{"href":"https:\/\/www.autonvaraosahaku.fi\/index.php?rest_route=\/wp\/v2\/types\/product"}],"wp:attachment":[{"href":"https:\/\/www.autonvaraosahaku.fi\/index.php?rest_route=%2Fwp%2Fv2%2Fmedia&parent=71844"}],"wp:term":[{"taxonomy":"pwb-brand","embeddable":true,"href":"https:\/\/www.autonvaraosahaku.fi\/index.php?rest_route=%2Fwp%2Fv2%2Fpwb-brand&post=71844"},{"taxonomy":"product_cat","embeddable":true,"href":"https:\/\/www.autonvaraosahaku.fi\/index.php?rest_route=%2Fwp%2Fv2%2Fproduct_cat&post=71844"},{"taxonomy":"product_tag","embeddable":true,"href":"https:\/\/www.autonvaraosahaku.fi\/index.php?rest_route=%2Fwp%2Fv2%2Fproduct_tag&post=71844"}],"curies":[{"name":"wp","href":"https:\/\/api.w.org\/{rel}","templated":true}]}}