{"id":71847,"date":"2021-02-21T19:16:49","date_gmt":"2021-02-21T19:16:49","guid":{"rendered":"https:\/\/www.autonvaraosahaku.fi\/?product=febi-bilstein-33959-vesipumppu"},"modified":"2021-02-21T19:16:58","modified_gmt":"2021-02-21T19:16:58","slug":"febi-bilstein-33959-vesipumppu","status":"publish","type":"product","link":"https:\/\/www.autonvaraosahaku.fi\/?product=febi-bilstein-33959-vesipumppu","title":{"rendered":"FEBI BILSTEIN 33959 Vesipumppu"},"content":{"rendered":"<p>Materiaali vesipumpun siipipy\u00f6r\u00e4: Muovi; Materiaali tiiviste: Kumi; Materiaali: Alumiinivalu; Siipien m\u00e4\u00e4r\u00e4: 5; Paino [kg]: 0,59, 0,59; Huomioi huolto-ohjeet: , ; TECDOC-moottorinumero: 25563; BMW: 1 F20,3 Touring F31,3 F30, F35, F80,1 F21; OPEL: GRANDLAND X A18; MINI: MINI R56,MINI CLUBMAN R55,MINI Cabriolet R57,MINI COUNTRYMAN R60,MINI Coupe R58,MINI Roadster R59,MINI PACEMAN R61,MINI CLUBVAN R55; CITRO\u00cbN: BERLINGO B9,C5 III Break TD_,C4 Picasso I UD_,C4 Grand Picasso I UA_,C4 I LC_,DS3,C3 Picasso,C5 III RD_,C3 II,C4 Coupe LA_,C4 II B7,BERLINGO Kasten B9,C4 Grand Picasso II,C4 Picasso II,DS4,DS5,DS3 Cabriolet; PEUGEOT: 207 WA_, WC_,207 CC WD_,207 SW WK_,308 SW,208,308 4A_, 4C_,5008,508 SW,3008,PARTNER Tepee,RCZ,308 CC,2008,508,PARTNER Kasten,207 Stufenheck,308 II,308 SW II,3008 SUV; DS: DS 3,DS7 Crossback,DS 4 \/ DS 4 CROSSBACK,DS 3 Cabriolet; 11517550484, 11517648827, 11518604888, 1201H8, 1607216080, 1623096580, 9801573380, 9801573380, 11517550484, 11517648827, 11518604888, 03648866, 3648866, 1201H8, 1607216080, 1623096580, 9801573380, 003648866, 03648866, 3648866<\/p>\n","protected":false},"excerpt":{"rendered":"<p>FEBI BILSTEIN Vesipumppu 33959  BMW,OPEL,MINI,1 F20,3 Touring F31,3 F30, F35, F80,1 F21,GRANDLAND X A18,MINI R56,MINI CLUBMAN R55,MINI Cabriolet R57<\/p>\n","protected":false},"featured_media":0,"template":"","meta":{"site-sidebar-layout":"default","site-content-layout":"default","ast-global-header-display":"","ast-main-header-display":"","ast-hfb-above-header-display":"","ast-hfb-below-header-display":"","ast-hfb-mobile-header-display":"","site-post-title":"","ast-breadcrumbs-content":"","ast-featured-img":"","footer-sml-layout":"","theme-transparent-header-meta":"","adv-header-id-meta":"","stick-header-meta":"","header-above-stick-meta":"","header-main-stick-meta":"","header-below-stick-meta":""},"pwb-brand":[50],"product_cat":[279],"product_tag":[],"class_list":{"0":"post-71847","1":"product","2":"type-product","3":"status-publish","5":"pwb-brand-febi-bilstein","6":"product_cat-vesipumppu","7":"desktop-align-left","8":"tablet-align-left","9":"mobile-align-left","11":"first","12":"instock","13":"product-type-external"},"brands":[{"id":50,"name":"FEBI BILSTEIN","slug":"febi-bilstein"}],"_links":{"self":[{"href":"https:\/\/www.autonvaraosahaku.fi\/index.php?rest_route=\/wp\/v2\/product\/71847","targetHints":{"allow":["GET"]}}],"collection":[{"href":"https:\/\/www.autonvaraosahaku.fi\/index.php?rest_route=\/wp\/v2\/product"}],"about":[{"href":"https:\/\/www.autonvaraosahaku.fi\/index.php?rest_route=\/wp\/v2\/types\/product"}],"wp:attachment":[{"href":"https:\/\/www.autonvaraosahaku.fi\/index.php?rest_route=%2Fwp%2Fv2%2Fmedia&parent=71847"}],"wp:term":[{"taxonomy":"pwb-brand","embeddable":true,"href":"https:\/\/www.autonvaraosahaku.fi\/index.php?rest_route=%2Fwp%2Fv2%2Fpwb-brand&post=71847"},{"taxonomy":"product_cat","embeddable":true,"href":"https:\/\/www.autonvaraosahaku.fi\/index.php?rest_route=%2Fwp%2Fv2%2Fproduct_cat&post=71847"},{"taxonomy":"product_tag","embeddable":true,"href":"https:\/\/www.autonvaraosahaku.fi\/index.php?rest_route=%2Fwp%2Fv2%2Fproduct_tag&post=71847"}],"curies":[{"name":"wp","href":"https:\/\/api.w.org\/{rel}","templated":true}]}}