{"id":71849,"date":"2021-02-21T19:16:49","date_gmt":"2021-02-21T19:16:49","guid":{"rendered":"https:\/\/www.autonvaraosahaku.fi\/?product=corteco-19025700-venttiilinvarren-kumit"},"modified":"2021-02-21T19:17:00","modified_gmt":"2021-02-21T19:17:00","slug":"corteco-19025700-venttiilinvarren-kumit","status":"publish","type":"product","link":"https:\/\/www.autonvaraosahaku.fi\/?product=corteco-19025700-venttiilinvarren-kumit","title":{"rendered":"CORTECO 19025700 Venttiilinvarren kumit"},"content":{"rendered":"<p>Sis\u00e4l\u00e4pimitta 1 [mm]: 6,6; Ulkol\u00e4pimitta 1 [mm]: 12; Korkeus 1 (mm): 7,5; Korkeus 2 (mm): 12; Materiaali: FPM (fluori-kumi); Asennuspuoli: Hinterachse; HYUNDAI: SONATA IV EF,SANTAMO,SONATA III Y-3,PONY X-2,LANTRA I J-1,S COUPE SLC,PONY \/ EXCEL Stufenheck X-2,SONATA II Y-2,PONY Stufenheck X-1; MITSUBISHI: COLT V CJ_, CP_,OUTLANDER I CU_W,LANCER Kombi CS_W,GALANT VI EA_,SPACE WAGON N9_W, N8_W,PAJERO II V3_W, V2_W, V4_W,LANCER Stufenheck CS_A, CT0,COLT IV CA_A,ECLIPSE II D3_A,ECLIPSE I D2_A,SPACE RUNNER N6_W,COLT III C5_A,LANCER VI CJ-CP_,3000 GT Z16A,GALANT IV E3_A,SPACE WAGON N3_W, N4_W,GALANT IV Stufenheck E3_A,LANCER IV C6_A, C7_A,GALANT V Stufenheck E5_A, E7_A, E8_A,GALANT V E5_A, E7_A, E8_A,PAJERO II Canvas Top V2_W, V4_W,COLT II C1_A,LANCER III Station Wagon C1_V, C3_V,COLT I A15_A,LANCER IV Stufenheck C6_A,SANTAMO,LANCER I A17_,LANCER III C1_A, C6_A,LANCER F II A17_,TREDIA A21_; 2222421000, 2222421010, 2222433004, 2222433005, 2222433005D, 2222438000, 2222438010, MD016490, MD115472, MD306078, MD306079, MD307343, ME203255<\/p>\n","protected":false},"excerpt":{"rendered":"<p>CORTECO Tiiviste, Venttiilivarsi 19025700  HYUNDAI,MITSUBISHI,SONATA IV EF,SANTAMO,SONATA III Y-3,PONY X-2,LANTRA I J-1,S COUPE SLC<\/p>\n","protected":false},"featured_media":0,"template":"","meta":{"site-sidebar-layout":"default","site-content-layout":"default","ast-global-header-display":"","ast-main-header-display":"","ast-hfb-above-header-display":"","ast-hfb-below-header-display":"","ast-hfb-mobile-header-display":"","site-post-title":"","ast-breadcrumbs-content":"","ast-featured-img":"","footer-sml-layout":"","theme-transparent-header-meta":"","adv-header-id-meta":"","stick-header-meta":"","header-above-stick-meta":"","header-main-stick-meta":"","header-below-stick-meta":""},"pwb-brand":[53],"product_cat":[170],"product_tag":[],"class_list":{"0":"post-71849","1":"product","2":"type-product","3":"status-publish","5":"pwb-brand-corteco","6":"product_cat-venttiilinvarren-kumit","7":"desktop-align-left","8":"tablet-align-left","9":"mobile-align-left","11":"first","12":"instock","13":"product-type-external"},"brands":[{"id":53,"name":"CORTECO","slug":"corteco"}],"_links":{"self":[{"href":"https:\/\/www.autonvaraosahaku.fi\/index.php?rest_route=\/wp\/v2\/product\/71849","targetHints":{"allow":["GET"]}}],"collection":[{"href":"https:\/\/www.autonvaraosahaku.fi\/index.php?rest_route=\/wp\/v2\/product"}],"about":[{"href":"https:\/\/www.autonvaraosahaku.fi\/index.php?rest_route=\/wp\/v2\/types\/product"}],"wp:attachment":[{"href":"https:\/\/www.autonvaraosahaku.fi\/index.php?rest_route=%2Fwp%2Fv2%2Fmedia&parent=71849"}],"wp:term":[{"taxonomy":"pwb-brand","embeddable":true,"href":"https:\/\/www.autonvaraosahaku.fi\/index.php?rest_route=%2Fwp%2Fv2%2Fpwb-brand&post=71849"},{"taxonomy":"product_cat","embeddable":true,"href":"https:\/\/www.autonvaraosahaku.fi\/index.php?rest_route=%2Fwp%2Fv2%2Fproduct_cat&post=71849"},{"taxonomy":"product_tag","embeddable":true,"href":"https:\/\/www.autonvaraosahaku.fi\/index.php?rest_route=%2Fwp%2Fv2%2Fproduct_tag&post=71849"}],"curies":[{"name":"wp","href":"https:\/\/api.w.org\/{rel}","templated":true}]}}