{"id":71858,"date":"2021-02-21T19:17:06","date_gmt":"2021-02-21T19:17:06","guid":{"rendered":"https:\/\/www.autonvaraosahaku.fi\/?product=japanparts-ru-126-kallistuksenvakaajan-puslat"},"modified":"2021-02-21T19:17:09","modified_gmt":"2021-02-21T19:17:09","slug":"japanparts-ru-126-kallistuksenvakaajan-puslat","status":"publish","type":"product","link":"https:\/\/www.autonvaraosahaku.fi\/?product=japanparts-ru-126-kallistuksenvakaajan-puslat","title":{"rendered":"JAPANPARTS RU-126 Kallistuksenvakaajan puslat"},"content":{"rendered":"<p>Pituus (mm): 40; Sis\u00e4l\u00e4pimitta [mm]: 24; Ulkol\u00e4pimitta [mm]: 37; Asennuspuoli: Edess\u00e4; NISSAN: PATROL GR I Y60, GR,PATROL Hardtop K260; 5447601J00, 54476VB000, 54476VC000, E4476VC000<\/p>\n","protected":false},"excerpt":{"rendered":"<p>JAPANPARTS Laakerin Holkki, Vakaaja RU-126  NISSAN,PATROL GR I Y60, GR,PATROL Hardtop K260<\/p>\n","protected":false},"featured_media":0,"template":"","meta":{"site-sidebar-layout":"default","site-content-layout":"default","ast-global-header-display":"","ast-main-header-display":"","ast-hfb-above-header-display":"","ast-hfb-below-header-display":"","ast-hfb-mobile-header-display":"","site-post-title":"","ast-breadcrumbs-content":"","ast-featured-img":"","footer-sml-layout":"","theme-transparent-header-meta":"","adv-header-id-meta":"","stick-header-meta":"","header-above-stick-meta":"","header-main-stick-meta":"","header-below-stick-meta":""},"pwb-brand":[334],"product_cat":[82],"product_tag":[],"class_list":{"0":"post-71858","1":"product","2":"type-product","3":"status-publish","5":"pwb-brand-japanparts","6":"product_cat-kallistuksenvakaajan-puslat","7":"desktop-align-left","8":"tablet-align-left","9":"mobile-align-left","11":"first","12":"instock","13":"product-type-external"},"brands":[{"id":334,"name":"JAPANPARTS","slug":"japanparts"}],"_links":{"self":[{"href":"https:\/\/www.autonvaraosahaku.fi\/index.php?rest_route=\/wp\/v2\/product\/71858","targetHints":{"allow":["GET"]}}],"collection":[{"href":"https:\/\/www.autonvaraosahaku.fi\/index.php?rest_route=\/wp\/v2\/product"}],"about":[{"href":"https:\/\/www.autonvaraosahaku.fi\/index.php?rest_route=\/wp\/v2\/types\/product"}],"wp:attachment":[{"href":"https:\/\/www.autonvaraosahaku.fi\/index.php?rest_route=%2Fwp%2Fv2%2Fmedia&parent=71858"}],"wp:term":[{"taxonomy":"pwb-brand","embeddable":true,"href":"https:\/\/www.autonvaraosahaku.fi\/index.php?rest_route=%2Fwp%2Fv2%2Fpwb-brand&post=71858"},{"taxonomy":"product_cat","embeddable":true,"href":"https:\/\/www.autonvaraosahaku.fi\/index.php?rest_route=%2Fwp%2Fv2%2Fproduct_cat&post=71858"},{"taxonomy":"product_tag","embeddable":true,"href":"https:\/\/www.autonvaraosahaku.fi\/index.php?rest_route=%2Fwp%2Fv2%2Fproduct_tag&post=71858"}],"curies":[{"name":"wp","href":"https:\/\/api.w.org\/{rel}","templated":true}]}}