{"id":71862,"date":"2021-02-21T19:17:06","date_gmt":"2021-02-21T19:17:06","guid":{"rendered":"https:\/\/www.autonvaraosahaku.fi\/?product=corteco-12014316b-tiivisteet"},"modified":"2021-02-21T19:17:10","modified_gmt":"2021-02-21T19:17:10","slug":"corteco-12014316b-tiivisteet","status":"publish","type":"product","link":"https:\/\/www.autonvaraosahaku.fi\/?product=corteco-12014316b-tiivisteet","title":{"rendered":"CORTECO 12014316B Tiivisteet"},"content":{"rendered":"<p>Sis\u00e4l\u00e4pimitta 1 [mm]: 22,8; Ulkol\u00e4pimitta 1 [mm]: 40; Korkeus 1 (mm): 6; Korkeus 2 (mm): 8,5; Materiaali: ACM (polyakryyli-kautsu); Suojavaippa: Suojakumilla; Rihlamalli: Oikea kierre; Asennuspuoli: Eingang; FIAT: GRANDE PUNTO 199,PUNTO 188,STILO 192,BARCHETTA 183,DOBLO Cargo 223,PUNTO 176,STILO Multi Wagon 192,DOBLO 119,IDEA,COUPE FA\/175,STRADA Pick-up 178E,MULTIPLA 186,BRAVO I 182,BRAVA 182,MAREA Weekend 185,UNO 146A\/E,PALIO Weekend 178DX,LINEA 323,FIORINO Kasten 146,TIPO 160,MAREA 185,TEMPRA 159,TEMPRA S.W. 159,PALIO 178BX,SIENA 178_,ELBA 146_; ALFA ROMEO: 147 937,156 Sportwagon 932,MITO 955,156 932,GT 937,SPIDER 916S_,GTV 916C_,145 930,155 167,146 930; LANCIA: YPSILON 843,MUSA 350,LYBRA SW 839BX,DELTA I 831AB0,LYBRA 839AX,DELTA II 836,DEDRA 835,DEDRA SW 835,PRISMA 831AB0; 40004820, 60808453, 312166, 40004030, 40004470, 40004820, 60808453, 40004820, 40004030, 40004470, 40004820, 60808453, 312166<\/p>\n","protected":false},"excerpt":{"rendered":"<p>CORTECO Akselitiiviste, Vaihteisto 12014316B  FIAT,ALFA ROMEO,LANCIA,GRANDE PUNTO 199,PUNTO 188,STILO 192,BARCHETTA 183,DOBLO Cargo 223,PUNTO 176<\/p>\n","protected":false},"featured_media":0,"template":"","meta":{"site-sidebar-layout":"default","site-content-layout":"default","ast-global-header-display":"","ast-main-header-display":"","ast-hfb-above-header-display":"","ast-hfb-below-header-display":"","ast-hfb-mobile-header-display":"","site-post-title":"","ast-breadcrumbs-content":"","ast-featured-img":"","footer-sml-layout":"","theme-transparent-header-meta":"","adv-header-id-meta":"","stick-header-meta":"","header-above-stick-meta":"","header-main-stick-meta":"","header-below-stick-meta":""},"pwb-brand":[53],"product_cat":[27],"product_tag":[],"class_list":{"0":"post-71862","1":"product","2":"type-product","3":"status-publish","5":"pwb-brand-corteco","6":"product_cat-tiivisteet","7":"desktop-align-left","8":"tablet-align-left","9":"mobile-align-left","11":"first","12":"instock","13":"product-type-external"},"brands":[{"id":53,"name":"CORTECO","slug":"corteco"}],"_links":{"self":[{"href":"https:\/\/www.autonvaraosahaku.fi\/index.php?rest_route=\/wp\/v2\/product\/71862","targetHints":{"allow":["GET"]}}],"collection":[{"href":"https:\/\/www.autonvaraosahaku.fi\/index.php?rest_route=\/wp\/v2\/product"}],"about":[{"href":"https:\/\/www.autonvaraosahaku.fi\/index.php?rest_route=\/wp\/v2\/types\/product"}],"wp:attachment":[{"href":"https:\/\/www.autonvaraosahaku.fi\/index.php?rest_route=%2Fwp%2Fv2%2Fmedia&parent=71862"}],"wp:term":[{"taxonomy":"pwb-brand","embeddable":true,"href":"https:\/\/www.autonvaraosahaku.fi\/index.php?rest_route=%2Fwp%2Fv2%2Fpwb-brand&post=71862"},{"taxonomy":"product_cat","embeddable":true,"href":"https:\/\/www.autonvaraosahaku.fi\/index.php?rest_route=%2Fwp%2Fv2%2Fproduct_cat&post=71862"},{"taxonomy":"product_tag","embeddable":true,"href":"https:\/\/www.autonvaraosahaku.fi\/index.php?rest_route=%2Fwp%2Fv2%2Fproduct_tag&post=71862"}],"curies":[{"name":"wp","href":"https:\/\/api.w.org\/{rel}","templated":true}]}}