{"id":71871,"date":"2021-02-21T19:17:06","date_gmt":"2021-02-21T19:17:06","guid":{"rendered":"https:\/\/www.autonvaraosahaku.fi\/?product=japanparts-faa-ma0-raitisilmasuodatin"},"modified":"2021-02-21T19:17:13","modified_gmt":"2021-02-21T19:17:13","slug":"japanparts-faa-ma0-raitisilmasuodatin","status":"publish","type":"product","link":"https:\/\/www.autonvaraosahaku.fi\/?product=japanparts-faa-ma0-raitisilmasuodatin","title":{"rendered":"JAPANPARTS FAA-MA0 Raitisilmasuodatin"},"content":{"rendered":"<p>Pituus (mm): 118; Leveys (mm): 215; Korkeus (mm): 22; Tarvittava kappalem\u00e4\u00e4r\u00e4: 2; MAZDA: 323 F VI BJ,PREMACY CP,626 V Hatchback GF,626 V GF,626 V Station Wagon GW,FAMILIA VI BJ; 0000000966, 000000966, C10261J6X, CB1261J6X, CB1261J6X9B, GE6T61J6X, GE6T61J6X9A, GE6T61J6X9B, GE6T61J6XA, GE8D61J6X; Sis\u00e4ilmansuodatin,Suodatin, Sis\u00e4ilma<\/p>\n","protected":false},"excerpt":{"rendered":"<p>JAPANPARTS Raitisilmasuodatin FAA-MA0 Sis\u00e4ilmansuodatin,Suodatin, Sis\u00e4ilma MAZDA,323 F VI BJ,PREMACY CP,626 V Hatchback GF,626 V GF<\/p>\n","protected":false},"featured_media":0,"template":"","meta":{"site-sidebar-layout":"default","site-content-layout":"default","ast-global-header-display":"","ast-main-header-display":"","ast-hfb-above-header-display":"","ast-hfb-below-header-display":"","ast-hfb-mobile-header-display":"","site-post-title":"","ast-breadcrumbs-content":"","ast-featured-img":"","footer-sml-layout":"","theme-transparent-header-meta":"","adv-header-id-meta":"","stick-header-meta":"","header-above-stick-meta":"","header-main-stick-meta":"","header-below-stick-meta":""},"pwb-brand":[334],"product_cat":[19],"product_tag":[],"class_list":{"0":"post-71871","1":"product","2":"type-product","3":"status-publish","5":"pwb-brand-japanparts","6":"product_cat-raitisilmasuodatin","7":"desktop-align-left","8":"tablet-align-left","9":"mobile-align-left","11":"first","12":"instock","13":"product-type-external"},"brands":[{"id":334,"name":"JAPANPARTS","slug":"japanparts"}],"_links":{"self":[{"href":"https:\/\/www.autonvaraosahaku.fi\/index.php?rest_route=\/wp\/v2\/product\/71871","targetHints":{"allow":["GET"]}}],"collection":[{"href":"https:\/\/www.autonvaraosahaku.fi\/index.php?rest_route=\/wp\/v2\/product"}],"about":[{"href":"https:\/\/www.autonvaraosahaku.fi\/index.php?rest_route=\/wp\/v2\/types\/product"}],"wp:attachment":[{"href":"https:\/\/www.autonvaraosahaku.fi\/index.php?rest_route=%2Fwp%2Fv2%2Fmedia&parent=71871"}],"wp:term":[{"taxonomy":"pwb-brand","embeddable":true,"href":"https:\/\/www.autonvaraosahaku.fi\/index.php?rest_route=%2Fwp%2Fv2%2Fpwb-brand&post=71871"},{"taxonomy":"product_cat","embeddable":true,"href":"https:\/\/www.autonvaraosahaku.fi\/index.php?rest_route=%2Fwp%2Fv2%2Fproduct_cat&post=71871"},{"taxonomy":"product_tag","embeddable":true,"href":"https:\/\/www.autonvaraosahaku.fi\/index.php?rest_route=%2Fwp%2Fv2%2Fproduct_tag&post=71871"}],"curies":[{"name":"wp","href":"https:\/\/api.w.org\/{rel}","templated":true}]}}