{"id":71919,"date":"2021-02-21T19:17:30","date_gmt":"2021-02-21T19:17:30","guid":{"rendered":"https:\/\/www.autonvaraosahaku.fi\/?product=vaico-v30-0801-polttoainesuodatin"},"modified":"2021-02-21T19:17:31","modified_gmt":"2021-02-21T19:17:31","slug":"vaico-v30-0801-polttoainesuodatin","status":"publish","type":"product","link":"https:\/\/www.autonvaraosahaku.fi\/?product=vaico-v30-0801-polttoainesuodatin","title":{"rendered":"VAICO V30-0801 Polttoainesuodatin"},"content":{"rendered":"<p>L\u00e4pimitta [mm]: 90; Sis\u00e4l\u00e4pimitta 1 [mm]: 62; Suodatintyyppi: Ruuvattava suodatin, Feinfilter; Sis\u00e4l\u00e4pimitta 2 [mm]: 71; Korkeus (mm): 98; Ulkol\u00e4pimitta [mm]: 86; Kierre ulostulo: M 12 X 1,5; Paino [kg]: 0,445; Pakkausleveys [cm]: 10; Pakkauskorkeus [mm]: 10,5; Pakkaussyvyys [cm]: 10; lis\u00e4tieto: CST99; DAEWOO: MUSSO FJ,KORANDO KJ,REXTON GAB_,KORANDO Cabrio KJ; SSANGYONG: REXTON GAB_,MUSSO FJ,KORANDO KJ,MUSSO SPORTS,KORANDO K4,KORANDO Cabrio KJ; MERCEDES-BENZ: C-CLASS W202,190 W201,E-CLASS W210,Stufenheck W124,E-CLASS Kombi S210,C-CLASS Kombi S202,KOMBI Kombi S124,E-CLASS W124,G-CLASS W463,VITO Bus 638,G-CLASS W460,S-CLASS W140,E-CLASS Kombi S124,SPRINTER 3-t Kasten 903,SPRINTER 2-t Bus 901, 902,V-CLASS 638\/2,G-CLASS W461,SPRINTER 2-t Kasten 901, 902,SPRINTER 3-t Bus 903,SPRINTER 3-t Pritsche\/Fahrgestell 903,T1 Bus 601,VITO Kasten 638,T1 Pritsche\/Fahrgestell 602,T1 Kasten 602,SPRINTER 4-t Pritsche\/Fahrgestell 904,T1 Pritsche\/Fahrgestell 601,T2\/LN1 Kasten\/Kombi,VARIO Kasten\/Kombi,SPRINTER 2-t Pritsche\/Fahrgestell 901, 902,T1 Kasten 601,VARIO Pritsche\/Fahrgestell,SPRINTER 4-t Kasten 904,T1 Bus 602,T1\/TN Pritsche\/Fahrgestell,G-CLASS Cabrio W463,VARIO Kipper,T1\/TN Kasten\/Kombi,VARIO Bus,T2\/LN1 Kipper,O 100,O 405,UNIMOG; PUCH: G-MODELL W 460,G-MODELL W 461,G-MODELL W 463; MULTICAR: Tremo,UX100; 6610903055, 0010921452, 0010922201, 0010922301, 0010922302, 0010922401, 0010928401, 0010929001, 0020923001, 6010900352, 6010901452, 6010901552, 6010901652, 6010920001, 6010920101, 6020942001, 6040920001, 6610903055, 6610923101, A0010921452, A0010922201, A0010922301, A0010922302, A0010922401, A0010928401, A0010929001, A0020923001, A6010900352, A6010901452, A6010901552, A6010901652, A6010920001, A6010920101, A6020942001, A6040920001, A6610903055, A6610923101, 6610903055, 6610923001<\/p>\n","protected":false},"excerpt":{"rendered":"<p>VAICO Polttoainesuodatin V30-0801  DAEWOO,SSANGYONG,MERCEDES-BENZ,MUSSO FJ,KORANDO KJ,REXTON GAB_,KORANDO Cabrio KJ,REXTON GAB_,MUSSO FJ,KORANDO KJ<\/p>\n","protected":false},"featured_media":0,"template":"","meta":{"site-sidebar-layout":"default","site-content-layout":"default","ast-global-header-display":"","ast-main-header-display":"","ast-hfb-above-header-display":"","ast-hfb-below-header-display":"","ast-hfb-mobile-header-display":"","site-post-title":"","ast-breadcrumbs-content":"","ast-featured-img":"","footer-sml-layout":"","theme-transparent-header-meta":"","adv-header-id-meta":"","stick-header-meta":"","header-above-stick-meta":"","header-main-stick-meta":"","header-below-stick-meta":""},"pwb-brand":[330],"product_cat":[29],"product_tag":[],"class_list":{"0":"post-71919","1":"product","2":"type-product","3":"status-publish","5":"pwb-brand-vaico","6":"product_cat-polttoainesuodatin","7":"desktop-align-left","8":"tablet-align-left","9":"mobile-align-left","11":"first","12":"instock","13":"product-type-external"},"brands":[{"id":330,"name":"VAICO","slug":"vaico"}],"_links":{"self":[{"href":"https:\/\/www.autonvaraosahaku.fi\/index.php?rest_route=\/wp\/v2\/product\/71919","targetHints":{"allow":["GET"]}}],"collection":[{"href":"https:\/\/www.autonvaraosahaku.fi\/index.php?rest_route=\/wp\/v2\/product"}],"about":[{"href":"https:\/\/www.autonvaraosahaku.fi\/index.php?rest_route=\/wp\/v2\/types\/product"}],"wp:attachment":[{"href":"https:\/\/www.autonvaraosahaku.fi\/index.php?rest_route=%2Fwp%2Fv2%2Fmedia&parent=71919"}],"wp:term":[{"taxonomy":"pwb-brand","embeddable":true,"href":"https:\/\/www.autonvaraosahaku.fi\/index.php?rest_route=%2Fwp%2Fv2%2Fpwb-brand&post=71919"},{"taxonomy":"product_cat","embeddable":true,"href":"https:\/\/www.autonvaraosahaku.fi\/index.php?rest_route=%2Fwp%2Fv2%2Fproduct_cat&post=71919"},{"taxonomy":"product_tag","embeddable":true,"href":"https:\/\/www.autonvaraosahaku.fi\/index.php?rest_route=%2Fwp%2Fv2%2Fproduct_tag&post=71919"}],"curies":[{"name":"wp","href":"https:\/\/api.w.org\/{rel}","templated":true}]}}