{"id":71920,"date":"2021-02-21T19:17:30","date_gmt":"2021-02-21T19:17:30","guid":{"rendered":"https:\/\/www.autonvaraosahaku.fi\/?product=mapco-26767-pyoranlaakerit"},"modified":"2021-02-21T19:17:32","modified_gmt":"2021-02-21T19:17:32","slug":"mapco-26767-pyoranlaakerit","status":"publish","type":"product","link":"https:\/\/www.autonvaraosahaku.fi\/?product=mapco-26767-pyoranlaakerit","title":{"rendered":"MAPCO 26767 Py\u00f6r\u00e4nlaakerit"},"content":{"rendered":"<p>Leveys (mm): 42,2; Sis\u00e4l\u00e4pimitta 1 [mm]: 45; Sis\u00e4l\u00e4pimitta 2 [mm]: 47; Ulkol\u00e4pimitta [mm]: 92; Korvaava tuote\/korvaava tiedote 2: Ruuveilla, sis\u00e4\u00e4nrakennetulla magneetti sensorirenkaalla; Valmistusvuosi alkaen: 01\/1999; VW: PHAETON 3D_; AUDI: A6 Avant 4F5, C6,A6 4F2, C6,A8 4E_,A8 4D2, 4D8,A6 Allroad 4FH, C6,R8 42,R8 Spyder; 4E0407625D, 4E0498625B, 4F0498625A, 4F0598625A, 4F0598625B, 3D0498607, 3D0498607A, 3D0498607B, 3D0498607C, 4E0498625D, 4F0598625B; Py\u00f6r\u00e4nlaakerisarja<\/p>\n","protected":false},"excerpt":{"rendered":"<p>MAPCO Py\u00f6r\u00e4nlaakerit 26767 Py\u00f6r\u00e4nlaakerisarja VW,AUDI,PHAETON 3D_,A6 Avant 4F5, C6,A6 4F2, C6,A8 4E_,A8 4D2, 4D8,A6 Allroad 4FH, C6,R8 42,R8 Spyder<\/p>\n","protected":false},"featured_media":0,"template":"","meta":{"site-sidebar-layout":"default","site-content-layout":"default","ast-global-header-display":"","ast-main-header-display":"","ast-hfb-above-header-display":"","ast-hfb-below-header-display":"","ast-hfb-mobile-header-display":"","site-post-title":"","ast-breadcrumbs-content":"","ast-featured-img":"","footer-sml-layout":"","theme-transparent-header-meta":"","adv-header-id-meta":"","stick-header-meta":"","header-above-stick-meta":"","header-main-stick-meta":"","header-below-stick-meta":""},"pwb-brand":[36],"product_cat":[83],"product_tag":[],"class_list":{"0":"post-71920","1":"product","2":"type-product","3":"status-publish","5":"pwb-brand-mapco","6":"product_cat-pyoranlaakerit","7":"desktop-align-left","8":"tablet-align-left","9":"mobile-align-left","11":"first","12":"instock","13":"product-type-external"},"brands":[{"id":36,"name":"MAPCO","slug":"mapco"}],"_links":{"self":[{"href":"https:\/\/www.autonvaraosahaku.fi\/index.php?rest_route=\/wp\/v2\/product\/71920","targetHints":{"allow":["GET"]}}],"collection":[{"href":"https:\/\/www.autonvaraosahaku.fi\/index.php?rest_route=\/wp\/v2\/product"}],"about":[{"href":"https:\/\/www.autonvaraosahaku.fi\/index.php?rest_route=\/wp\/v2\/types\/product"}],"wp:attachment":[{"href":"https:\/\/www.autonvaraosahaku.fi\/index.php?rest_route=%2Fwp%2Fv2%2Fmedia&parent=71920"}],"wp:term":[{"taxonomy":"pwb-brand","embeddable":true,"href":"https:\/\/www.autonvaraosahaku.fi\/index.php?rest_route=%2Fwp%2Fv2%2Fpwb-brand&post=71920"},{"taxonomy":"product_cat","embeddable":true,"href":"https:\/\/www.autonvaraosahaku.fi\/index.php?rest_route=%2Fwp%2Fv2%2Fproduct_cat&post=71920"},{"taxonomy":"product_tag","embeddable":true,"href":"https:\/\/www.autonvaraosahaku.fi\/index.php?rest_route=%2Fwp%2Fv2%2Fproduct_tag&post=71920"}],"curies":[{"name":"wp","href":"https:\/\/api.w.org\/{rel}","templated":true}]}}