{"id":71942,"date":"2021-02-21T19:17:39","date_gmt":"2021-02-21T19:17:39","guid":{"rendered":"https:\/\/www.autonvaraosahaku.fi\/?product=optimal-961560-pyoranlaakerit"},"modified":"2021-02-21T19:17:42","modified_gmt":"2021-02-21T19:17:42","slug":"optimal-961560-pyoranlaakerit","status":"publish","type":"product","link":"https:\/\/www.autonvaraosahaku.fi\/?product=optimal-961560-pyoranlaakerit","title":{"rendered":"OPTIMAL 961560 Py\u00f6r\u00e4nlaakerit"},"content":{"rendered":"<p>Leveys (mm): 75; Sis\u00e4l\u00e4pimitta [mm]: 30, 30; Ulkol\u00e4pimitta [mm]: 137, 137; Korvaava tuote\/korvaava tiedote 2: sis\u00e4\u00e4nrakennetulla magneetti sensorirenkaalla, sis\u00e4\u00e4nrakennetulla magneetti sensorirenkaalla; Asennuspuoli: Vorderachse; NISSAN: QASHQAI \/ QASHQAI +2 J10, JJ10,JUKE F15,X-TRAIL T31,LEAF,PULSAR Schr\u00e4gheck C13; RENAULT: KOLEOS HY_; 400730L700, 402021KA0A, 402023DA0A, 402023PU0A, 402023SH0A, 402023US0A, 402025SK0A, 40202BA60A, 40202BR00A, 40202EN010, 40202EN01A, 40202JE20A, 40202JG000, 40202JG01A, 40202JG01B, 43202JG01A, 402021KA0A, 402022560R, 402023DA0A, 40202JY000A, 40202JY00A, 4020JG000; Py\u00f6r\u00e4nlaakerisarja<\/p>\n","protected":false},"excerpt":{"rendered":"<p>OPTIMAL Py\u00f6r\u00e4nlaakerit 961560 Py\u00f6r\u00e4nlaakerisarja NISSAN,RENAULT,QASHQAI \/ QASHQAI +2 J10, JJ10,JUKE F15,X-TRAIL T31,LEAF,PULSAR Schr\u00e4gheck C13<\/p>\n","protected":false},"featured_media":0,"template":"","meta":{"site-sidebar-layout":"default","site-content-layout":"default","ast-global-header-display":"","ast-main-header-display":"","ast-hfb-above-header-display":"","ast-hfb-below-header-display":"","ast-hfb-mobile-header-display":"","site-post-title":"","ast-breadcrumbs-content":"","ast-featured-img":"","footer-sml-layout":"","theme-transparent-header-meta":"","adv-header-id-meta":"","stick-header-meta":"","header-above-stick-meta":"","header-main-stick-meta":"","header-below-stick-meta":""},"pwb-brand":[307],"product_cat":[83],"product_tag":[],"class_list":{"0":"post-71942","1":"product","2":"type-product","3":"status-publish","5":"pwb-brand-optimal","6":"product_cat-pyoranlaakerit","7":"desktop-align-left","8":"tablet-align-left","9":"mobile-align-left","11":"first","12":"instock","13":"product-type-external"},"brands":[{"id":307,"name":"OPTIMAL","slug":"optimal"}],"_links":{"self":[{"href":"https:\/\/www.autonvaraosahaku.fi\/index.php?rest_route=\/wp\/v2\/product\/71942","targetHints":{"allow":["GET"]}}],"collection":[{"href":"https:\/\/www.autonvaraosahaku.fi\/index.php?rest_route=\/wp\/v2\/product"}],"about":[{"href":"https:\/\/www.autonvaraosahaku.fi\/index.php?rest_route=\/wp\/v2\/types\/product"}],"wp:attachment":[{"href":"https:\/\/www.autonvaraosahaku.fi\/index.php?rest_route=%2Fwp%2Fv2%2Fmedia&parent=71942"}],"wp:term":[{"taxonomy":"pwb-brand","embeddable":true,"href":"https:\/\/www.autonvaraosahaku.fi\/index.php?rest_route=%2Fwp%2Fv2%2Fpwb-brand&post=71942"},{"taxonomy":"product_cat","embeddable":true,"href":"https:\/\/www.autonvaraosahaku.fi\/index.php?rest_route=%2Fwp%2Fv2%2Fproduct_cat&post=71942"},{"taxonomy":"product_tag","embeddable":true,"href":"https:\/\/www.autonvaraosahaku.fi\/index.php?rest_route=%2Fwp%2Fv2%2Fproduct_tag&post=71942"}],"curies":[{"name":"wp","href":"https:\/\/api.w.org\/{rel}","templated":true}]}}