{"id":71991,"date":"2021-02-21T19:17:57","date_gmt":"2021-02-21T19:17:57","guid":{"rendered":"https:\/\/www.autonvaraosahaku.fi\/?product=meyle-100-505-0020-tukivarren-hela"},"modified":"2021-02-21T19:18:02","modified_gmt":"2021-02-21T19:18:02","slug":"meyle-100-505-0020-tukivarren-hela","status":"publish","type":"product","link":"https:\/\/www.autonvaraosahaku.fi\/?product=meyle-100-505-0020-tukivarren-hela","title":{"rendered":"MEYLE 100 505 0020 Tukivarren hela"},"content":{"rendered":"<p>Asennuspuoli: Taka-akseli, vasen, Taka-akseli, oikea; Korkeus (mm): 50; Sis\u00e4l\u00e4pimitta [mm]: 12; Ulkol\u00e4pimitta [mm]: 36; lis\u00e4tieto: ORIGINAL Quality; Alustanumeroon: 4B-3-060 000; VW: PASSAT Variant 3B6,PASSAT 3B2,PASSAT 3B3; AUDI: A6 Avant 4B5, C5,A6 4B2, C5,ALLROAD 4BH, C5; 8E0505185C, 8E0505185C<\/p>\n","protected":false},"excerpt":{"rendered":"<p>MEYLE Laakerihela, Tukivarsi 100 505 0020  VW,AUDI,PASSAT Variant 3B6,PASSAT 3B2,PASSAT 3B3,A6 Avant 4B5, C5,A6 4B2, C5,ALLROAD 4BH, C5<\/p>\n","protected":false},"featured_media":0,"template":"","meta":{"site-sidebar-layout":"default","site-content-layout":"default","ast-global-header-display":"","ast-main-header-display":"","ast-hfb-above-header-display":"","ast-hfb-below-header-display":"","ast-hfb-mobile-header-display":"","site-post-title":"","ast-breadcrumbs-content":"","ast-featured-img":"","footer-sml-layout":"","theme-transparent-header-meta":"","adv-header-id-meta":"","stick-header-meta":"","header-above-stick-meta":"","header-main-stick-meta":"","header-below-stick-meta":""},"pwb-brand":[84],"product_cat":[115],"product_tag":[],"class_list":{"0":"post-71991","1":"product","2":"type-product","3":"status-publish","5":"pwb-brand-meyle","6":"product_cat-tukivarren-hela","7":"desktop-align-left","8":"tablet-align-left","9":"mobile-align-left","11":"first","12":"instock","13":"product-type-external"},"brands":[{"id":84,"name":"MEYLE","slug":"meyle"}],"_links":{"self":[{"href":"https:\/\/www.autonvaraosahaku.fi\/index.php?rest_route=\/wp\/v2\/product\/71991","targetHints":{"allow":["GET"]}}],"collection":[{"href":"https:\/\/www.autonvaraosahaku.fi\/index.php?rest_route=\/wp\/v2\/product"}],"about":[{"href":"https:\/\/www.autonvaraosahaku.fi\/index.php?rest_route=\/wp\/v2\/types\/product"}],"wp:attachment":[{"href":"https:\/\/www.autonvaraosahaku.fi\/index.php?rest_route=%2Fwp%2Fv2%2Fmedia&parent=71991"}],"wp:term":[{"taxonomy":"pwb-brand","embeddable":true,"href":"https:\/\/www.autonvaraosahaku.fi\/index.php?rest_route=%2Fwp%2Fv2%2Fpwb-brand&post=71991"},{"taxonomy":"product_cat","embeddable":true,"href":"https:\/\/www.autonvaraosahaku.fi\/index.php?rest_route=%2Fwp%2Fv2%2Fproduct_cat&post=71991"},{"taxonomy":"product_tag","embeddable":true,"href":"https:\/\/www.autonvaraosahaku.fi\/index.php?rest_route=%2Fwp%2Fv2%2Fproduct_tag&post=71991"}],"curies":[{"name":"wp","href":"https:\/\/api.w.org\/{rel}","templated":true}]}}