{"id":72046,"date":"2021-02-21T19:18:24","date_gmt":"2021-02-21T19:18:24","guid":{"rendered":"https:\/\/www.autonvaraosahaku.fi\/?product=febi-bilstein-03194-jousijalan-tukilaakeri"},"modified":"2021-02-21T19:18:33","modified_gmt":"2021-02-21T19:18:33","slug":"febi-bilstein-03194-jousijalan-tukilaakeri","status":"publish","type":"product","link":"https:\/\/www.autonvaraosahaku.fi\/?product=febi-bilstein-03194-jousijalan-tukilaakeri","title":{"rendered":"FEBI BILSTEIN 03194 Jousijalan tukilaakeri"},"content":{"rendered":"<p>Materiaali: Kumi-metalli; Asennuspuoli: etuakseli molemminpuoleinen, etuakseli molemminpuoleinen; Paino [kg]: 0,642, 0,642; Moottorinumero: C18NT; DAEWOO: NEXIA KLETN,ESPERO KLEJ,NEXIA Stufenheck KLETN,CIELO Stufenheck; OPEL: KADETT E CC 33_, 34_, 43_, 44_,KADETT C Coupe,MANTA B 58_, 59_,KADETT E Cabriolet 43B_,ASCONA B 81_, 86_, 87_, 88_,MANTA A 58_, 59_,KADETT E 39_, 49_,KADETT E Caravan 35_, 36_, 45_, 46_,KADETT E Kasten 37_, 47_,KADETT E Combo 38_, 48_; VAUXHALL: ASTRA Mk II CC; 90184756, 96179829, 00344509, 0344509, 344509, 090184756, 90184756; Iskarin Yl\u00e4p\u00e4\u00e4,Iskunvaimentimen Yl\u00e4p\u00e4\u00e4<\/p>\n","protected":false},"excerpt":{"rendered":"<p>FEBI BILSTEIN Jousijalan Tukilaakeri 03194 Iskarin Yl\u00e4p\u00e4\u00e4,Iskunvaimentimen Yl\u00e4p\u00e4\u00e4 DAEWOO,OPEL,VAUXHALL,NEXIA KLETN,ESPERO KLEJ,NEXIA Stufenheck KLETN<\/p>\n","protected":false},"featured_media":0,"template":"","meta":{"site-sidebar-layout":"default","site-content-layout":"default","ast-global-header-display":"","ast-main-header-display":"","ast-hfb-above-header-display":"","ast-hfb-below-header-display":"","ast-hfb-mobile-header-display":"","site-post-title":"","ast-breadcrumbs-content":"","ast-featured-img":"","footer-sml-layout":"","theme-transparent-header-meta":"","adv-header-id-meta":"","stick-header-meta":"","header-above-stick-meta":"","header-main-stick-meta":"","header-below-stick-meta":""},"pwb-brand":[50],"product_cat":[45],"product_tag":[],"class_list":{"0":"post-72046","1":"product","2":"type-product","3":"status-publish","5":"pwb-brand-febi-bilstein","6":"product_cat-jousijalan-tukilaakeri","7":"desktop-align-left","8":"tablet-align-left","9":"mobile-align-left","11":"first","12":"instock","13":"product-type-external"},"brands":[{"id":50,"name":"FEBI BILSTEIN","slug":"febi-bilstein"}],"_links":{"self":[{"href":"https:\/\/www.autonvaraosahaku.fi\/index.php?rest_route=\/wp\/v2\/product\/72046","targetHints":{"allow":["GET"]}}],"collection":[{"href":"https:\/\/www.autonvaraosahaku.fi\/index.php?rest_route=\/wp\/v2\/product"}],"about":[{"href":"https:\/\/www.autonvaraosahaku.fi\/index.php?rest_route=\/wp\/v2\/types\/product"}],"wp:attachment":[{"href":"https:\/\/www.autonvaraosahaku.fi\/index.php?rest_route=%2Fwp%2Fv2%2Fmedia&parent=72046"}],"wp:term":[{"taxonomy":"pwb-brand","embeddable":true,"href":"https:\/\/www.autonvaraosahaku.fi\/index.php?rest_route=%2Fwp%2Fv2%2Fpwb-brand&post=72046"},{"taxonomy":"product_cat","embeddable":true,"href":"https:\/\/www.autonvaraosahaku.fi\/index.php?rest_route=%2Fwp%2Fv2%2Fproduct_cat&post=72046"},{"taxonomy":"product_tag","embeddable":true,"href":"https:\/\/www.autonvaraosahaku.fi\/index.php?rest_route=%2Fwp%2Fv2%2Fproduct_tag&post=72046"}],"curies":[{"name":"wp","href":"https:\/\/api.w.org\/{rel}","templated":true}]}}