{"id":72053,"date":"2021-02-21T19:18:24","date_gmt":"2021-02-21T19:18:24","guid":{"rendered":"https:\/\/www.autonvaraosahaku.fi\/?product=trw-gs8319-jarrukengat"},"modified":"2021-02-21T19:18:38","modified_gmt":"2021-02-21T19:18:38","slug":"trw-gs8319-jarrukengat","status":"publish","type":"product","link":"https:\/\/www.autonvaraosahaku.fi\/?product=trw-gs8319-jarrukengat","title":{"rendered":"TRW GS8319 Jarrukeng\u00e4t"},"content":{"rendered":"<p>Valmistaja rajaus: BENDIX; L\u00e4pimitta [mm]: 180; Leveys (mm): 32; Asennuspuoli: Hinterachse; RENAULT: 4 112_,5 122_,4 Kasten R21_, R23_,5 Kasten 238_; PEUGEOT: 104,104 Coupe; CITRO\u00cbN: VISA Cabriolet; TALBOT: SAMBA Cabriolet 51E,SAMBA 51A; 424199, 75521559, 9404241998, 424149, 424199, 7701200962, 7701201210, 7701201211, 7701201482, 7701202901, 7701205051, 7701349744, 424149, 424199, 9404241068; Jarrukenk\u00e4sarja<\/p>\n","protected":false},"excerpt":{"rendered":"<p>TRW Jarrukeng\u00e4t GS8319 Jarrukenk\u00e4sarja RENAULT,PEUGEOT,CITRO\u00cbN,4 112_,5 122_,4 Kasten R21_, R23_,5 Kasten 238_,104,104 Coupe,VISA Cabriolet<\/p>\n","protected":false},"featured_media":0,"template":"","meta":{"site-sidebar-layout":"default","site-content-layout":"default","ast-global-header-display":"","ast-main-header-display":"","ast-hfb-above-header-display":"","ast-hfb-below-header-display":"","ast-hfb-mobile-header-display":"","site-post-title":"","ast-breadcrumbs-content":"","ast-featured-img":"","footer-sml-layout":"","theme-transparent-header-meta":"","adv-header-id-meta":"","stick-header-meta":"","header-above-stick-meta":"","header-main-stick-meta":"","header-below-stick-meta":""},"pwb-brand":[332],"product_cat":[176],"product_tag":[],"class_list":{"0":"post-72053","1":"product","2":"type-product","3":"status-publish","5":"pwb-brand-trw","6":"product_cat-jarrukengat","7":"desktop-align-left","8":"tablet-align-left","9":"mobile-align-left","11":"first","12":"instock","13":"product-type-external"},"brands":[{"id":332,"name":"TRW","slug":"trw"}],"_links":{"self":[{"href":"https:\/\/www.autonvaraosahaku.fi\/index.php?rest_route=\/wp\/v2\/product\/72053","targetHints":{"allow":["GET"]}}],"collection":[{"href":"https:\/\/www.autonvaraosahaku.fi\/index.php?rest_route=\/wp\/v2\/product"}],"about":[{"href":"https:\/\/www.autonvaraosahaku.fi\/index.php?rest_route=\/wp\/v2\/types\/product"}],"wp:attachment":[{"href":"https:\/\/www.autonvaraosahaku.fi\/index.php?rest_route=%2Fwp%2Fv2%2Fmedia&parent=72053"}],"wp:term":[{"taxonomy":"pwb-brand","embeddable":true,"href":"https:\/\/www.autonvaraosahaku.fi\/index.php?rest_route=%2Fwp%2Fv2%2Fpwb-brand&post=72053"},{"taxonomy":"product_cat","embeddable":true,"href":"https:\/\/www.autonvaraosahaku.fi\/index.php?rest_route=%2Fwp%2Fv2%2Fproduct_cat&post=72053"},{"taxonomy":"product_tag","embeddable":true,"href":"https:\/\/www.autonvaraosahaku.fi\/index.php?rest_route=%2Fwp%2Fv2%2Fproduct_tag&post=72053"}],"curies":[{"name":"wp","href":"https:\/\/api.w.org\/{rel}","templated":true}]}}