{"id":72059,"date":"2021-02-21T19:18:41","date_gmt":"2021-02-21T19:18:41","guid":{"rendered":"https:\/\/www.autonvaraosahaku.fi\/?product=trw-gdb770-jarrupalat"},"modified":"2021-02-21T19:18:42","modified_gmt":"2021-02-21T19:18:42","slug":"trw-gdb770-jarrupalat","status":"publish","type":"product","link":"https:\/\/www.autonvaraosahaku.fi\/?product=trw-gdb770-jarrupalat","title":{"rendered":"TRW GDB770 Jarrupalat"},"content":{"rendered":"<p>Valmistaja rajaus: SUMITOMO; Kulumisenilmaisimen liitos: Ei kulumisenilmaisimelle; Tarkistuskilpi: E9 90R &#8211; 01107\/148; Korkeus (mm): 56,9; Pituus (mm): 145,4; Paksuus [mm]: 16,3; M\u00e4\u00e4r\u00e4yksikk\u00f6: Akselisarja; Tuotelinja: COTEC; Asennuspuoli: Vorderachse; TOYOTA: HIACE IV Bus LH1_,HIACE IV Kasten LXH1_, RZH1_, LH1_,HIACE III Wagon LH1_, RZH1_,HIACE IV Kasten TRH2_, KDH2_,HIACE III Kasten YH7_, LH6_, LH7_, LH5_, YH5_, YH6_,HIACE II Wagon LH7_, LH5_, LH6_, YH7_, YH6_, YH5_,HIACE II Kasten LH5_, YH7_, LH7_, LH6_, YH6_, YH5_,DYNA Pritsche\/Fahrgestell KD_, LY_, TRY2_, KDY2_, XZU4_, XZ,DYNA 100 Pritsche\/Fahrgestell YH_,DYNA Pritsche\/Fahrgestell,DYNA Pritsche\/Fahrgestell LH8_,DYNA 100 Pritsche\/Fahrgestell LY1_, YY1_; 0446526300, 0446525040, 0446525060, 0446526010, 0446526070, 0446526100, 0446526130, 0446526160, 0446526170, 0446526180, 0446526200, 0446526220, 0446526250, 0446526280, 0446526300, 0446526301, 0446526310, 0446526320, 0446526340, 0446526350, 0446526370, 0446526390, 0446535010, 0446535320, 04465YZZAD, 04465YZZAJ, 0449126110, 0449126111, 0449126130, 0449126131, 0449126150, 0449126170, 0449126171, 0449126190, 0449126191, 0449126210, 0449126261, 0449126262, 0449126270, 0449126320, 0449126340, 0449135050, 0449135051, 0449135060, 0449135062, 0449135063, 0449135130, 0449135200, 446526070, 446526100, 446526130, 446526160, 446526170, 446526250, 446526300, 449126110, 449126170, 449126191, 449126210, 449126270, 449126320, 6811289136; Jarrupalasarja,Jarrupala, Levyjarru<\/p>\n","protected":false},"excerpt":{"rendered":"<p>TRW Jarrupalat GDB770 Jarrupalasarja,Jarrupala, Levyjarru TOYOTA,HIACE IV Bus LH1_,HIACE IV Kasten LXH1_, RZH1_, LH1_,HIACE III Wagon LH1_, RZH1_<\/p>\n","protected":false},"featured_media":0,"template":"","meta":{"site-sidebar-layout":"default","site-content-layout":"default","ast-global-header-display":"","ast-main-header-display":"","ast-hfb-above-header-display":"","ast-hfb-below-header-display":"","ast-hfb-mobile-header-display":"","site-post-title":"","ast-breadcrumbs-content":"","ast-featured-img":"","footer-sml-layout":"","theme-transparent-header-meta":"","adv-header-id-meta":"","stick-header-meta":"","header-above-stick-meta":"","header-main-stick-meta":"","header-below-stick-meta":""},"pwb-brand":[332],"product_cat":[100],"product_tag":[],"class_list":{"0":"post-72059","1":"product","2":"type-product","3":"status-publish","5":"pwb-brand-trw","6":"product_cat-jarrupalat","7":"desktop-align-left","8":"tablet-align-left","9":"mobile-align-left","11":"first","12":"instock","13":"product-type-external"},"brands":[{"id":332,"name":"TRW","slug":"trw"}],"_links":{"self":[{"href":"https:\/\/www.autonvaraosahaku.fi\/index.php?rest_route=\/wp\/v2\/product\/72059","targetHints":{"allow":["GET"]}}],"collection":[{"href":"https:\/\/www.autonvaraosahaku.fi\/index.php?rest_route=\/wp\/v2\/product"}],"about":[{"href":"https:\/\/www.autonvaraosahaku.fi\/index.php?rest_route=\/wp\/v2\/types\/product"}],"wp:attachment":[{"href":"https:\/\/www.autonvaraosahaku.fi\/index.php?rest_route=%2Fwp%2Fv2%2Fmedia&parent=72059"}],"wp:term":[{"taxonomy":"pwb-brand","embeddable":true,"href":"https:\/\/www.autonvaraosahaku.fi\/index.php?rest_route=%2Fwp%2Fv2%2Fpwb-brand&post=72059"},{"taxonomy":"product_cat","embeddable":true,"href":"https:\/\/www.autonvaraosahaku.fi\/index.php?rest_route=%2Fwp%2Fv2%2Fproduct_cat&post=72059"},{"taxonomy":"product_tag","embeddable":true,"href":"https:\/\/www.autonvaraosahaku.fi\/index.php?rest_route=%2Fwp%2Fv2%2Fproduct_tag&post=72059"}],"curies":[{"name":"wp","href":"https:\/\/api.w.org\/{rel}","templated":true}]}}