{"id":72070,"date":"2021-02-21T19:18:41","date_gmt":"2021-02-21T19:18:41","guid":{"rendered":"https:\/\/www.autonvaraosahaku.fi\/?product=febi-bilstein-11951-vesipumppu"},"modified":"2021-02-21T19:18:45","modified_gmt":"2021-02-21T19:18:45","slug":"febi-bilstein-11951-vesipumppu","status":"publish","type":"product","link":"https:\/\/www.autonvaraosahaku.fi\/?product=febi-bilstein-11951-vesipumppu","title":{"rendered":"FEBI BILSTEIN 11951 Vesipumppu"},"content":{"rendered":"<p>Materiaali vesipumpun siipipy\u00f6r\u00e4: Muovi; Materiaali tiiviste: Paperi; Materiaali: Alumiinivalu; Siipien m\u00e4\u00e4r\u00e4: 6; Paino [kg]: 1,502; Lis\u00e4tarvike\/lis\u00e4tieto: Tiivisteill\u00e4; Huomioi huolto-ohjeet: , ; Huomioi tekniset tiedot: ; FIAT: SEICENTO 187,CINQUECENTO 170,PANDA 141A_,SEICENTO Van 187; 46742168, 7724414<\/p>\n","protected":false},"excerpt":{"rendered":"<p>FEBI BILSTEIN Vesipumppu 11951  FIAT,SEICENTO 187,CINQUECENTO 170,PANDA 141A_,SEICENTO Van 187<\/p>\n","protected":false},"featured_media":0,"template":"","meta":{"site-sidebar-layout":"default","site-content-layout":"default","ast-global-header-display":"","ast-main-header-display":"","ast-hfb-above-header-display":"","ast-hfb-below-header-display":"","ast-hfb-mobile-header-display":"","site-post-title":"","ast-breadcrumbs-content":"","ast-featured-img":"","footer-sml-layout":"","theme-transparent-header-meta":"","adv-header-id-meta":"","stick-header-meta":"","header-above-stick-meta":"","header-main-stick-meta":"","header-below-stick-meta":""},"pwb-brand":[50],"product_cat":[279],"product_tag":[],"class_list":{"0":"post-72070","1":"product","2":"type-product","3":"status-publish","5":"pwb-brand-febi-bilstein","6":"product_cat-vesipumppu","7":"desktop-align-left","8":"tablet-align-left","9":"mobile-align-left","11":"first","12":"instock","13":"product-type-external"},"brands":[{"id":50,"name":"FEBI BILSTEIN","slug":"febi-bilstein"}],"_links":{"self":[{"href":"https:\/\/www.autonvaraosahaku.fi\/index.php?rest_route=\/wp\/v2\/product\/72070","targetHints":{"allow":["GET"]}}],"collection":[{"href":"https:\/\/www.autonvaraosahaku.fi\/index.php?rest_route=\/wp\/v2\/product"}],"about":[{"href":"https:\/\/www.autonvaraosahaku.fi\/index.php?rest_route=\/wp\/v2\/types\/product"}],"wp:attachment":[{"href":"https:\/\/www.autonvaraosahaku.fi\/index.php?rest_route=%2Fwp%2Fv2%2Fmedia&parent=72070"}],"wp:term":[{"taxonomy":"pwb-brand","embeddable":true,"href":"https:\/\/www.autonvaraosahaku.fi\/index.php?rest_route=%2Fwp%2Fv2%2Fpwb-brand&post=72070"},{"taxonomy":"product_cat","embeddable":true,"href":"https:\/\/www.autonvaraosahaku.fi\/index.php?rest_route=%2Fwp%2Fv2%2Fproduct_cat&post=72070"},{"taxonomy":"product_tag","embeddable":true,"href":"https:\/\/www.autonvaraosahaku.fi\/index.php?rest_route=%2Fwp%2Fv2%2Fproduct_tag&post=72070"}],"curies":[{"name":"wp","href":"https:\/\/api.w.org\/{rel}","templated":true}]}}