{"id":72078,"date":"2021-02-21T19:18:50","date_gmt":"2021-02-21T19:18:50","guid":{"rendered":"https:\/\/www.autonvaraosahaku.fi\/?product=trw-gdb1389-jarrupalat"},"modified":"2021-02-21T19:18:51","modified_gmt":"2021-02-21T19:18:51","slug":"trw-gdb1389-jarrupalat","status":"publish","type":"product","link":"https:\/\/www.autonvaraosahaku.fi\/?product=trw-gdb1389-jarrupalat","title":{"rendered":"TRW GDB1389 Jarrupalat"},"content":{"rendered":"<p>Valmistaja rajaus: ATE; Kulumisenilmaisimen liitos: Ei kulumisenilmaisimelle; Tarkistuskilpi: E1 90R &#8211; 01025\/525; Korkeus (mm): 53,8; Pituus 1 (mm): 123,8; Paksuus [mm]: 17; Huomioi tekniset tiedot: ; Pituus 2 (mm): 122,6; M\u00e4\u00e4r\u00e4yksikk\u00f6: Akselisarja; Tuotelinja: COTEC; Asennuspuoli: Hinterachse; VOLVO: V70 II SW,V70 I LV,S60 I,S80 I TS, XY,XC70 CROSS COUNTRY,S70 LS; 2713342, 272399, 2723997, 272944, 274334, 2743340, 2743342, 30648382, 306483820, 8623862, 8634925, 86349250, 86349255; Jarrupalasarja,Jarrupala, Levyjarru<\/p>\n","protected":false},"excerpt":{"rendered":"<p>TRW Jarrupalat GDB1389 Jarrupalasarja,Jarrupala, Levyjarru VOLVO,V70 II SW,V70 I LV,S60 I,S80 I TS, XY,XC70 CROSS COUNTRY,S70 LS<\/p>\n","protected":false},"featured_media":0,"template":"","meta":{"site-sidebar-layout":"default","site-content-layout":"default","ast-global-header-display":"","ast-main-header-display":"","ast-hfb-above-header-display":"","ast-hfb-below-header-display":"","ast-hfb-mobile-header-display":"","site-post-title":"","ast-breadcrumbs-content":"","ast-featured-img":"","footer-sml-layout":"","theme-transparent-header-meta":"","adv-header-id-meta":"","stick-header-meta":"","header-above-stick-meta":"","header-main-stick-meta":"","header-below-stick-meta":""},"pwb-brand":[332],"product_cat":[100],"product_tag":[],"class_list":{"0":"post-72078","1":"product","2":"type-product","3":"status-publish","5":"pwb-brand-trw","6":"product_cat-jarrupalat","7":"desktop-align-left","8":"tablet-align-left","9":"mobile-align-left","11":"first","12":"instock","13":"product-type-external"},"brands":[{"id":332,"name":"TRW","slug":"trw"}],"_links":{"self":[{"href":"https:\/\/www.autonvaraosahaku.fi\/index.php?rest_route=\/wp\/v2\/product\/72078","targetHints":{"allow":["GET"]}}],"collection":[{"href":"https:\/\/www.autonvaraosahaku.fi\/index.php?rest_route=\/wp\/v2\/product"}],"about":[{"href":"https:\/\/www.autonvaraosahaku.fi\/index.php?rest_route=\/wp\/v2\/types\/product"}],"wp:attachment":[{"href":"https:\/\/www.autonvaraosahaku.fi\/index.php?rest_route=%2Fwp%2Fv2%2Fmedia&parent=72078"}],"wp:term":[{"taxonomy":"pwb-brand","embeddable":true,"href":"https:\/\/www.autonvaraosahaku.fi\/index.php?rest_route=%2Fwp%2Fv2%2Fpwb-brand&post=72078"},{"taxonomy":"product_cat","embeddable":true,"href":"https:\/\/www.autonvaraosahaku.fi\/index.php?rest_route=%2Fwp%2Fv2%2Fproduct_cat&post=72078"},{"taxonomy":"product_tag","embeddable":true,"href":"https:\/\/www.autonvaraosahaku.fi\/index.php?rest_route=%2Fwp%2Fv2%2Fproduct_tag&post=72078"}],"curies":[{"name":"wp","href":"https:\/\/api.w.org\/{rel}","templated":true}]}}