{"id":72133,"date":"2021-02-21T19:19:12","date_gmt":"2021-02-21T19:19:12","guid":{"rendered":"https:\/\/www.autonvaraosahaku.fi\/?product=dt-2-61040-kallistuksenvakaajan-puslat"},"modified":"2021-02-21T19:19:21","modified_gmt":"2021-02-21T19:19:21","slug":"dt-2-61040-kallistuksenvakaajan-puslat","status":"publish","type":"product","link":"https:\/\/www.autonvaraosahaku.fi\/?product=dt-2-61040-kallistuksenvakaajan-puslat","title":{"rendered":"DT 2.61040 Kallistuksenvakaajan puslat"},"content":{"rendered":"<p>Asennuspuoli: etuakseli molemminpuoleinen; Paino [g]: 40; Sis\u00e4l\u00e4pimitta [mm]: 25,5; Ulkol\u00e4pimitta [mm]: 48; Korkeus (mm): 25,5; VOLVO: 8700,B12,B6,B7,F10,F12,F16,F6,F7,FE,FL,FL10,FL12,FL6,FL7,FLC,FM7,FS7,N10; DAF: 65,65 CF,75,75 CF,85,85 CF,95,95 XF,CF 75,CF 85,F 2800,F 3600,N 2800,XF 95; 0693310, 693310, 1134962, 308852<\/p>\n","protected":false},"excerpt":{"rendered":"<p>DT Laakerin Holkki, Vakaaja 2.61040  VOLVO,DAF,8700,B12,B6,B7,F10,F12,F16,F6,F7,FE,FL,FL10,FL12,FL6,FL7,FLC,FM7,FS7,N10,65,65 CF,75,75 CF,85,85 CF,95<\/p>\n","protected":false},"featured_media":0,"template":"","meta":{"site-sidebar-layout":"default","site-content-layout":"default","ast-global-header-display":"","ast-main-header-display":"","ast-hfb-above-header-display":"","ast-hfb-below-header-display":"","ast-hfb-mobile-header-display":"","site-post-title":"","ast-breadcrumbs-content":"","ast-featured-img":"","footer-sml-layout":"","theme-transparent-header-meta":"","adv-header-id-meta":"","stick-header-meta":"","header-above-stick-meta":"","header-main-stick-meta":"","header-below-stick-meta":""},"pwb-brand":[75],"product_cat":[82],"product_tag":[],"class_list":{"0":"post-72133","1":"product","2":"type-product","3":"status-publish","5":"pwb-brand-dt","6":"product_cat-kallistuksenvakaajan-puslat","7":"desktop-align-left","8":"tablet-align-left","9":"mobile-align-left","11":"first","12":"instock","13":"product-type-external"},"brands":[{"id":75,"name":"DT","slug":"dt"}],"_links":{"self":[{"href":"https:\/\/www.autonvaraosahaku.fi\/index.php?rest_route=\/wp\/v2\/product\/72133","targetHints":{"allow":["GET"]}}],"collection":[{"href":"https:\/\/www.autonvaraosahaku.fi\/index.php?rest_route=\/wp\/v2\/product"}],"about":[{"href":"https:\/\/www.autonvaraosahaku.fi\/index.php?rest_route=\/wp\/v2\/types\/product"}],"wp:attachment":[{"href":"https:\/\/www.autonvaraosahaku.fi\/index.php?rest_route=%2Fwp%2Fv2%2Fmedia&parent=72133"}],"wp:term":[{"taxonomy":"pwb-brand","embeddable":true,"href":"https:\/\/www.autonvaraosahaku.fi\/index.php?rest_route=%2Fwp%2Fv2%2Fpwb-brand&post=72133"},{"taxonomy":"product_cat","embeddable":true,"href":"https:\/\/www.autonvaraosahaku.fi\/index.php?rest_route=%2Fwp%2Fv2%2Fproduct_cat&post=72133"},{"taxonomy":"product_tag","embeddable":true,"href":"https:\/\/www.autonvaraosahaku.fi\/index.php?rest_route=%2Fwp%2Fv2%2Fproduct_tag&post=72133"}],"curies":[{"name":"wp","href":"https:\/\/api.w.org\/{rel}","templated":true}]}}