{"id":72152,"date":"2021-02-21T19:19:23","date_gmt":"2021-02-21T19:19:23","guid":{"rendered":"https:\/\/www.autonvaraosahaku.fi\/?product=febi-bilstein-37470-alatukivarsi"},"modified":"2021-02-21T19:19:28","modified_gmt":"2021-02-21T19:19:28","slug":"febi-bilstein-37470-alatukivarsi","status":"publish","type":"product","link":"https:\/\/www.autonvaraosahaku.fi\/?product=febi-bilstein-37470-alatukivarsi","title":{"rendered":"FEBI BILSTEIN 37470 Alatukivarsi"},"content":{"rendered":"<p>Parilliset tuotenumerot: 37471; Materiaali: Ter\u00e4slevy; Ohjausmalli: Poikittaistukivarsi; Asennuspuoli: Alla, Etuakseli, vasen; Paino [kg]: 3,37, 3,37; Jarrulevypaksuudelle [mm]: 22; CITRO\u00cbN: DS3,C3 II,DS3 Cabriolet,C4 CACTUS,C3 III SX; PEUGEOT: 208,2008,208 Kasten; DS: DS 3,DS 3 Cabriolet; 3520W7, 3520W8, 3520X1, 3520Y1, 9803286580, 3520W7, 3520W8, 3520X1, 9803286580, 9670771480, 9670772080, 9803286580; Tukivarsi,Tukivarsi, Py\u00f6r\u00e4ntuenta<\/p>\n","protected":false},"excerpt":{"rendered":"<p>FEBI BILSTEIN Alatukivarsi 37470 Tukivarsi,Tukivarsi, Py\u00f6r\u00e4ntuenta CITRO\u00cbN,PEUGEOT,DS,DS3,C3 II,DS3 Cabriolet,C4 CACTUS,C3 III SX,208,2008,208 Kasten<\/p>\n","protected":false},"featured_media":0,"template":"","meta":{"site-sidebar-layout":"default","site-content-layout":"default","ast-global-header-display":"","ast-main-header-display":"","ast-hfb-above-header-display":"","ast-hfb-below-header-display":"","ast-hfb-mobile-header-display":"","site-post-title":"","ast-breadcrumbs-content":"","ast-featured-img":"","footer-sml-layout":"","theme-transparent-header-meta":"","adv-header-id-meta":"","stick-header-meta":"","header-above-stick-meta":"","header-main-stick-meta":"","header-below-stick-meta":""},"pwb-brand":[50],"product_cat":[62],"product_tag":[],"class_list":{"0":"post-72152","1":"product","2":"type-product","3":"status-publish","5":"pwb-brand-febi-bilstein","6":"product_cat-alatukivarsi","7":"desktop-align-left","8":"tablet-align-left","9":"mobile-align-left","11":"first","12":"instock","13":"product-type-external"},"brands":[{"id":50,"name":"FEBI BILSTEIN","slug":"febi-bilstein"}],"_links":{"self":[{"href":"https:\/\/www.autonvaraosahaku.fi\/index.php?rest_route=\/wp\/v2\/product\/72152","targetHints":{"allow":["GET"]}}],"collection":[{"href":"https:\/\/www.autonvaraosahaku.fi\/index.php?rest_route=\/wp\/v2\/product"}],"about":[{"href":"https:\/\/www.autonvaraosahaku.fi\/index.php?rest_route=\/wp\/v2\/types\/product"}],"wp:attachment":[{"href":"https:\/\/www.autonvaraosahaku.fi\/index.php?rest_route=%2Fwp%2Fv2%2Fmedia&parent=72152"}],"wp:term":[{"taxonomy":"pwb-brand","embeddable":true,"href":"https:\/\/www.autonvaraosahaku.fi\/index.php?rest_route=%2Fwp%2Fv2%2Fpwb-brand&post=72152"},{"taxonomy":"product_cat","embeddable":true,"href":"https:\/\/www.autonvaraosahaku.fi\/index.php?rest_route=%2Fwp%2Fv2%2Fproduct_cat&post=72152"},{"taxonomy":"product_tag","embeddable":true,"href":"https:\/\/www.autonvaraosahaku.fi\/index.php?rest_route=%2Fwp%2Fv2%2Fproduct_tag&post=72152"}],"curies":[{"name":"wp","href":"https:\/\/api.w.org\/{rel}","templated":true}]}}