{"id":72169,"date":"2021-02-21T19:19:31","date_gmt":"2021-02-21T19:19:31","guid":{"rendered":"https:\/\/www.autonvaraosahaku.fi\/?product=ajusa-13111800-pakosarjan-tiivisteet"},"modified":"2021-02-21T19:19:35","modified_gmt":"2021-02-21T19:19:35","slug":"ajusa-13111800-pakosarjan-tiivisteet","status":"publish","type":"product","link":"https:\/\/www.autonvaraosahaku.fi\/?product=ajusa-13111800-pakosarjan-tiivisteet","title":{"rendered":"AJUSA 13111800 Pakosarjan tiivisteet"},"content":{"rendered":"<p>Asennuspuoli: Pakosarja; Paksuus [mm]: 0,8; Leveys (mm): 52; Pituus (mm): 94; Paino [g]: 12,361; Tarvittava kappalem\u00e4\u00e4r\u00e4: 8; MERCEDES-BENZ: SL R107,S-CLASS W126,G-CLASS W463,S-CLASS Coupe C126,SL Coupe C107; 1171420560, 1171420580, 1171420680; Tiiviste, Pakosarja<\/p>\n","protected":false},"excerpt":{"rendered":"<p>AJUSA Pakosarjan Tiivisteet 13111800 Tiiviste, Pakosarja MERCEDES-BENZ,SL R107,S-CLASS W126,G-CLASS W463,S-CLASS Coupe C126,SL Coupe C107<\/p>\n","protected":false},"featured_media":0,"template":"","meta":{"site-sidebar-layout":"default","site-content-layout":"default","ast-global-header-display":"","ast-main-header-display":"","ast-hfb-above-header-display":"","ast-hfb-below-header-display":"","ast-hfb-mobile-header-display":"","site-post-title":"","ast-breadcrumbs-content":"","ast-featured-img":"","footer-sml-layout":"","theme-transparent-header-meta":"","adv-header-id-meta":"","stick-header-meta":"","header-above-stick-meta":"","header-main-stick-meta":"","header-below-stick-meta":""},"pwb-brand":[211],"product_cat":[123],"product_tag":[],"class_list":{"0":"post-72169","1":"product","2":"type-product","3":"status-publish","5":"pwb-brand-ajusa","6":"product_cat-pakosarjan-tiivisteet","7":"desktop-align-left","8":"tablet-align-left","9":"mobile-align-left","11":"first","12":"instock","13":"product-type-external"},"brands":[{"id":211,"name":"AJUSA","slug":"ajusa"}],"_links":{"self":[{"href":"https:\/\/www.autonvaraosahaku.fi\/index.php?rest_route=\/wp\/v2\/product\/72169","targetHints":{"allow":["GET"]}}],"collection":[{"href":"https:\/\/www.autonvaraosahaku.fi\/index.php?rest_route=\/wp\/v2\/product"}],"about":[{"href":"https:\/\/www.autonvaraosahaku.fi\/index.php?rest_route=\/wp\/v2\/types\/product"}],"wp:attachment":[{"href":"https:\/\/www.autonvaraosahaku.fi\/index.php?rest_route=%2Fwp%2Fv2%2Fmedia&parent=72169"}],"wp:term":[{"taxonomy":"pwb-brand","embeddable":true,"href":"https:\/\/www.autonvaraosahaku.fi\/index.php?rest_route=%2Fwp%2Fv2%2Fpwb-brand&post=72169"},{"taxonomy":"product_cat","embeddable":true,"href":"https:\/\/www.autonvaraosahaku.fi\/index.php?rest_route=%2Fwp%2Fv2%2Fproduct_cat&post=72169"},{"taxonomy":"product_tag","embeddable":true,"href":"https:\/\/www.autonvaraosahaku.fi\/index.php?rest_route=%2Fwp%2Fv2%2Fproduct_tag&post=72169"}],"curies":[{"name":"wp","href":"https:\/\/api.w.org\/{rel}","templated":true}]}}