{"id":72176,"date":"2021-02-21T19:19:31","date_gmt":"2021-02-21T19:19:31","guid":{"rendered":"https:\/\/www.autonvaraosahaku.fi\/?product=reinz-71-27476-00-pakosarjan-tiivisteet"},"modified":"2021-02-21T19:19:39","modified_gmt":"2021-02-21T19:19:39","slug":"reinz-71-27476-00-pakosarjan-tiivisteet","status":"publish","type":"product","link":"https:\/\/www.autonvaraosahaku.fi\/?product=reinz-71-27476-00-pakosarjan-tiivisteet","title":{"rendered":"REINZ 71-27476-00 Pakosarjan tiivisteet"},"content":{"rendered":"<p>Paksuus [mm]: 1,2; Tarvittava kappalem\u00e4\u00e4r\u00e4: 2; VW: GOLF III 1H1,GOLF II 19E, 1G1,GOLF I Cabriolet 155,GOLF III Variant 1H5,POLO 86C, 80,POLO Coupe 86C, 80,SCIROCCO 53B,VENTO 1H2,GOLF I 17,JETTA II 19E, 1G2, 165,PASSAT Variant 32B,POLO CLASSIC 86C, 80,PASSAT 32B,POLO 86,SCIROCCO 53,JETTA I 16,DERBY 86C, 80,POLO Kasten 86CF,PASSAT 32,DERBY 86,PASSAT Variant 33,SANTANA 32B; AUDI: 80 81, 85, B2,50 86; SEAT: IBIZA II 6K1,CORDOBA 6K1, 6K2,TERRA Kasten 024A,TERRA 24; 030253039A, 030253039A, 030253039A, 052129589; Tiiviste, Pakosarja<\/p>\n","protected":false},"excerpt":{"rendered":"<p>REINZ Pakosarjan Tiivisteet 71-27476-00 Tiiviste, Pakosarja VW,AUDI,SEAT,GOLF III 1H1,GOLF II 19E, 1G1,GOLF I Cabriolet 155,GOLF III Variant 1H5<\/p>\n","protected":false},"featured_media":0,"template":"","meta":{"site-sidebar-layout":"default","site-content-layout":"default","ast-global-header-display":"","ast-main-header-display":"","ast-hfb-above-header-display":"","ast-hfb-below-header-display":"","ast-hfb-mobile-header-display":"","site-post-title":"","ast-breadcrumbs-content":"","ast-featured-img":"","footer-sml-layout":"","theme-transparent-header-meta":"","adv-header-id-meta":"","stick-header-meta":"","header-above-stick-meta":"","header-main-stick-meta":"","header-below-stick-meta":""},"pwb-brand":[138],"product_cat":[123],"product_tag":[],"class_list":{"0":"post-72176","1":"product","2":"type-product","3":"status-publish","5":"pwb-brand-reinz","6":"product_cat-pakosarjan-tiivisteet","7":"desktop-align-left","8":"tablet-align-left","9":"mobile-align-left","11":"first","12":"instock","13":"product-type-external"},"brands":[{"id":138,"name":"REINZ","slug":"reinz"}],"_links":{"self":[{"href":"https:\/\/www.autonvaraosahaku.fi\/index.php?rest_route=\/wp\/v2\/product\/72176","targetHints":{"allow":["GET"]}}],"collection":[{"href":"https:\/\/www.autonvaraosahaku.fi\/index.php?rest_route=\/wp\/v2\/product"}],"about":[{"href":"https:\/\/www.autonvaraosahaku.fi\/index.php?rest_route=\/wp\/v2\/types\/product"}],"wp:attachment":[{"href":"https:\/\/www.autonvaraosahaku.fi\/index.php?rest_route=%2Fwp%2Fv2%2Fmedia&parent=72176"}],"wp:term":[{"taxonomy":"pwb-brand","embeddable":true,"href":"https:\/\/www.autonvaraosahaku.fi\/index.php?rest_route=%2Fwp%2Fv2%2Fpwb-brand&post=72176"},{"taxonomy":"product_cat","embeddable":true,"href":"https:\/\/www.autonvaraosahaku.fi\/index.php?rest_route=%2Fwp%2Fv2%2Fproduct_cat&post=72176"},{"taxonomy":"product_tag","embeddable":true,"href":"https:\/\/www.autonvaraosahaku.fi\/index.php?rest_route=%2Fwp%2Fv2%2Fproduct_tag&post=72176"}],"curies":[{"name":"wp","href":"https:\/\/api.w.org\/{rel}","templated":true}]}}