{"id":72179,"date":"2021-02-21T19:19:46","date_gmt":"2021-02-21T19:19:46","guid":{"rendered":"https:\/\/www.autonvaraosahaku.fi\/?product=lemforder-35059-01-alatukivarsi"},"modified":"2021-02-21T19:19:49","modified_gmt":"2021-02-21T19:19:49","slug":"lemforder-35059-01-alatukivarsi","status":"publish","type":"product","link":"https:\/\/www.autonvaraosahaku.fi\/?product=lemforder-35059-01-alatukivarsi","title":{"rendered":"LEMF\u00d6RDER 35059 01 Alatukivarsi"},"content":{"rendered":"<p>Asennuspuoli: Etuakseli, Vasen, Takana; Ohjausmalli: Poikittaistukivarsi; Materiaali: Alumiini; Lis\u00e4ksi tarvittavat tuotteet (tuotenumero): 38313 01; parilliset tuotenumerot: 35060 01; MERCEDES-BENZ: C-CLASS W204,C-CLASS T-Model S204,E-CLASS Coupe C207,C-CLASS Coupe C204,SLK R172,E-CLASS Cabriolet A207,SLC R172; 2043303111, 2043306711, A2043303111, A2043306711; Tukivarsi,Tukivarsi, Py\u00f6r\u00e4ntuenta<\/p>\n","protected":false},"excerpt":{"rendered":"<p>LEMF\u00d6RDER Alatukivarsi 35059 01 Tukivarsi,Tukivarsi, Py\u00f6r\u00e4ntuenta MERCEDES-BENZ,C-CLASS W204,C-CLASS T-Model S204,E-CLASS Coupe C207<\/p>\n","protected":false},"featured_media":0,"template":"","meta":{"site-sidebar-layout":"default","site-content-layout":"default","ast-global-header-display":"","ast-main-header-display":"","ast-hfb-above-header-display":"","ast-hfb-below-header-display":"","ast-hfb-mobile-header-display":"","site-post-title":"","ast-breadcrumbs-content":"","ast-featured-img":"","footer-sml-layout":"","theme-transparent-header-meta":"","adv-header-id-meta":"","stick-header-meta":"","header-above-stick-meta":"","header-main-stick-meta":"","header-below-stick-meta":""},"pwb-brand":[77],"product_cat":[62],"product_tag":[],"class_list":{"0":"post-72179","1":"product","2":"type-product","3":"status-publish","5":"pwb-brand-lemforder","6":"product_cat-alatukivarsi","7":"desktop-align-left","8":"tablet-align-left","9":"mobile-align-left","11":"first","12":"instock","13":"product-type-external"},"brands":[{"id":77,"name":"LEMF\u00d6RDER","slug":"lemforder"}],"_links":{"self":[{"href":"https:\/\/www.autonvaraosahaku.fi\/index.php?rest_route=\/wp\/v2\/product\/72179","targetHints":{"allow":["GET"]}}],"collection":[{"href":"https:\/\/www.autonvaraosahaku.fi\/index.php?rest_route=\/wp\/v2\/product"}],"about":[{"href":"https:\/\/www.autonvaraosahaku.fi\/index.php?rest_route=\/wp\/v2\/types\/product"}],"wp:attachment":[{"href":"https:\/\/www.autonvaraosahaku.fi\/index.php?rest_route=%2Fwp%2Fv2%2Fmedia&parent=72179"}],"wp:term":[{"taxonomy":"pwb-brand","embeddable":true,"href":"https:\/\/www.autonvaraosahaku.fi\/index.php?rest_route=%2Fwp%2Fv2%2Fpwb-brand&post=72179"},{"taxonomy":"product_cat","embeddable":true,"href":"https:\/\/www.autonvaraosahaku.fi\/index.php?rest_route=%2Fwp%2Fv2%2Fproduct_cat&post=72179"},{"taxonomy":"product_tag","embeddable":true,"href":"https:\/\/www.autonvaraosahaku.fi\/index.php?rest_route=%2Fwp%2Fv2%2Fproduct_tag&post=72179"}],"curies":[{"name":"wp","href":"https:\/\/api.w.org\/{rel}","templated":true}]}}