{"id":7222,"date":"2021-02-21T13:59:35","date_gmt":"2021-02-21T13:59:35","guid":{"rendered":"https:\/\/www.autonvaraosahaku.fi\/?product=meyle-029-530-4750-pyyhkijansulat"},"modified":"2021-02-21T13:59:36","modified_gmt":"2021-02-21T13:59:36","slug":"meyle-029-530-4750-pyyhkijansulat","status":"publish","type":"product","link":"https:\/\/www.autonvaraosahaku.fi\/?product=meyle-029-530-4750-pyyhkijansulat","title":{"rendered":"MEYLE 029 530 4750 Pyyhkij\u00e4nsulat"},"content":{"rendered":"<p>Lis\u00e4adapteri: Fest montiert Nr. 2; Asennuspuoli: Edess\u00e4; Pituus 1 \/ pituus 2: 530 \/ 475; M\u00e4\u00e4r\u00e4yksikk\u00f6: Sarja; Pituus1\/pituus2 [tuuma]: 21 \/ 19; Pyyhkij\u00e4nsulkatyyppi: Flatblade-pyyhinsulka (rungoton); Valmistusvuosi alkaen: 06\/2002; VW: GOLF IV 1J1,POLO 9N_,GOLF IV Variant 1J5,BORA 1J2,BORA Kombi 1J6,POLO Stufenheck 9A4; MAZDA: 3 BK,3 Stufenheck BK; BP4K67330B, BP4L67330B, 1J0998002, 1J0998002A, 6Q1955425, 6Q1955425A; Tuulilasinpyyhkimet,Pyyhkij\u00e4t,Pyyhkij\u00e4nsulka<\/p>\n","protected":false},"excerpt":{"rendered":"<p>MEYLE Pyyhkij\u00e4nsulat 029 530 4750 Tuulilasinpyyhkimet,Pyyhkij\u00e4t VW,MAZDA,GOLF IV 1J1,POLO 9N_,GOLF IV Variant 1J5,BORA 1J2,BORA Kombi 1J6<\/p>\n","protected":false},"featured_media":0,"template":"","meta":{"site-sidebar-layout":"default","site-content-layout":"default","ast-global-header-display":"","ast-main-header-display":"","ast-hfb-above-header-display":"","ast-hfb-below-header-display":"","ast-hfb-mobile-header-display":"","site-post-title":"","ast-breadcrumbs-content":"","ast-featured-img":"","footer-sml-layout":"","theme-transparent-header-meta":"","adv-header-id-meta":"","stick-header-meta":"","header-above-stick-meta":"","header-main-stick-meta":"","header-below-stick-meta":""},"pwb-brand":[84],"product_cat":[33],"product_tag":[],"class_list":{"0":"post-7222","1":"product","2":"type-product","3":"status-publish","5":"pwb-brand-meyle","6":"product_cat-pyyhkijansulat","7":"desktop-align-left","8":"tablet-align-left","9":"mobile-align-left","11":"first","12":"instock","13":"product-type-external"},"brands":[{"id":84,"name":"MEYLE","slug":"meyle"}],"_links":{"self":[{"href":"https:\/\/www.autonvaraosahaku.fi\/index.php?rest_route=\/wp\/v2\/product\/7222","targetHints":{"allow":["GET"]}}],"collection":[{"href":"https:\/\/www.autonvaraosahaku.fi\/index.php?rest_route=\/wp\/v2\/product"}],"about":[{"href":"https:\/\/www.autonvaraosahaku.fi\/index.php?rest_route=\/wp\/v2\/types\/product"}],"wp:attachment":[{"href":"https:\/\/www.autonvaraosahaku.fi\/index.php?rest_route=%2Fwp%2Fv2%2Fmedia&parent=7222"}],"wp:term":[{"taxonomy":"pwb-brand","embeddable":true,"href":"https:\/\/www.autonvaraosahaku.fi\/index.php?rest_route=%2Fwp%2Fv2%2Fpwb-brand&post=7222"},{"taxonomy":"product_cat","embeddable":true,"href":"https:\/\/www.autonvaraosahaku.fi\/index.php?rest_route=%2Fwp%2Fv2%2Fproduct_cat&post=7222"},{"taxonomy":"product_tag","embeddable":true,"href":"https:\/\/www.autonvaraosahaku.fi\/index.php?rest_route=%2Fwp%2Fv2%2Fproduct_tag&post=7222"}],"curies":[{"name":"wp","href":"https:\/\/api.w.org\/{rel}","templated":true}]}}