{"id":72256,"date":"2021-02-21T19:20:27","date_gmt":"2021-02-21T19:20:27","guid":{"rendered":"https:\/\/www.autonvaraosahaku.fi\/?product=textar-98031200-jarrupalojen-kulumisen-ilmaisin"},"modified":"2021-02-21T19:20:32","modified_gmt":"2021-02-21T19:20:32","slug":"textar-98031200-jarrupalojen-kulumisen-ilmaisin","status":"publish","type":"product","link":"https:\/\/www.autonvaraosahaku.fi\/?product=textar-98031200-jarrupalojen-kulumisen-ilmaisin","title":{"rendered":"TEXTAR 98031200 Jarrupalojen kulumisen ilmaisin"},"content":{"rendered":"<p>Jarrutyyppi: Levyjarru; Pituus (mm): 640; Paino [kg]: 0,032; M\u00e4\u00e4r\u00e4: 1; Pakkauspituus [cm]: 26; Pakkausleveys [cm]: 15; Pakkauskorkeus [mm]: 1; Teknisten tietojen numero: 96990 0312 0 1; Asennuspuoli: Vorderachse; BMW: 3 Touring E91,3 E90,1 E87,1 E81,3 Coupe E92,3 Cabriolet E93,1 Cabriolet E88,1 Coupe E82; 34356762252, 34356789439, 6762252, 6789439; Kulumisenilmaisin, Jarrupala<\/p>\n","protected":false},"excerpt":{"rendered":"<p>TEXTAR Jarrupalojen Kulumisen Ilmaisin 98031200 Kulumisenilmaisin, Jarrupala BMW,3 Touring E91,3 E90,1 E87,1 E81,3 Coupe E92,3 Cabriolet E93<\/p>\n","protected":false},"featured_media":0,"template":"","meta":{"site-sidebar-layout":"default","site-content-layout":"default","ast-global-header-display":"","ast-main-header-display":"","ast-hfb-above-header-display":"","ast-hfb-below-header-display":"","ast-hfb-mobile-header-display":"","site-post-title":"","ast-breadcrumbs-content":"","ast-featured-img":"","footer-sml-layout":"","theme-transparent-header-meta":"","adv-header-id-meta":"","stick-header-meta":"","header-above-stick-meta":"","header-main-stick-meta":"","header-below-stick-meta":""},"pwb-brand":[288],"product_cat":[111],"product_tag":[],"class_list":{"0":"post-72256","1":"product","2":"type-product","3":"status-publish","5":"pwb-brand-textar","6":"product_cat-jarrupalojen-kulumisen-ilmaisin","7":"desktop-align-left","8":"tablet-align-left","9":"mobile-align-left","11":"first","12":"instock","13":"product-type-external"},"brands":[{"id":288,"name":"TEXTAR","slug":"textar"}],"_links":{"self":[{"href":"https:\/\/www.autonvaraosahaku.fi\/index.php?rest_route=\/wp\/v2\/product\/72256","targetHints":{"allow":["GET"]}}],"collection":[{"href":"https:\/\/www.autonvaraosahaku.fi\/index.php?rest_route=\/wp\/v2\/product"}],"about":[{"href":"https:\/\/www.autonvaraosahaku.fi\/index.php?rest_route=\/wp\/v2\/types\/product"}],"wp:attachment":[{"href":"https:\/\/www.autonvaraosahaku.fi\/index.php?rest_route=%2Fwp%2Fv2%2Fmedia&parent=72256"}],"wp:term":[{"taxonomy":"pwb-brand","embeddable":true,"href":"https:\/\/www.autonvaraosahaku.fi\/index.php?rest_route=%2Fwp%2Fv2%2Fpwb-brand&post=72256"},{"taxonomy":"product_cat","embeddable":true,"href":"https:\/\/www.autonvaraosahaku.fi\/index.php?rest_route=%2Fwp%2Fv2%2Fproduct_cat&post=72256"},{"taxonomy":"product_tag","embeddable":true,"href":"https:\/\/www.autonvaraosahaku.fi\/index.php?rest_route=%2Fwp%2Fv2%2Fproduct_tag&post=72256"}],"curies":[{"name":"wp","href":"https:\/\/api.w.org\/{rel}","templated":true}]}}